{"id":33703,"date":"2025-08-14T16:19:23","date_gmt":"2025-08-14T14:19:23","guid":{"rendered":"https:\/\/gliki.at\/?post_type=product&#038;p=33703"},"modified":"2025-08-14T16:19:23","modified_gmt":"2025-08-14T14:19:23","slug":"mean-well-rsd-30g-24-dc-dc-pretvarac","status":"publish","type":"product","link":"https:\/\/gliki.at\/de\/shop\/mean-wall-napajanja\/mean-well-rsd-30g-24-dc-dc-pretvarac\/","title":{"rendered":"Mean Well RSD 30G-24  DC\/DC pretvara\u010d"},"content":{"rendered":"<p><strong>Proizvo\u0111a\u010d:<\/strong> MEAN WELL<\/p>\n<p><strong>Tip pretvara\u010da:<\/strong> DC\/DC<\/p>\n<p><strong>Snaga:<\/strong> 30 W<\/p>\n<p><strong>Ulazni napon:<\/strong> 9\u202636 V DC<\/p>\n<p><strong>Izlazni napon:<\/strong> 24 V DC<\/p>\n<p><strong>Izlazna struja:<\/strong> 1,25 A<\/p>\n<p><strong>Monta\u017ea:<\/strong> za ugradnju<\/p>\n<p><strong>Serija proizvo\u0111a\u010da:<\/strong> RSD<\/p>\n<p><strong>Tip ku\u0107i\u0161ta:<\/strong> RSD-30<\/p>\n<p><strong>Dimenzije ku\u0107i\u0161ta:<\/strong> 113x60x25 mm<\/p>\n<p><strong>Efikasnost:<\/strong> 89%<\/p>\n<p><strong>Radna temperatura:<\/strong> -40\u202670\u00b0C<\/p>\n<p><strong>Za\u0161tita:<\/strong><\/p>\n<ul>\n<li>OCP \u2013 za\u0161tita od prekomerne struje<\/li>\n<li>OPP \u2013 za\u0161tita od prekomerne snage<\/li>\n<li>OVP \u2013 za\u0161tita od preniskog napona<\/li>\n<li>SCP \u2013 za\u0161tita od kratkog spoja<\/li>\n<li>OTP \u2013 za\u0161tita od pregrevanja<\/li>\n<li>BOP \u2013 za\u0161tita od ispadanja napona<\/li>\n<\/ul>\n<p><strong>Dodatne za\u0161tite:<\/strong> za\u0161tita od obrnutog polariteta, anti-overload OPP, anti-overvoltage OVP, za\u0161tita od pregrevanja OTP, za\u0161tita od kratkog spoja SCP<\/p>\n<p><strong>Izolacioni napon:<\/strong> 4 kV DC<\/p>\n<p><strong>Broj izlaza:<\/strong> 1<\/p>\n<p><strong>Primena:<\/strong> \u017eelezni\u010dka industrija<\/p>\n<p><strong>Standardi:<\/strong><\/p>\n<ul>\n<li>EN 45545-2<\/li>\n<li>EN 50121-3-2<\/li>\n<li>EN 50155<\/li>\n<li>IEC 60571<\/li>\n<li>IEC 61373<\/li>\n<\/ul>","protected":false},"excerpt":{"rendered":"<p>DC\/DC pretvara\u010d MEAN WELL RSD-30 snage 30 W sa izlazom 24 VDC i 1,25 A, za ugradnju u \u017eelezni\u010dke sisteme, sa visokom efikasno\u0161\u0107u i za\u0161titama od preoptere\u0107enja i kratkog spoja.<\/p>","protected":false},"featured_media":33704,"template":"","meta":[],"product_brand":[156],"product_cat":[157,158],"product_tag":[],"class_list":{"0":"post-33703","1":"product","2":"type-product","3":"status-publish","4":"has-post-thumbnail","6":"product_brand-mean-well","7":"product_cat-mean-wall-napajanja","8":"product_cat-dc-dc-pretvaraci","10":"first","11":"instock","12":"taxable","13":"shipping-taxable","14":"purchasable","15":"product-type-simple"},"_links":{"self":[{"href":"https:\/\/gliki.at\/de\/wp-json\/wp\/v2\/product\/33703","targetHints":{"allow":["GET"]}}],"collection":[{"href":"https:\/\/gliki.at\/de\/wp-json\/wp\/v2\/product"}],"about":[{"href":"https:\/\/gliki.at\/de\/wp-json\/wp\/v2\/types\/product"}],"version-history":[{"count":1,"href":"https:\/\/gliki.at\/de\/wp-json\/wp\/v2\/product\/33703\/revisions"}],"predecessor-version":[{"id":33706,"href":"https:\/\/gliki.at\/de\/wp-json\/wp\/v2\/product\/33703\/revisions\/33706"}],"wp:featuredmedia":[{"embeddable":true,"href":"https:\/\/gliki.at\/de\/wp-json\/wp\/v2\/media\/33704"}],"wp:attachment":[{"href":"https:\/\/gliki.at\/de\/wp-json\/wp\/v2\/media?parent=33703"}],"wp:term":[{"taxonomy":"product_brand","embeddable":true,"href":"https:\/\/gliki.at\/de\/wp-json\/wp\/v2\/product_brand?post=33703"},{"taxonomy":"product_cat","embeddable":true,"href":"https:\/\/gliki.at\/de\/wp-json\/wp\/v2\/product_cat?post=33703"},{"taxonomy":"product_tag","embeddable":true,"href":"https:\/\/gliki.at\/de\/wp-json\/wp\/v2\/product_tag?post=33703"}],"curies":[{"name":"wp","href":"https:\/\/api.w.org\/{rel}","templated":true}]}}