{"id":33764,"date":"2025-08-19T11:53:27","date_gmt":"2025-08-19T09:53:27","guid":{"rendered":"https:\/\/gliki.at\/?post_type=product&#038;p=33764"},"modified":"2025-08-19T11:54:08","modified_gmt":"2025-08-19T09:54:08","slug":"visenamenski-digitalni-brojac-tajmer-anly-h5da-11d","status":"publish","type":"product","link":"https:\/\/gliki.at\/de\/shop\/digitalni-tajmeri-i-brojaci\/digitalni-tajmeri\/visenamenski-digitalni-brojac-tajmer-anly-h5da-11d\/","title":{"rendered":"Vi\u0161enamenski digitalni broja\u010d \/ tajmer ANLY H5DA-11D"},"content":{"rendered":"<p>Evo prevoda:<\/p>\n<ul>\n<li>Izbor izme\u0111u funkcije broja\u010da ili tajmera<\/li>\n<li>\u201eScroll-through\u201c meni za sve parametre<\/li>\n<li>Kompatibilan sa induktivnim i fotoelektri\u010dnim senzorima<\/li>\n<li>Brz odziv \u2013 omogu\u0107ava do 10.000 impulsa u sekundi<\/li>\n<li>Mogu\u0107a promena pode\u0161ene vrednosti tokom rada<\/li>\n<li>Obezbe\u0111ena 4 nivoa za\u0161tite tastature<\/li>\n<li>3 re\u017eima rada po izboru korisnika: Brojanje unapred, Brojanje unazad i Brojanje unapred\/unazad<\/li>\n<li>Funkcija memorije dostupna<\/li>\n<li>CE sertifikovan<\/li>\n<\/ul>","protected":false},"excerpt":{"rendered":"<p>Vi\u0161enamenski digitalni broja\u010d\/tajmer sa brzim odzivom, memorijom i vi\u0161e re\u017eima rada, kompatibilan sa induktivnim i fotoelektri\u010dnim senzorima.<\/p>","protected":false},"featured_media":33765,"template":"","meta":[],"product_brand":[166],"product_cat":[165,164],"product_tag":[],"class_list":{"0":"post-33764","1":"product","2":"type-product","3":"status-publish","4":"has-post-thumbnail","6":"product_brand-anly","7":"product_cat-digitalni-tajmeri","8":"product_cat-komponente-automatizacije","10":"first","11":"instock","12":"taxable","13":"shipping-taxable","14":"purchasable","15":"product-type-simple"},"_links":{"self":[{"href":"https:\/\/gliki.at\/de\/wp-json\/wp\/v2\/product\/33764","targetHints":{"allow":["GET"]}}],"collection":[{"href":"https:\/\/gliki.at\/de\/wp-json\/wp\/v2\/product"}],"about":[{"href":"https:\/\/gliki.at\/de\/wp-json\/wp\/v2\/types\/product"}],"version-history":[{"count":2,"href":"https:\/\/gliki.at\/de\/wp-json\/wp\/v2\/product\/33764\/revisions"}],"predecessor-version":[{"id":33769,"href":"https:\/\/gliki.at\/de\/wp-json\/wp\/v2\/product\/33764\/revisions\/33769"}],"wp:featuredmedia":[{"embeddable":true,"href":"https:\/\/gliki.at\/de\/wp-json\/wp\/v2\/media\/33765"}],"wp:attachment":[{"href":"https:\/\/gliki.at\/de\/wp-json\/wp\/v2\/media?parent=33764"}],"wp:term":[{"taxonomy":"product_brand","embeddable":true,"href":"https:\/\/gliki.at\/de\/wp-json\/wp\/v2\/product_brand?post=33764"},{"taxonomy":"product_cat","embeddable":true,"href":"https:\/\/gliki.at\/de\/wp-json\/wp\/v2\/product_cat?post=33764"},{"taxonomy":"product_tag","embeddable":true,"href":"https:\/\/gliki.at\/de\/wp-json\/wp\/v2\/product_tag?post=33764"}],"curies":[{"name":"wp","href":"https:\/\/api.w.org\/{rel}","templated":true}]}}