{"id":33806,"date":"2025-08-19T12:45:02","date_gmt":"2025-08-19T10:45:02","guid":{"rendered":"https:\/\/gliki.at\/?post_type=product&#038;p=33806"},"modified":"2025-10-07T12:26:01","modified_gmt":"2025-10-07T10:26:01","slug":"dgt4-4-kanalni-transmiter-tezine","status":"publish","type":"product","link":"https:\/\/gliki.at\/de\/shop\/merne-vage-i-indikatori-tezine\/dgt4-4-kanalni-transmiter-tezine\/","title":{"rendered":"DGT4 \u2013 4-kanalni transmiter te\u017eine"},"content":{"rendered":"<p>&nbsp;<\/p>\n<p>4-kanalni pretvara\u010d te\u017eine za prenos podataka o te\u017eini na PLC putem fieldbusa, analognog izlaza ili RS485. Omogu\u0107ava o\u010ditavanje i dijagnostiku svake merne \u0107elije ili svake povezane vage (do 4).<\/p>","protected":false},"excerpt":{"rendered":"<p>4-kanalni pretvara\u010d te\u017eine \u2013 prenos podataka na PLC putem fieldbusa, analogno ili RS485, sa dijagnostikom do 4 merne \u0107elije ili vaga<\/p>","protected":false},"featured_media":33807,"template":"","meta":[],"product_brand":[],"product_cat":[224],"product_tag":[],"class_list":{"0":"post-33806","1":"product","2":"type-product","3":"status-publish","4":"has-post-thumbnail","6":"product_cat-merne-vage-i-indikatori-tezine","8":"first","9":"instock","10":"taxable","11":"shipping-taxable","12":"product-type-simple"},"_links":{"self":[{"href":"https:\/\/gliki.at\/de\/wp-json\/wp\/v2\/product\/33806","targetHints":{"allow":["GET"]}}],"collection":[{"href":"https:\/\/gliki.at\/de\/wp-json\/wp\/v2\/product"}],"about":[{"href":"https:\/\/gliki.at\/de\/wp-json\/wp\/v2\/types\/product"}],"version-history":[{"count":1,"href":"https:\/\/gliki.at\/de\/wp-json\/wp\/v2\/product\/33806\/revisions"}],"predecessor-version":[{"id":33808,"href":"https:\/\/gliki.at\/de\/wp-json\/wp\/v2\/product\/33806\/revisions\/33808"}],"wp:featuredmedia":[{"embeddable":true,"href":"https:\/\/gliki.at\/de\/wp-json\/wp\/v2\/media\/33807"}],"wp:attachment":[{"href":"https:\/\/gliki.at\/de\/wp-json\/wp\/v2\/media?parent=33806"}],"wp:term":[{"taxonomy":"product_brand","embeddable":true,"href":"https:\/\/gliki.at\/de\/wp-json\/wp\/v2\/product_brand?post=33806"},{"taxonomy":"product_cat","embeddable":true,"href":"https:\/\/gliki.at\/de\/wp-json\/wp\/v2\/product_cat?post=33806"},{"taxonomy":"product_tag","embeddable":true,"href":"https:\/\/gliki.at\/de\/wp-json\/wp\/v2\/product_tag?post=33806"}],"curies":[{"name":"wp","href":"https:\/\/api.w.org\/{rel}","templated":true}]}}