{"id":33812,"date":"2025-08-19T14:58:00","date_gmt":"2025-08-19T12:58:00","guid":{"rendered":"https:\/\/gliki.at\/?post_type=product&#038;p=33812"},"modified":"2025-10-07T12:05:23","modified_gmt":"2025-10-07T10:05:23","slug":"fatek-servo-drive-220v-impulsno-upravljanje-sc303aad10","status":"publish","type":"product","link":"https:\/\/gliki.at\/de\/shop\/servo-drive-sistemi\/sc3\/fatek-servo-drive-220v-impulsno-upravljanje-sc303aad10\/","title":{"rendered":"Fatek servo drive 220V impulsno upravljanje SC303AAD10"},"content":{"rendered":"<p data-start=\"16\" data-end=\"379\">Na osnovu <strong data-start=\"26\" data-end=\"51\">EtherCAT komunikacije<\/strong> i <strong data-start=\"54\" data-end=\"72\">Pulse kontrole<\/strong>, proizvodi iz serije <strong data-start=\"94\" data-end=\"101\">SC3<\/strong> imaju najbr\u017ei ciklus sinhronizacije od <strong data-start=\"141\" data-end=\"151\">125 \u00b5s<\/strong>, \u0161to zadovoljava zahteve za <strong data-start=\"180\" data-end=\"208\">brzu i preciznu kontrolu<\/strong>.<br data-start=\"209\" data-end=\"212\" \/>Proizvod podr\u017eava <strong data-start=\"230\" data-end=\"268\">puni opseg snage od 100 W do 15 kW<\/strong>, sposoban da ispuni razli\u010dite zahteve za snagu u razli\u010ditim aplikacijama.<br data-start=\"342\" data-end=\"345\" \/><strong data-start=\"345\" data-end=\"369\">Frekvencijski odziv:<\/strong> 3,1 kHz<\/p>\n<ul data-start=\"381\" data-end=\"476\" data-is-last-node=\"\" data-is-only-node=\"\">\n<li data-start=\"381\" data-end=\"431\">\n<p data-start=\"383\" data-end=\"431\"><strong data-start=\"383\" data-end=\"429\">Ve\u0107a odzivnost i kra\u0107e vreme stabilizacije<\/strong><\/p>\n<\/li>\n<li data-start=\"432\" data-end=\"476\" data-is-last-node=\"\">\n<p data-start=\"434\" data-end=\"476\" data-is-last-node=\"\"><strong data-start=\"434\" data-end=\"476\" data-is-last-node=\"\">Pove\u0107ava efikasnost proizvodnje ma\u0161ina<\/strong><\/p>\n<\/li>\n<li data-start=\"432\" data-end=\"476\" data-is-last-node=\"\">\n<article class=\"text-token-text-primary w-full focus:outline-none scroll-mt-[calc(var(--header-height)+min(200px,max(70px,20svh)))]\" dir=\"auto\" tabindex=\"-1\" data-turn-id=\"request-WEB:632788d5-6efd-4988-a755-b8b03f327c32-33\" data-testid=\"conversation-turn-68\" data-scroll-anchor=\"true\" data-turn=\"assistant\">\n<div class=\"text-base my-auto mx-auto pb-10 [--thread-content-margin:--spacing(4)] @[37rem]:[--thread-content-margin:--spacing(6)] @[72rem]:[--thread-content-margin:--spacing(16)] px-(--thread-content-margin)\">\n<div class=\"[--thread-content-max-width:32rem] @[34rem]:[--thread-content-max-width:40rem] @[64rem]:[--thread-content-max-width:48rem] mx-auto max-w-(--thread-content-max-width) flex-1 group\/turn-messages focus-visible:outline-hidden relative flex w-full min-w-0 flex-col agent-turn\" tabindex=\"-1\">\n<div class=\"flex max-w-full flex-col grow\">\n<div class=\"min-h-8 text-message relative flex w-full flex-col items-end gap-2 text-start break-words whitespace-normal [.text-message+&amp;]:mt-5\" dir=\"auto\" data-message-author-role=\"assistant\" data-message-id=\"3a41d070-2b5b-4201-9c88-8017ef6f3bd6\" data-message-model-slug=\"gpt-5-mini\">\n<div class=\"flex w-full flex-col gap-1 empty:hidden first:pt-[3px]\">\n<div class=\"markdown prose dark:prose-invert w-full break-words light markdown-new-styling\">\n<p data-start=\"16\" data-end=\"48\"><strong data-start=\"16\" data-end=\"46\">23-bitni apsolutni enkoder<\/strong><\/p>\n<ul data-start=\"50\" data-end=\"802\" data-is-last-node=\"\" data-is-only-node=\"\">\n<li data-start=\"50\" data-end=\"116\">\n<p data-start=\"52\" data-end=\"116\"><strong data-start=\"52\" data-end=\"82\">Rezolucija jednog obrtaja:<\/strong> do 8.388.608 impulsa po obrtaju<\/p>\n<\/li>\n<li data-start=\"117\" data-end=\"182\">\n<p data-start=\"119\" data-end=\"182\">Omogu\u0107ava <strong data-start=\"129\" data-end=\"180\">preciznije i glatkije izvo\u0111enje zadataka obrade<\/strong><\/p>\n<\/li>\n<li data-start=\"183\" data-end=\"249\">\n<p data-start=\"185\" data-end=\"249\"><strong data-start=\"185\" data-end=\"247\">Pozicija se mo\u017ee sa\u010duvati prilikom isklju\u010divanja napajanja<\/strong><\/p>\n<\/li>\n<li data-start=\"250\" data-end=\"288\">\n<p data-start=\"252\" data-end=\"288\">Dostupno i u <strong data-start=\"265\" data-end=\"286\">17-bitnoj verziji<\/strong><\/p>\n<\/li>\n<li data-start=\"289\" data-end=\"390\">\n<p data-start=\"291\" data-end=\"390\"><strong data-start=\"291\" data-end=\"327\">Funkcija automatskog pode\u0161avanja<\/strong> omogu\u0107ava lako <strong data-start=\"343\" data-end=\"361\">auto-tuniranje<\/strong> i brzo, stabilno rukovanje<\/p>\n<\/li>\n<li data-start=\"391\" data-end=\"442\">\n<p data-start=\"393\" data-end=\"442\">Nije potrebno biti ekspert za pode\u0161avanje serva<\/p>\n<\/li>\n<li data-start=\"443\" data-end=\"512\">\n<p data-start=\"445\" data-end=\"512\">\u010cak i ako se optere\u0107enje promeni tokom rada, sistem radi stabilno<\/p>\n<\/li>\n<li data-start=\"513\" data-end=\"696\">\n<p data-start=\"515\" data-end=\"696\"><strong data-start=\"515\" data-end=\"540\">Auto-Tuning algoritam<\/strong> prepoznaje promenu inercije optere\u0107enja u realnom vremenu, automatski pode\u0161ava parametre poja\u010danja i postavlja prigu\u0161ivanje vibracija i notch frekvenciju<\/p>\n<\/li>\n<li data-start=\"697\" data-end=\"802\" data-is-last-node=\"\">\n<p data-start=\"699\" data-end=\"802\" data-is-last-node=\"\"><strong data-start=\"699\" data-end=\"731\">Skrac\u0301uje ciklus debagovanja<\/strong>, pobolj\u0161ava performanse odziva sistema i efikasnost proizvodnje opreme<\/p>\n<\/li>\n<\/ul>\n<\/div>\n<\/div>\n<\/div>\n<\/div>\n<div class=\"flex min-h-[46px] justify-start\"><\/div>\n<div class=\"mt-3 w-full empty:hidden\">\n<div class=\"text-center\"><\/div>\n<\/div>\n<\/div>\n<\/div>\n<\/article>\n<div class=\"pointer-events-none h-px w-px\" aria-hidden=\"true\" data-edge=\"true\"><\/div>\n<\/li>\n<\/ul>","protected":false},"excerpt":{"rendered":"<p>Fatek SC3 serija servo drajvera pru\u017ea visoku brzinu i preciznost kontrole za razli\u010dite industrijske primene, sa podr\u0161kom za snagu od 100 W do 15 kW i EtherCAT komunikacijom.<\/p>","protected":false},"featured_media":33814,"template":"","meta":[],"product_brand":[111],"product_cat":[226,121],"product_tag":[],"class_list":{"0":"post-33812","1":"product","2":"type-product","3":"status-publish","4":"has-post-thumbnail","6":"product_brand-fatek","7":"product_cat-sc3","8":"product_cat-servo-drive-sistemi","10":"first","11":"instock","12":"taxable","13":"shipping-taxable","14":"purchasable","15":"product-type-simple"},"_links":{"self":[{"href":"https:\/\/gliki.at\/de\/wp-json\/wp\/v2\/product\/33812","targetHints":{"allow":["GET"]}}],"collection":[{"href":"https:\/\/gliki.at\/de\/wp-json\/wp\/v2\/product"}],"about":[{"href":"https:\/\/gliki.at\/de\/wp-json\/wp\/v2\/types\/product"}],"version-history":[{"count":1,"href":"https:\/\/gliki.at\/de\/wp-json\/wp\/v2\/product\/33812\/revisions"}],"predecessor-version":[{"id":33815,"href":"https:\/\/gliki.at\/de\/wp-json\/wp\/v2\/product\/33812\/revisions\/33815"}],"wp:featuredmedia":[{"embeddable":true,"href":"https:\/\/gliki.at\/de\/wp-json\/wp\/v2\/media\/33814"}],"wp:attachment":[{"href":"https:\/\/gliki.at\/de\/wp-json\/wp\/v2\/media?parent=33812"}],"wp:term":[{"taxonomy":"product_brand","embeddable":true,"href":"https:\/\/gliki.at\/de\/wp-json\/wp\/v2\/product_brand?post=33812"},{"taxonomy":"product_cat","embeddable":true,"href":"https:\/\/gliki.at\/de\/wp-json\/wp\/v2\/product_cat?post=33812"},{"taxonomy":"product_tag","embeddable":true,"href":"https:\/\/gliki.at\/de\/wp-json\/wp\/v2\/product_tag?post=33812"}],"curies":[{"name":"wp","href":"https:\/\/api.w.org\/{rel}","templated":true}]}}