{"id":33871,"date":"2025-08-20T17:43:08","date_gmt":"2025-08-20T15:43:08","guid":{"rendered":"https:\/\/gliki.at\/?post_type=product&#038;p=33871"},"modified":"2025-08-20T17:44:35","modified_gmt":"2025-08-20T15:44:35","slug":"fotek-hpr-80da-ssr-modul","status":"publish","type":"product","link":"https:\/\/gliki.at\/de\/shop\/solid-state-releji\/fotek-hpr-80da-ssr-modul\/","title":{"rendered":"Fotek HPR-80DA SSR modul"},"content":{"rendered":"<ul>\n<li data-start=\"16\" data-end=\"59\">\n<p data-start=\"18\" data-end=\"59\">Visoka dielektri\u010dna \u010dvrsto\u0107a preko 4 kV<\/p>\n<\/li>\n<li data-start=\"60\" data-end=\"112\">\n<p data-start=\"62\" data-end=\"112\">Visoka izolaciona otpornost preko 100 M\u03a9\/500 VDC<\/p>\n<\/li>\n<li data-start=\"113\" data-end=\"156\">\n<p data-start=\"115\" data-end=\"156\">Ugra\u0111ena za\u0161tita od pregrevanja (120\u00b0C)<\/p>\n<\/li>\n<li data-start=\"157\" data-end=\"194\">\n<p data-start=\"159\" data-end=\"194\">Otpornost na visoke udarne struje<\/p>\n<\/li>\n<li data-start=\"195\" data-end=\"232\">\n<p data-start=\"197\" data-end=\"232\">Otpornost na visoke udarne napone<\/p>\n<\/li>\n<li data-start=\"233\" data-end=\"285\">\n<p data-start=\"235\" data-end=\"285\">Uskla\u0111enost sa standardima EN60947-4-3 i EN60950<\/p>\n<\/li>\n<li data-start=\"45\" data-end=\"71\">\n<p data-start=\"47\" data-end=\"71\">Ulazni napon: 4~32 VDC<\/p>\n<\/li>\n<li data-start=\"72\" data-end=\"120\">\n<p data-start=\"74\" data-end=\"120\">Maksimalni nazivni izlazni napon: 24~380 VAC<\/p>\n<\/li>\n<li data-start=\"121\" data-end=\"160\">\n<p data-start=\"123\" data-end=\"160\">Maksimalna struja optere\u0107enja: 80 A<\/p>\n<\/li>\n<\/ul>","protected":false},"excerpt":{"rendered":"<p>Solid state releji do 380VAC\/80A, visoka izolacija, za\u0161tita od pregrevanja, u skladu sa EN60947-4-3 i EN60950 standardima.<\/p>","protected":false},"featured_media":33872,"template":"","meta":[],"product_brand":[169],"product_cat":[83],"product_tag":[],"class_list":{"0":"post-33871","1":"product","2":"type-product","3":"status-publish","4":"has-post-thumbnail","6":"product_brand-fotek","7":"product_cat-solid-state-releji","9":"first","10":"instock","11":"taxable","12":"shipping-taxable","13":"product-type-simple"},"_links":{"self":[{"href":"https:\/\/gliki.at\/de\/wp-json\/wp\/v2\/product\/33871","targetHints":{"allow":["GET"]}}],"collection":[{"href":"https:\/\/gliki.at\/de\/wp-json\/wp\/v2\/product"}],"about":[{"href":"https:\/\/gliki.at\/de\/wp-json\/wp\/v2\/types\/product"}],"version-history":[{"count":3,"href":"https:\/\/gliki.at\/de\/wp-json\/wp\/v2\/product\/33871\/revisions"}],"predecessor-version":[{"id":33875,"href":"https:\/\/gliki.at\/de\/wp-json\/wp\/v2\/product\/33871\/revisions\/33875"}],"wp:featuredmedia":[{"embeddable":true,"href":"https:\/\/gliki.at\/de\/wp-json\/wp\/v2\/media\/33872"}],"wp:attachment":[{"href":"https:\/\/gliki.at\/de\/wp-json\/wp\/v2\/media?parent=33871"}],"wp:term":[{"taxonomy":"product_brand","embeddable":true,"href":"https:\/\/gliki.at\/de\/wp-json\/wp\/v2\/product_brand?post=33871"},{"taxonomy":"product_cat","embeddable":true,"href":"https:\/\/gliki.at\/de\/wp-json\/wp\/v2\/product_cat?post=33871"},{"taxonomy":"product_tag","embeddable":true,"href":"https:\/\/gliki.at\/de\/wp-json\/wp\/v2\/product_tag?post=33871"}],"curies":[{"name":"wp","href":"https:\/\/api.w.org\/{rel}","templated":true}]}}