{"id":33874,"date":"2025-08-20T17:47:02","date_gmt":"2025-08-20T15:47:02","guid":{"rendered":"https:\/\/gliki.at\/?post_type=product&#038;p=33874"},"modified":"2025-08-20T17:47:02","modified_gmt":"2025-08-20T15:47:02","slug":"fotek-hpr-100da-ssr-modul","status":"publish","type":"product","link":"https:\/\/gliki.at\/de\/shop\/solid-state-releji\/fotek-hpr-100da-ssr-modul\/","title":{"rendered":"Fotek HPR-100DA SSR modul"},"content":{"rendered":"<p>Standardni tip DC\u2013AC<br \/>\nUlazni napon: 4\u201332 VDC<br \/>\nMaksimalni nazivni napon optere\u0107enja: 24\u2013380 VAC<br \/>\nMaksimalna struja optere\u0107enja: 100 A<\/p>\n<p>Visoka dielektri\u010dna \u010dvrsto\u0107a preko 4 kV<br \/>\nVisoka izolaciona otpornost preko 100 M\u03a9\/500 VDC<br \/>\nUgra\u0111eno za\u0161titno kolo od pregrevanja (120\u00b0C)<br \/>\nOtpornost na visoke udarne struje<br \/>\nOtpornost na visoke udarne napone<br \/>\nU skladu sa EN60947-4-3 i EN60950 standardima<\/p>","protected":false},"excerpt":{"rendered":"<p>Standardni DC\u2013AC SSR modul sa ulazom 4\u201332 VDC, podr\u017eava do 380 VAC i maksimalnu struju optere\u0107enja 100 A, idealan za pouzdanu industrijsku primenu.<\/p>","protected":false},"featured_media":33877,"template":"","meta":[],"product_brand":[169],"product_cat":[83],"product_tag":[],"class_list":{"0":"post-33874","1":"product","2":"type-product","3":"status-publish","4":"has-post-thumbnail","6":"product_brand-fotek","7":"product_cat-solid-state-releji","9":"first","10":"instock","11":"taxable","12":"shipping-taxable","13":"product-type-simple"},"_links":{"self":[{"href":"https:\/\/gliki.at\/de\/wp-json\/wp\/v2\/product\/33874","targetHints":{"allow":["GET"]}}],"collection":[{"href":"https:\/\/gliki.at\/de\/wp-json\/wp\/v2\/product"}],"about":[{"href":"https:\/\/gliki.at\/de\/wp-json\/wp\/v2\/types\/product"}],"version-history":[{"count":2,"href":"https:\/\/gliki.at\/de\/wp-json\/wp\/v2\/product\/33874\/revisions"}],"predecessor-version":[{"id":33879,"href":"https:\/\/gliki.at\/de\/wp-json\/wp\/v2\/product\/33874\/revisions\/33879"}],"wp:featuredmedia":[{"embeddable":true,"href":"https:\/\/gliki.at\/de\/wp-json\/wp\/v2\/media\/33877"}],"wp:attachment":[{"href":"https:\/\/gliki.at\/de\/wp-json\/wp\/v2\/media?parent=33874"}],"wp:term":[{"taxonomy":"product_brand","embeddable":true,"href":"https:\/\/gliki.at\/de\/wp-json\/wp\/v2\/product_brand?post=33874"},{"taxonomy":"product_cat","embeddable":true,"href":"https:\/\/gliki.at\/de\/wp-json\/wp\/v2\/product_cat?post=33874"},{"taxonomy":"product_tag","embeddable":true,"href":"https:\/\/gliki.at\/de\/wp-json\/wp\/v2\/product_tag?post=33874"}],"curies":[{"name":"wp","href":"https:\/\/api.w.org\/{rel}","templated":true}]}}