{"id":33880,"date":"2025-08-20T17:53:52","date_gmt":"2025-08-20T15:53:52","guid":{"rendered":"https:\/\/gliki.at\/?post_type=product&#038;p=33880"},"modified":"2025-08-20T17:55:42","modified_gmt":"2025-08-20T15:55:42","slug":"fotek-digitalni-regulator-snage-dsv-240","status":"publish","type":"product","link":"https:\/\/gliki.at\/de\/shop\/regulatori-snage\/fotek-digitalni-regulator-snage-dsv-240\/","title":{"rendered":"Fotek digitalni regulator snage DSV 240"},"content":{"rendered":"<p>Digitalni regulator snage<\/p>\n<p>Radni napon:220VAC<\/p>\n<p>Nazivna struja: 32 A max.<br \/>\nZa\u0161titni osigura\u010d: 32 A (ugra\u0111eni poluprovodni\u010dki osigura\u010d)<br \/>\nTrajanje udarne struje: 410 A \/ 1 ciklus frekvencije napajanja<br \/>\nAlarmni izlaz: 3 A \/ 250 VAC; NO\/NC promenjivo<br \/>\nHla\u0111enje ventilatorom: nema<br \/>\nMinimalni blokirani napon: 600 VAC (ponavljaju\u0107i)<\/p>\n<p>Op\u0161ti podaci<br \/>\nCurenje struje: max. 25 mA<br \/>\nOtpornost na udarne napone: preko 4 kV<br \/>\nOtpornost na elektri\u010dni \u0161um: \u00b12 kV \/ 1 \u03bcs<\/p>\n<p>Metod ulaza: 4\u201320 mA \/ 0\u201320 mA \/ 1\u20135 V \/ 2\u201310 V \/ 0\u20135 V \/ 0\u201310 V ili VR-10K \u03a9, izabrivo<br \/>\nMetod kontrole: Zero-cross kontrola ili kontrola faznog ugla, izabrivo<\/p>\n<p>Kontrola izlaza: automatski ili ru\u010dni re\u017eim, izabrivo<br \/>\nOpseg izlaza: 0\u2013100%<br \/>\nRezolucija ulaza: 0,39%<\/p>\n<p>Dielektri\u010dna \u010dvrsto\u0107a: preko 2,5 kV<br \/>\nIzolaciona otpornost: preko 100 M\u03a9 \/ 500 VDC<br \/>\nRadna temperatura: -20\u00b0C do +80\u00b0C; vla\u017enost 35\u201385% RH<br \/>\nMaterijal ku\u0107i\u0161ta: plastika PC+ABS (UL-94V0)<\/p>","protected":false},"excerpt":{"rendered":"<p>Digitalni regulator snage sa nazivnom strujom 32A, ulazom 4\u201320 mA\/0\u201310V, zero-cross ili faznom kontrolom, soft startom i za\u0161titom od pregrevanja.<\/p>","protected":false},"featured_media":33881,"template":"","meta":[],"product_brand":[169],"product_cat":[170],"product_tag":[],"class_list":{"0":"post-33880","1":"product","2":"type-product","3":"status-publish","4":"has-post-thumbnail","6":"product_brand-fotek","7":"product_cat-regulatori-snage","9":"first","10":"instock","11":"taxable","12":"shipping-taxable","13":"product-type-simple"},"_links":{"self":[{"href":"https:\/\/gliki.at\/de\/wp-json\/wp\/v2\/product\/33880","targetHints":{"allow":["GET"]}}],"collection":[{"href":"https:\/\/gliki.at\/de\/wp-json\/wp\/v2\/product"}],"about":[{"href":"https:\/\/gliki.at\/de\/wp-json\/wp\/v2\/types\/product"}],"version-history":[{"count":2,"href":"https:\/\/gliki.at\/de\/wp-json\/wp\/v2\/product\/33880\/revisions"}],"predecessor-version":[{"id":33885,"href":"https:\/\/gliki.at\/de\/wp-json\/wp\/v2\/product\/33880\/revisions\/33885"}],"wp:featuredmedia":[{"embeddable":true,"href":"https:\/\/gliki.at\/de\/wp-json\/wp\/v2\/media\/33881"}],"wp:attachment":[{"href":"https:\/\/gliki.at\/de\/wp-json\/wp\/v2\/media?parent=33880"}],"wp:term":[{"taxonomy":"product_brand","embeddable":true,"href":"https:\/\/gliki.at\/de\/wp-json\/wp\/v2\/product_brand?post=33880"},{"taxonomy":"product_cat","embeddable":true,"href":"https:\/\/gliki.at\/de\/wp-json\/wp\/v2\/product_cat?post=33880"},{"taxonomy":"product_tag","embeddable":true,"href":"https:\/\/gliki.at\/de\/wp-json\/wp\/v2\/product_tag?post=33880"}],"curies":[{"name":"wp","href":"https:\/\/api.w.org\/{rel}","templated":true}]}}