{"id":33892,"date":"2025-08-20T18:05:13","date_gmt":"2025-08-20T16:05:13","guid":{"rendered":"https:\/\/gliki.at\/?post_type=product&#038;p=33892"},"modified":"2025-08-20T18:05:13","modified_gmt":"2025-08-20T16:05:13","slug":"fotek-tsc-340-digitalni-regulator-snage","status":"publish","type":"product","link":"https:\/\/gliki.at\/de\/shop\/regulatori-snage\/fotek-tsc-340-digitalni-regulator-snage\/","title":{"rendered":"Fotek TSC 340 digitalni regulator snage"},"content":{"rendered":"<p>Tip tri faze, tri \u017eice<br \/>\nMaksimalni nazivni napon optere\u0107enja: 180\u2013440 VAC 50\/60 Hz<br \/>\nNazivna struja: maksimalno 40 A<br \/>\nZa\u0161titni osigura\u010d: 40 A \u00d7 1<\/p>\n<ul>\n<li>Visoka pouzdanost \/ potpuna funkcionalnost \/ potpuna digitalizacija \/ potpuna standardizacija<\/li>\n<li>Izbor vi\u0161e tipova ulaza<\/li>\n<li>Vi\u0161edijalo\u0161ka alarmna funkcija<\/li>\n<li>Detekcija kvara ventilatora za hla\u0111enje<\/li>\n<li>Izbor automatskog ili ru\u010dnog izlaza<\/li>\n<li>Podesive gornja i donja granica izlaza<\/li>\n<li>Podesivo vreme soft starta \/ kick starta<\/li>\n<li>Automatsko detektovanje frekvencije napajanja 50\/60 Hz<\/li>\n<li>Izbor kontrole po zero-cross ili faznoj kontroli<\/li>\n<\/ul>","protected":false},"excerpt":{"rendered":"<p>Tri-fazni DC\u2013AC SSR modul, 180\u2013440 VAC, max. struja 40 A, sa za\u0161titnim osigura\u010dem, pouzdan za industrijsku primenu.<\/p>","protected":false},"featured_media":33893,"template":"","meta":[],"product_brand":[169],"product_cat":[170],"product_tag":[],"class_list":{"0":"post-33892","1":"product","2":"type-product","3":"status-publish","4":"has-post-thumbnail","6":"product_brand-fotek","7":"product_cat-regulatori-snage","9":"first","10":"instock","11":"taxable","12":"shipping-taxable","13":"product-type-simple"},"_links":{"self":[{"href":"https:\/\/gliki.at\/de\/wp-json\/wp\/v2\/product\/33892","targetHints":{"allow":["GET"]}}],"collection":[{"href":"https:\/\/gliki.at\/de\/wp-json\/wp\/v2\/product"}],"about":[{"href":"https:\/\/gliki.at\/de\/wp-json\/wp\/v2\/types\/product"}],"version-history":[{"count":2,"href":"https:\/\/gliki.at\/de\/wp-json\/wp\/v2\/product\/33892\/revisions"}],"predecessor-version":[{"id":33895,"href":"https:\/\/gliki.at\/de\/wp-json\/wp\/v2\/product\/33892\/revisions\/33895"}],"wp:featuredmedia":[{"embeddable":true,"href":"https:\/\/gliki.at\/de\/wp-json\/wp\/v2\/media\/33893"}],"wp:attachment":[{"href":"https:\/\/gliki.at\/de\/wp-json\/wp\/v2\/media?parent=33892"}],"wp:term":[{"taxonomy":"product_brand","embeddable":true,"href":"https:\/\/gliki.at\/de\/wp-json\/wp\/v2\/product_brand?post=33892"},{"taxonomy":"product_cat","embeddable":true,"href":"https:\/\/gliki.at\/de\/wp-json\/wp\/v2\/product_cat?post=33892"},{"taxonomy":"product_tag","embeddable":true,"href":"https:\/\/gliki.at\/de\/wp-json\/wp\/v2\/product_tag?post=33892"}],"curies":[{"name":"wp","href":"https:\/\/api.w.org\/{rel}","templated":true}]}}