{"id":33896,"date":"2025-08-20T18:07:35","date_gmt":"2025-08-20T16:07:35","guid":{"rendered":"https:\/\/gliki.at\/?post_type=product&#038;p=33896"},"modified":"2025-08-20T18:07:35","modified_gmt":"2025-08-20T16:07:35","slug":"fotek-ssr-75da-jednofazni-sold-state-modul-ssr","status":"publish","type":"product","link":"https:\/\/gliki.at\/de\/shop\/solid-state-releji\/fotek-ssr-75da-jednofazni-sold-state-modul-ssr\/","title":{"rendered":"Fotek SSR-75DA  jednofazni sold state modul (ssr)"},"content":{"rendered":"<p>Standardni tip DC\u2013AC<br \/>\nUlazni napon: 4\u201332 VDC<br \/>\nMaksimalni nazivni napon optere\u0107enja: 24\u2013380 VAC<br \/>\nMaksimalna struja optere\u0107enja: 75 A<\/p>\n<ul>\n<li>Visoka dielektri\u010dna \u010dvrsto\u0107a preko 4 kV<\/li>\n<li>Visoka izolaciona otpornost preko 100 M\u03a9 \/ 500 VDC<\/li>\n<li>Ugra\u0111eno za\u0161titno kolo od pregrevanja (120\u00b0C)<\/li>\n<li>Otpornost na visoke udarne struje<\/li>\n<li>Otpornost na visoke udarne napone<\/li>\n<li>U skladu sa standardima EN60947-4-3 i EN60950<\/li>\n<\/ul>","protected":false},"excerpt":{"rendered":"<p>Standardni DC\u2013AC SSR modul sa ulazom 4\u201332 VDC, izlazom 24\u2013380 VAC, maksimalnom strujom 75 A, visokom dielektri\u010dnom i izolacionom \u010dvrsto\u0107om i za\u0161titom od pregrevanja.<\/p>","protected":false},"featured_media":33897,"template":"","meta":[],"product_brand":[169],"product_cat":[83],"product_tag":[],"class_list":{"0":"post-33896","1":"product","2":"type-product","3":"status-publish","4":"has-post-thumbnail","6":"product_brand-fotek","7":"product_cat-solid-state-releji","9":"first","10":"instock","11":"taxable","12":"shipping-taxable","13":"product-type-simple"},"_links":{"self":[{"href":"https:\/\/gliki.at\/de\/wp-json\/wp\/v2\/product\/33896","targetHints":{"allow":["GET"]}}],"collection":[{"href":"https:\/\/gliki.at\/de\/wp-json\/wp\/v2\/product"}],"about":[{"href":"https:\/\/gliki.at\/de\/wp-json\/wp\/v2\/types\/product"}],"version-history":[{"count":2,"href":"https:\/\/gliki.at\/de\/wp-json\/wp\/v2\/product\/33896\/revisions"}],"predecessor-version":[{"id":33899,"href":"https:\/\/gliki.at\/de\/wp-json\/wp\/v2\/product\/33896\/revisions\/33899"}],"wp:featuredmedia":[{"embeddable":true,"href":"https:\/\/gliki.at\/de\/wp-json\/wp\/v2\/media\/33897"}],"wp:attachment":[{"href":"https:\/\/gliki.at\/de\/wp-json\/wp\/v2\/media?parent=33896"}],"wp:term":[{"taxonomy":"product_brand","embeddable":true,"href":"https:\/\/gliki.at\/de\/wp-json\/wp\/v2\/product_brand?post=33896"},{"taxonomy":"product_cat","embeddable":true,"href":"https:\/\/gliki.at\/de\/wp-json\/wp\/v2\/product_cat?post=33896"},{"taxonomy":"product_tag","embeddable":true,"href":"https:\/\/gliki.at\/de\/wp-json\/wp\/v2\/product_tag?post=33896"}],"curies":[{"name":"wp","href":"https:\/\/api.w.org\/{rel}","templated":true}]}}