{"id":33900,"date":"2025-08-20T18:11:54","date_gmt":"2025-08-20T16:11:54","guid":{"rendered":"https:\/\/gliki.at\/?post_type=product&#038;p=33900"},"modified":"2025-08-20T18:11:54","modified_gmt":"2025-08-20T16:11:54","slug":"fotek-esr-80da-h-trofazni-solid-state-modul-ssr","status":"publish","type":"product","link":"https:\/\/gliki.at\/de\/shop\/solid-state-releji\/fotek-esr-80da-h-trofazni-solid-state-modul-ssr\/","title":{"rendered":"Fotek ESR 80DA-H+ trofazni solid state modul (ssr)"},"content":{"rendered":"<p>Visokonaponski tip DC\u2013AC (sa osigura\u010dem, hladnjakom i ventilatorom)<br \/>\nUlazni napon: 4\u201332 VDC<br \/>\nMaksimalni nazivni napon optere\u0107enja: 90\u2013480 VAC<br \/>\nMaksimalna struja optere\u0107enja: 80 A<\/p>\n<ul>\n<li>Visoka dielektri\u010dna \u010dvrsto\u0107a preko 4 kV<\/li>\n<li>Visoka izolaciona otpornost preko 100 M\u03a9 \/ 500 VDC<\/li>\n<li>Ugra\u0111eno za\u0161titno kolo od pregrevanja (120\u00b0C)<\/li>\n<li>Otpornost na visoke udarne struje<\/li>\n<li>Otpornost na visoke udarne napone<\/li>\n<li>U skladu sa standardima EN60947-4-3 i EN60950<\/li>\n<\/ul>","protected":false},"excerpt":{"rendered":"<p>Visokonaponski DC\u2013AC SSR modul sa ulazom 4\u201332 VDC, izlazom 90\u2013480 VAC i maksimalnom strujom 80 A, sa osigura\u010dem, hladnjakom i ventilatorom, pouzdan za industrijsku primenu.<\/p>","protected":false},"featured_media":33901,"template":"","meta":[],"product_brand":[169],"product_cat":[83],"product_tag":[],"class_list":{"0":"post-33900","1":"product","2":"type-product","3":"status-publish","4":"has-post-thumbnail","6":"product_brand-fotek","7":"product_cat-solid-state-releji","9":"first","10":"instock","11":"taxable","12":"shipping-taxable","13":"product-type-simple"},"_links":{"self":[{"href":"https:\/\/gliki.at\/de\/wp-json\/wp\/v2\/product\/33900","targetHints":{"allow":["GET"]}}],"collection":[{"href":"https:\/\/gliki.at\/de\/wp-json\/wp\/v2\/product"}],"about":[{"href":"https:\/\/gliki.at\/de\/wp-json\/wp\/v2\/types\/product"}],"version-history":[{"count":1,"href":"https:\/\/gliki.at\/de\/wp-json\/wp\/v2\/product\/33900\/revisions"}],"predecessor-version":[{"id":33902,"href":"https:\/\/gliki.at\/de\/wp-json\/wp\/v2\/product\/33900\/revisions\/33902"}],"wp:featuredmedia":[{"embeddable":true,"href":"https:\/\/gliki.at\/de\/wp-json\/wp\/v2\/media\/33901"}],"wp:attachment":[{"href":"https:\/\/gliki.at\/de\/wp-json\/wp\/v2\/media?parent=33900"}],"wp:term":[{"taxonomy":"product_brand","embeddable":true,"href":"https:\/\/gliki.at\/de\/wp-json\/wp\/v2\/product_brand?post=33900"},{"taxonomy":"product_cat","embeddable":true,"href":"https:\/\/gliki.at\/de\/wp-json\/wp\/v2\/product_cat?post=33900"},{"taxonomy":"product_tag","embeddable":true,"href":"https:\/\/gliki.at\/de\/wp-json\/wp\/v2\/product_tag?post=33900"}],"curies":[{"name":"wp","href":"https:\/\/api.w.org\/{rel}","templated":true}]}}