{"id":33923,"date":"2025-08-20T18:51:55","date_gmt":"2025-08-20T16:51:55","guid":{"rendered":"https:\/\/gliki.at\/?post_type=product&#038;p=33923"},"modified":"2025-08-21T12:11:01","modified_gmt":"2025-08-21T10:11:01","slug":"fox-tr-41-2m12-transmiter-pritiska","status":"publish","type":"product","link":"https:\/\/gliki.at\/de\/shop\/radio-komande\/fox-tr-41-2m12-transmiter-pritiska\/","title":{"rendered":"Fox TR 41.2M12 transmiter pritiska"},"content":{"rendered":"<p data-start=\"31\" data-end=\"478\"><strong data-start=\"31\" data-end=\"53\">Radna temperatura:<\/strong> -20\u00b0C \u00f7 +80\u00b0C<br data-start=\"67\" data-end=\"70\" \/><strong data-start=\"70\" data-end=\"99\">Nelinearnost + histereza:<\/strong> &lt; 1% od kraja skale na 20\u00b0C<br data-start=\"127\" data-end=\"130\" \/><strong data-start=\"130\" data-end=\"164\">Nulta termi\u010dka drift vrednost:<\/strong> &lt; 3% od kraja skale od 0\u00b0C do +70\u00b0C<br data-start=\"200\" data-end=\"203\" \/><strong data-start=\"203\" data-end=\"214\">Te\u017eina:<\/strong> 0,1 kg<br data-start=\"221\" data-end=\"224\" \/><strong data-start=\"224\" data-end=\"251\">Mehani\u010dki vek trajanja:<\/strong> 2 \u00d7 10\u2076 ciklusa na 20\u00b0C<br data-start=\"275\" data-end=\"278\" data-is-only-node=\"\" \/><strong data-start=\"278\" data-end=\"290\">Ku\u0107i\u0161te:<\/strong> ner\u0111aju\u0107i \u010delik AISI 316, sa vla\u017enim delovima od ner\u0111aju\u0107eg \u010delika AISI 316, kerami\u010dkim senzorom i NBR zaptiva\u010dem<br data-start=\"404\" data-end=\"407\" \/><strong data-start=\"407\" data-end=\"428\">Hidrauli\u010dna veza:<\/strong> spoljnja navojska sa integrisanom ISO zaptivkom<\/p>\n<p data-start=\"480\" data-end=\"512\"><strong data-start=\"480\" data-end=\"510\">Elektri\u010dne karakteristike:<\/strong><\/p>\n<ul data-start=\"513\" data-end=\"831\">\n<li data-start=\"513\" data-end=\"605\">\n<p data-start=\"515\" data-end=\"538\">Standardno napajanje:<\/p>\n<ul data-start=\"541\" data-end=\"605\">\n<li data-start=\"541\" data-end=\"572\">\n<p data-start=\"543\" data-end=\"572\">4\u201320 mA, 2-\u017ei\u010dna: 9\u201328 V DC<\/p>\n<\/li>\n<li data-start=\"575\" data-end=\"605\">\n<p data-start=\"577\" data-end=\"605\">0\u201310 V, 3-\u017ei\u010dna: 9\u201328 V DC<\/p>\n<\/li>\n<\/ul>\n<\/li>\n<li data-start=\"606\" data-end=\"656\">\n<p data-start=\"608\" data-end=\"656\">Elektri\u010dno povezivanje prema DIN43650, M2 i M3<\/p>\n<\/li>\n<li data-start=\"657\" data-end=\"704\">\n<p data-start=\"659\" data-end=\"704\">Elektri\u010dna za\u0161tita prema CEI EN 60529, IP65<\/p>\n<\/li>\n<li data-start=\"705\" data-end=\"755\">\n<p data-start=\"707\" data-end=\"755\">Elektri\u010dno povezivanje prema IEC60947-5-2, M12<\/p>\n<\/li>\n<li data-start=\"756\" data-end=\"803\">\n<p data-start=\"758\" data-end=\"803\">Elektri\u010dna za\u0161tita prema CEI EN 60529, IP67<\/p>\n<\/li>\n<li data-start=\"804\" data-end=\"831\">\n<p data-start=\"806\" data-end=\"831\">Ulazna otpornost: 100 \u03a9<\/p>\n<\/li>\n<\/ul>\n<p data-start=\"918\" data-end=\"940\"><strong data-start=\"918\" data-end=\"938\">Dostupne opcije:<\/strong><\/p>\n<ul data-start=\"941\" data-end=\"1187\">\n<li data-start=\"941\" data-end=\"970\">\n<p data-start=\"943\" data-end=\"970\">Specijalni izlazni signal<\/p>\n<\/li>\n<li data-start=\"971\" data-end=\"1005\">\n<p data-start=\"973\" data-end=\"1005\">Specijalni maksimalni pritisak<\/p>\n<\/li>\n<li data-start=\"1006\" data-end=\"1041\">\n<p data-start=\"1008\" data-end=\"1041\">Specijalna elektri\u010dna konekcija<\/p>\n<\/li>\n<li data-start=\"1042\" data-end=\"1079\">\n<p data-start=\"1044\" data-end=\"1079\">Razli\u010diti opsezi merenja pritiska<\/p>\n<\/li>\n<li data-start=\"1080\" data-end=\"1187\">\n<p data-start=\"1082\" data-end=\"1187\">TR4..\/AF izvedba sa membranom za prehrambenu industriju, korozivne te\u010dnosti i\/ili visok sadr\u017eaj \u010destica<\/p>\n<\/li>\n<\/ul>","protected":false},"excerpt":{"rendered":"<p>Transmiter pritiska sa radnom temperaturom -20\u00b0C do +80\u00b0C, precizno\u0161\u0107u &lt;1%, ku\u0107i\u0161tem od ner\u0111aju\u0107eg \u010delika, IP65\/IP67 za\u0161titom i opcijama za specijalne primene u industriji i prehrambenoj industriji.<\/p>","protected":false},"featured_media":33924,"template":"","meta":[],"product_brand":[171],"product_cat":[21],"product_tag":[],"class_list":{"0":"post-33923","1":"product","2":"type-product","3":"status-publish","4":"has-post-thumbnail","6":"product_brand-fox","7":"product_cat-radio-komande","9":"first","10":"instock","11":"taxable","12":"shipping-taxable","13":"purchasable","14":"product-type-simple"},"_links":{"self":[{"href":"https:\/\/gliki.at\/de\/wp-json\/wp\/v2\/product\/33923","targetHints":{"allow":["GET"]}}],"collection":[{"href":"https:\/\/gliki.at\/de\/wp-json\/wp\/v2\/product"}],"about":[{"href":"https:\/\/gliki.at\/de\/wp-json\/wp\/v2\/types\/product"}],"version-history":[{"count":3,"href":"https:\/\/gliki.at\/de\/wp-json\/wp\/v2\/product\/33923\/revisions"}],"predecessor-version":[{"id":33928,"href":"https:\/\/gliki.at\/de\/wp-json\/wp\/v2\/product\/33923\/revisions\/33928"}],"wp:featuredmedia":[{"embeddable":true,"href":"https:\/\/gliki.at\/de\/wp-json\/wp\/v2\/media\/33924"}],"wp:attachment":[{"href":"https:\/\/gliki.at\/de\/wp-json\/wp\/v2\/media?parent=33923"}],"wp:term":[{"taxonomy":"product_brand","embeddable":true,"href":"https:\/\/gliki.at\/de\/wp-json\/wp\/v2\/product_brand?post=33923"},{"taxonomy":"product_cat","embeddable":true,"href":"https:\/\/gliki.at\/de\/wp-json\/wp\/v2\/product_cat?post=33923"},{"taxonomy":"product_tag","embeddable":true,"href":"https:\/\/gliki.at\/de\/wp-json\/wp\/v2\/product_tag?post=33923"}],"curies":[{"name":"wp","href":"https:\/\/api.w.org\/{rel}","templated":true}]}}