{"id":34012,"date":"2025-08-21T13:41:36","date_gmt":"2025-08-21T11:41:36","guid":{"rendered":"https:\/\/gliki.at\/?post_type=product&#038;p=34012"},"modified":"2025-08-21T13:41:36","modified_gmt":"2025-08-21T11:41:36","slug":"taie-fy-900-10100-termoregulator","status":"publish","type":"product","link":"https:\/\/gliki.at\/de\/shop\/termoregulatori\/taie-fy-900-10100-termoregulator\/","title":{"rendered":"TAIE FY 900-10100 termoregulator"},"content":{"rendered":"<p>&nbsp;<\/p>\n<p>Termoregulatori su kao \u0161to i samo ime ka\u017ee regulatori \u2013 proces kontroleri koji upravljaju temperaturom. Na ulazu termoregulatora je povezana temperaturna sonda koja \u0161alje informaciju o trenutnoj temperaturi, dok je na izlazu termoregulatora povezan ure\u0111aj koji se kontroli\u0161e kao \u0161to su greja\u010di. Upro\u0161\u0107eno, na\u010din rada termoregulatora je takav da, o\u010ditava vrednost sa senzora na ulazu \u2013 aktuelna temperatura, upore\u0111uje je sa zadatom vredno\u0161\u0107u \u2013 zadata temperatura i na osnovu toga aktivira izlaz. Termoregulator je samo jedna komponenta kompletnog sistema koji je potrebno analizirati kako bi se izabrao odgovaraju\u0107i kontroler. Ono \u0161to treba uzeti u obzir prilikom odabira termoregualatora je:<\/p>\n<ul>\n<li><strong>Tip ulaznog senzora i temperaturni opseg<\/strong>\n<ul>\n<li>Dva naj\u010de\u0161\u0107a tipa temperaturnih senzora su termopar i<\/li>\n<li>otporni\u010dki senzor.<\/li>\n<\/ul>\n<\/li>\n<\/ul>\n<ul>\n<li><strong>Tip izlaznog ure\u0111aja<\/strong>\n<ul>\n<li>elektromehani\u010dki relej,<\/li>\n<li>SSR,<\/li>\n<li>analogni izlaz<\/li>\n<\/ul>\n<\/li>\n<\/ul>\n<ul>\n<li><strong>Algoritam upravljanja<\/strong>\n<ul>\n<li>on\/off,<\/li>\n<li>proporcionalni,<\/li>\n<li>PID<\/li>\n<\/ul>\n<\/li>\n<\/ul>\n<ul>\n<li><strong>Broj i tip izlaza<\/strong>\n<ul>\n<li>Grejanje,<\/li>\n<li>hla\u0111enje,<\/li>\n<li>alarm,<\/li>\n<li>grani\u010dne vrednosti<\/li>\n<li>Podr\u017eavaju najrazli\u010ditiji temperaturne sonde uklju\u010duji\u0107i termopar (eng. TC) i termootporne (eng. RTD). Za promenu ulaza izme\u0111u termopar sondi i termootporni\u010dke neophodno je podesiti ktratkospojnik. Termopar podr\u0161ka za tip K (K1, K2, K3, K4, K5, K6), tip J (J1, J2, J3, J4, J5, J6), tip R (R1, R2), tip S (S1, S2), tip B (B1), tip E (E1, E2), tip N (N1, N2), tip T (T1, T2, T3), tip W (W1, W2), tip PL (PL1, PL2), tip U (U1, U2, U3). Termootporne podr\u0161ka za tip L (L1, L2), tip JIS PT100 (JP1, JP2, JP3, JP4, JP5, JP6), tip DIN PT100 (DP1, DP2, DP3, DP4, DP5, DP6), tip JIS PT50 (JP.1, JP.2, JP.3, JP.4, JP.5, JP.6). Strujni ulaz AN1 (-10~10mV), AN2 (0~10mA), AN3 (0~20mA), AN4 (0~50mA), AN5 (10~50mA). Izlaz se mo\u017ee konfigurisati kao relejni, sa izlazom za SSR ili kao strujni 4~20mA.<\/li>\n<\/ul>\n<\/li>\n<\/ul>","protected":false},"excerpt":{"rendered":"<p>U ponudi su \u010detiri modela u zavisnosti od potreba ugradnje i sme\u0161teni su u standardna ku\u0107i\u0161ta: 48x48mm, 96x48mm, 72x72mm, 96x96mm. Displej se sastoji iz dva reda sa po \u010detiri cifara koja pokazuju PV vrednost (Process value) ili aktivna vrednost crvene boje i SV vrednost (Setting value) odnosno zadata vrednost zelene boje. U pitanju su PID kontroleri sa mogu\u0107no\u0161\u0107u autotuning-a tj. automatskog pode\u0161avanja PID parametara. Poseduje \u010detiri nivoa pode\u0161avanja. Prvi ili korisni\u010dki nivo slu\u017ei za pode\u0161avanje osnovnih vrednosti i zadavanje vrednosti temperature i alarmnih vrednosti. Drugi nivo je za pode\u0161avanje PID parametara. Tre\u0107i nivo slu\u017ei za pode\u0161avanje ulaznih parametara i grani\u010dnih vrednosti, dok je \u010detvrti za zaklju\u010davanje kontrolera.<\/p>","protected":false},"featured_media":34013,"template":"","meta":[],"product_brand":[176],"product_cat":[173],"product_tag":[],"class_list":{"0":"post-34012","1":"product","2":"type-product","3":"status-publish","4":"has-post-thumbnail","6":"product_brand-taie","7":"product_cat-termoregulatori","9":"first","10":"instock","11":"taxable","12":"shipping-taxable","13":"product-type-simple"},"_links":{"self":[{"href":"https:\/\/gliki.at\/de\/wp-json\/wp\/v2\/product\/34012","targetHints":{"allow":["GET"]}}],"collection":[{"href":"https:\/\/gliki.at\/de\/wp-json\/wp\/v2\/product"}],"about":[{"href":"https:\/\/gliki.at\/de\/wp-json\/wp\/v2\/types\/product"}],"version-history":[{"count":1,"href":"https:\/\/gliki.at\/de\/wp-json\/wp\/v2\/product\/34012\/revisions"}],"predecessor-version":[{"id":34015,"href":"https:\/\/gliki.at\/de\/wp-json\/wp\/v2\/product\/34012\/revisions\/34015"}],"wp:featuredmedia":[{"embeddable":true,"href":"https:\/\/gliki.at\/de\/wp-json\/wp\/v2\/media\/34013"}],"wp:attachment":[{"href":"https:\/\/gliki.at\/de\/wp-json\/wp\/v2\/media?parent=34012"}],"wp:term":[{"taxonomy":"product_brand","embeddable":true,"href":"https:\/\/gliki.at\/de\/wp-json\/wp\/v2\/product_brand?post=34012"},{"taxonomy":"product_cat","embeddable":true,"href":"https:\/\/gliki.at\/de\/wp-json\/wp\/v2\/product_cat?post=34012"},{"taxonomy":"product_tag","embeddable":true,"href":"https:\/\/gliki.at\/de\/wp-json\/wp\/v2\/product_tag?post=34012"}],"curies":[{"name":"wp","href":"https:\/\/api.w.org\/{rel}","templated":true}]}}