{"id":34116,"date":"2025-08-22T12:44:48","date_gmt":"2025-08-22T10:44:48","guid":{"rendered":"https:\/\/gliki.at\/?post_type=product&#038;p=34116"},"modified":"2025-08-22T12:44:48","modified_gmt":"2025-08-22T10:44:48","slug":"sipin-ssr-10dd-solid-state-modul-ssr","status":"publish","type":"product","link":"https:\/\/gliki.at\/de\/shop\/solid-state-releji\/sipin-ssr-10dd-solid-state-modul-ssr\/","title":{"rendered":"Sipin SSR -10DD solid state modul (ssr)"},"content":{"rendered":"<ul>\n<li>Visoka dielektri\u010dna \u010dvrsto\u0107a preko 4KV<\/li>\n<li>Visoka izolaciona \u010dvrsto\u0107a preko 100M\u03a9\/500VDC<\/li>\n<li>Sa za\u0161titnim krugom od pregrevanja (120\u00b0C)<\/li>\n<li>Otpornost na visoke udarne struje<\/li>\n<li>Otpornost na visoke udarne napone<\/li>\n<li>Uskla\u0111enost sa EN60947-4-3 i EN60950<\/li>\n<\/ul>","protected":false},"excerpt":{"rendered":"<p>Standardni tip DC u DC<br \/>\nUlazni napon: 4\u201332 VDC<br \/>\nMaksimalni nazivni napon optere\u0107enja: 5\u201360 VDC<br \/>\nMaksimalna struja optere\u0107enja: 10 A<\/p>","protected":false},"featured_media":34117,"template":"","meta":[],"product_brand":[178],"product_cat":[83],"product_tag":[],"class_list":{"0":"post-34116","1":"product","2":"type-product","3":"status-publish","4":"has-post-thumbnail","6":"product_brand-sipin","7":"product_cat-solid-state-releji","9":"first","10":"instock","11":"taxable","12":"shipping-taxable","13":"purchasable","14":"product-type-simple"},"_links":{"self":[{"href":"https:\/\/gliki.at\/de\/wp-json\/wp\/v2\/product\/34116","targetHints":{"allow":["GET"]}}],"collection":[{"href":"https:\/\/gliki.at\/de\/wp-json\/wp\/v2\/product"}],"about":[{"href":"https:\/\/gliki.at\/de\/wp-json\/wp\/v2\/types\/product"}],"version-history":[{"count":1,"href":"https:\/\/gliki.at\/de\/wp-json\/wp\/v2\/product\/34116\/revisions"}],"predecessor-version":[{"id":34118,"href":"https:\/\/gliki.at\/de\/wp-json\/wp\/v2\/product\/34116\/revisions\/34118"}],"wp:featuredmedia":[{"embeddable":true,"href":"https:\/\/gliki.at\/de\/wp-json\/wp\/v2\/media\/34117"}],"wp:attachment":[{"href":"https:\/\/gliki.at\/de\/wp-json\/wp\/v2\/media?parent=34116"}],"wp:term":[{"taxonomy":"product_brand","embeddable":true,"href":"https:\/\/gliki.at\/de\/wp-json\/wp\/v2\/product_brand?post=34116"},{"taxonomy":"product_cat","embeddable":true,"href":"https:\/\/gliki.at\/de\/wp-json\/wp\/v2\/product_cat?post=34116"},{"taxonomy":"product_tag","embeddable":true,"href":"https:\/\/gliki.at\/de\/wp-json\/wp\/v2\/product_tag?post=34116"}],"curies":[{"name":"wp","href":"https:\/\/api.w.org\/{rel}","templated":true}]}}