{"id":34138,"date":"2025-08-23T13:08:12","date_gmt":"2025-08-23T11:08:12","guid":{"rendered":"https:\/\/gliki.at\/?post_type=product&#038;p=34138"},"modified":"2025-08-23T13:08:12","modified_gmt":"2025-08-23T11:08:12","slug":"sipin-ssr-40da-h-solid-state-modul-ssr","status":"publish","type":"product","link":"https:\/\/gliki.at\/de\/shop\/solid-state-releji\/sipin-ssr-40da-h-solid-state-modul-ssr\/","title":{"rendered":"SIPIN SSR -40DA-H solid state modul (ssr)"},"content":{"rendered":"<p>&nbsp;<\/p>\n<ul>\n<li>Visoka dielektri\u010dna \u010dvrsto\u0107a preko 4KV<\/li>\n<li>Visoka izolaciona \u010dvrsto\u0107a preko 100M\u03a9\/500VDC<\/li>\n<li>Sa za\u0161titnim krugom od pregrevanja (120\u00b0C)<\/li>\n<li>Otpornost na visoke udarne struje<\/li>\n<li>Otpornost na visoke udarne napone<\/li>\n<li>Uskla\u0111enost sa EN60947-4-3 i EN60950<\/li>\n<\/ul>","protected":false},"excerpt":{"rendered":"<p>Visokonaponski tip \u2013 DC na AC<br \/>\nUlazni napon: 4 do 32 VDC<br \/>\nMaksimalni nazivni napon optere\u0107enja: 90 do 480 VAC<br \/>\nMaksimalna struja optere\u0107enja: 40 A<\/p>","protected":false},"featured_media":34139,"template":"","meta":[],"product_brand":[178],"product_cat":[83],"product_tag":[],"class_list":{"0":"post-34138","1":"product","2":"type-product","3":"status-publish","4":"has-post-thumbnail","6":"product_brand-sipin","7":"product_cat-solid-state-releji","9":"first","10":"instock","11":"taxable","12":"shipping-taxable","13":"purchasable","14":"product-type-simple"},"_links":{"self":[{"href":"https:\/\/gliki.at\/de\/wp-json\/wp\/v2\/product\/34138","targetHints":{"allow":["GET"]}}],"collection":[{"href":"https:\/\/gliki.at\/de\/wp-json\/wp\/v2\/product"}],"about":[{"href":"https:\/\/gliki.at\/de\/wp-json\/wp\/v2\/types\/product"}],"version-history":[{"count":1,"href":"https:\/\/gliki.at\/de\/wp-json\/wp\/v2\/product\/34138\/revisions"}],"predecessor-version":[{"id":34140,"href":"https:\/\/gliki.at\/de\/wp-json\/wp\/v2\/product\/34138\/revisions\/34140"}],"wp:featuredmedia":[{"embeddable":true,"href":"https:\/\/gliki.at\/de\/wp-json\/wp\/v2\/media\/34139"}],"wp:attachment":[{"href":"https:\/\/gliki.at\/de\/wp-json\/wp\/v2\/media?parent=34138"}],"wp:term":[{"taxonomy":"product_brand","embeddable":true,"href":"https:\/\/gliki.at\/de\/wp-json\/wp\/v2\/product_brand?post=34138"},{"taxonomy":"product_cat","embeddable":true,"href":"https:\/\/gliki.at\/de\/wp-json\/wp\/v2\/product_cat?post=34138"},{"taxonomy":"product_tag","embeddable":true,"href":"https:\/\/gliki.at\/de\/wp-json\/wp\/v2\/product_tag?post=34138"}],"curies":[{"name":"wp","href":"https:\/\/api.w.org\/{rel}","templated":true}]}}