{"id":34150,"date":"2025-09-08T12:28:19","date_gmt":"2025-09-08T10:28:19","guid":{"rendered":"https:\/\/gliki.at\/?post_type=product&#038;p=34150"},"modified":"2025-09-08T12:28:19","modified_gmt":"2025-09-08T10:28:19","slug":"mean-well-ddr-30g-24-dc-dc-pretvarac","status":"publish","type":"product","link":"https:\/\/gliki.at\/de\/shop\/mean-wall-napajanja\/mean-well-ddr-30g-24-dc-dc-pretvarac\/","title":{"rendered":"Mean Well DDR-30G-24 DC-DC pretvara\u010d"},"content":{"rendered":"<dl class=\"data-sheet\">\n<dt class=\"name\">Proizvod<\/dt>\n<dd class=\"value\">DC-DC pretvara\u010di<\/dd>\n<dt class=\"name\">Snaga (W)<\/dt>\n<dd class=\"value\">30<\/dd>\n<dt class=\"name\">Ulazni napon (VDC)<\/dt>\n<dd class=\"value\">Do 20<br \/>\nOd 20 do 40<\/dd>\n<dt class=\"name\">Broj izlaza<\/dt>\n<dd class=\"value\">1<\/dd>\n<dt class=\"name\">Izlaz1<\/dt>\n<dd class=\"value\">24VDC 0-1.25A<\/dd>\n<dt class=\"name\">Ku\u0107i\u0161te<\/dt>\n<dd class=\"value\">Za DIN letvu<\/dd>\n<dt class=\"name\">Hla\u0111enje<\/dt>\n<dd class=\"value\">Pasivno<\/dd>\n<dt class=\"name\">Ulazni napon<\/dt>\n<dd class=\"value\">9-36VDC<\/dd>\n<dt class=\"name\">Izlazni napon (VDC)<\/dt>\n<dd class=\"value\">Od 20 do 30<\/dd>\n<dt class=\"name\">Stabilisan izlazni napon (VDC)<\/dt>\n<dd class=\"value\">24<\/dd>\n<dt class=\"name\">Izlazna struja (A)<\/dt>\n<dd class=\"value\">Do 5<\/dd>\n<\/dl>","protected":false},"excerpt":{"rendered":"<p>DC-DC pretvara\u010d snage 30 W sa jednim izlazom 24VDC \/ 1.25A. Radi u \u0161irokom ulaznom opsegu od 9\u201336VDC i obezbe\u0111uje stabilisan izlazni napon od 24VDC. Ku\u0107i\u0161te za DIN letvu i pasivno hla\u0111enje \u010dine ga pouzdanim re\u0161enjem za industrijske i sigurnosne sisteme.<\/p>","protected":false},"featured_media":34154,"template":"","meta":[],"product_brand":[156],"product_cat":[157,158],"product_tag":[],"class_list":{"0":"post-34150","1":"product","2":"type-product","3":"status-publish","4":"has-post-thumbnail","6":"product_brand-mean-well","7":"product_cat-mean-wall-napajanja","8":"product_cat-dc-dc-pretvaraci","10":"first","11":"instock","12":"taxable","13":"shipping-taxable","14":"purchasable","15":"product-type-simple"},"_links":{"self":[{"href":"https:\/\/gliki.at\/de\/wp-json\/wp\/v2\/product\/34150","targetHints":{"allow":["GET"]}}],"collection":[{"href":"https:\/\/gliki.at\/de\/wp-json\/wp\/v2\/product"}],"about":[{"href":"https:\/\/gliki.at\/de\/wp-json\/wp\/v2\/types\/product"}],"version-history":[{"count":1,"href":"https:\/\/gliki.at\/de\/wp-json\/wp\/v2\/product\/34150\/revisions"}],"predecessor-version":[{"id":34156,"href":"https:\/\/gliki.at\/de\/wp-json\/wp\/v2\/product\/34150\/revisions\/34156"}],"wp:featuredmedia":[{"embeddable":true,"href":"https:\/\/gliki.at\/de\/wp-json\/wp\/v2\/media\/34154"}],"wp:attachment":[{"href":"https:\/\/gliki.at\/de\/wp-json\/wp\/v2\/media?parent=34150"}],"wp:term":[{"taxonomy":"product_brand","embeddable":true,"href":"https:\/\/gliki.at\/de\/wp-json\/wp\/v2\/product_brand?post=34150"},{"taxonomy":"product_cat","embeddable":true,"href":"https:\/\/gliki.at\/de\/wp-json\/wp\/v2\/product_cat?post=34150"},{"taxonomy":"product_tag","embeddable":true,"href":"https:\/\/gliki.at\/de\/wp-json\/wp\/v2\/product_tag?post=34150"}],"curies":[{"name":"wp","href":"https:\/\/api.w.org\/{rel}","templated":true}]}}