{"id":34162,"date":"2025-09-08T13:14:50","date_gmt":"2025-09-08T11:14:50","guid":{"rendered":"https:\/\/gliki.at\/?post_type=product&#038;p=34162"},"modified":"2025-09-08T13:14:50","modified_gmt":"2025-09-08T11:14:50","slug":"mean-well-drc-100a-napajanje-za-sigurnosne-sisteme","status":"publish","type":"product","link":"https:\/\/gliki.at\/de\/shop\/mean-wall-napajanja\/mean-well-drc-100a-napajanje-za-sigurnosne-sisteme\/","title":{"rendered":"Mean Well DRC-100A napajanje za sigurnosne sisteme"},"content":{"rendered":"<dl class=\"data-sheet\">\n<dt class=\"name\">Proizvod<\/dt>\n<dd class=\"value\">Napajanja za sigurnosne sisteme<\/dd>\n<dt class=\"name\">Snaga (W)<\/dt>\n<dd class=\"value\">96.6<\/dd>\n<dt class=\"name\">Broj izlaza<\/dt>\n<dd class=\"value\">2<\/dd>\n<dt class=\"name\">Izlaz1<\/dt>\n<dd class=\"value\">13.8VDC 0-7.0A<\/dd>\n<dt class=\"name\">Ku\u0107i\u0161te<\/dt>\n<dd class=\"value\">Za DIN letvu<\/dd>\n<dt class=\"name\">Hla\u0111enje<\/dt>\n<dd class=\"value\">Pasivno<\/dd>\n<dt class=\"name\">Ulazni napon<\/dt>\n<dd class=\"value\">90-264VAC<\/dd>\n<dt class=\"name\">Izlazni napon (VDC)<\/dt>\n<dd class=\"value\">Od 10 do 20<\/dd>\n<dt class=\"name\">Stabilisan izlazni napon (VDC)<\/dt>\n<dd class=\"value\">13.8<\/dd>\n<dt class=\"name\">Izlazna struja (A)<\/dt>\n<dd class=\"value\">Do 5<br \/>\nOd 5 do 10<\/dd>\n<dt class=\"name\">Ulazni napon (VAC)<\/dt>\n<dd class=\"value\">Do 130<br \/>\nNad 250<br \/>\nOd 130 do 250<\/dd>\n<dt class=\"name\">Izlaz2<\/dt>\n<dd class=\"value\">13.8VDC 0-2.5A<\/dd>\n<\/dl>","protected":false},"excerpt":{"rendered":"<p>Napajanje za sigurnosne sisteme snage 96,6 W sa dva izlaza \u2013 13.8VDC 0\u20137A i 13.8VDC 0\u20132.5A. Stabilisan izlazni napon od 13.8VDC i \u0161irok ulazni opseg 90\u2013264VAC. Ku\u0107i\u0161te za DIN letvu i pasivno hla\u0111enje \u010dine ga pouzdanim re\u0161enjem za industrijske i sigurnosne aplikacije.<\/p>","protected":false},"featured_media":34163,"template":"","meta":[],"product_brand":[156],"product_cat":[157,163],"product_tag":[],"class_list":{"0":"post-34162","1":"product","2":"type-product","3":"status-publish","4":"has-post-thumbnail","6":"product_brand-mean-well","7":"product_cat-mean-wall-napajanja","8":"product_cat-napajanja-za-sigurnosne-sisteme","10":"first","11":"instock","12":"taxable","13":"shipping-taxable","14":"purchasable","15":"product-type-simple"},"_links":{"self":[{"href":"https:\/\/gliki.at\/de\/wp-json\/wp\/v2\/product\/34162","targetHints":{"allow":["GET"]}}],"collection":[{"href":"https:\/\/gliki.at\/de\/wp-json\/wp\/v2\/product"}],"about":[{"href":"https:\/\/gliki.at\/de\/wp-json\/wp\/v2\/types\/product"}],"version-history":[{"count":1,"href":"https:\/\/gliki.at\/de\/wp-json\/wp\/v2\/product\/34162\/revisions"}],"predecessor-version":[{"id":34166,"href":"https:\/\/gliki.at\/de\/wp-json\/wp\/v2\/product\/34162\/revisions\/34166"}],"wp:featuredmedia":[{"embeddable":true,"href":"https:\/\/gliki.at\/de\/wp-json\/wp\/v2\/media\/34163"}],"wp:attachment":[{"href":"https:\/\/gliki.at\/de\/wp-json\/wp\/v2\/media?parent=34162"}],"wp:term":[{"taxonomy":"product_brand","embeddable":true,"href":"https:\/\/gliki.at\/de\/wp-json\/wp\/v2\/product_brand?post=34162"},{"taxonomy":"product_cat","embeddable":true,"href":"https:\/\/gliki.at\/de\/wp-json\/wp\/v2\/product_cat?post=34162"},{"taxonomy":"product_tag","embeddable":true,"href":"https:\/\/gliki.at\/de\/wp-json\/wp\/v2\/product_tag?post=34162"}],"curies":[{"name":"wp","href":"https:\/\/api.w.org\/{rel}","templated":true}]}}