{"id":34167,"date":"2025-09-08T13:18:11","date_gmt":"2025-09-08T11:18:11","guid":{"rendered":"https:\/\/gliki.at\/?post_type=product&#038;p=34167"},"modified":"2025-09-08T13:18:11","modified_gmt":"2025-09-08T11:18:11","slug":"mean-well-drc-100b-napajanje-za-sigurnosne-sisteme","status":"publish","type":"product","link":"https:\/\/gliki.at\/de\/shop\/mean-wall-napajanja\/mean-well-drc-100b-napajanje-za-sigurnosne-sisteme\/","title":{"rendered":"Mean Well DRC-100B napajanje za sigurnosne sisteme"},"content":{"rendered":"<dl class=\"data-sheet\">\n<dt class=\"name\">Proizvod<\/dt>\n<dd class=\"value\">Napajanja za sigurnosne sisteme<\/dd>\n<dt class=\"name\">Snaga (W)<\/dt>\n<dd class=\"value\">96.6<\/dd>\n<dt class=\"name\">Broj izlaza<\/dt>\n<dd class=\"value\">2<\/dd>\n<dt class=\"name\">Izlaz1<\/dt>\n<dd class=\"value\">27.6VDC 0-3.5A<\/dd>\n<dt class=\"name\">Ku\u0107i\u0161te<\/dt>\n<dd class=\"value\">Za DIN letvu<\/dd>\n<dt class=\"name\">Hla\u0111enje<\/dt>\n<dd class=\"value\">Pasivno<\/dd>\n<dt class=\"name\">Ulazni napon<\/dt>\n<dd class=\"value\">90-264VAC<\/dd>\n<dt class=\"name\">Izlazni napon (VDC)<\/dt>\n<dd class=\"value\">Od 20 do 30<\/dd>\n<dt class=\"name\">Stabilisan izlazni napon (VDC)<\/dt>\n<dd class=\"value\">27.6<\/dd>\n<dt class=\"name\">Izlazna struja (A)<\/dt>\n<dd class=\"value\">Do 5<\/dd>\n<dt class=\"name\">Ulazni napon (VAC)<\/dt>\n<dd class=\"value\">Do 130<br \/>\nNad 250<br \/>\nOd 130 do 250<\/dd>\n<dt class=\"name\">Izlaz2<\/dt>\n<dd class=\"value\">27.6VDC 0-1.25A<\/dd>\n<\/dl>","protected":false},"excerpt":{"rendered":"<article class=\"text-token-text-primary w-full focus:outline-none scroll-mt-[calc(var(--header-height)+min(200px,max(70px,20svh)))]\" dir=\"auto\" tabindex=\"-1\" data-turn-id=\"request-WEB:59431f92-bef5-4dcf-ac28-a0eab75f7ab2-4\" data-testid=\"conversation-turn-10\" data-scroll-anchor=\"true\" data-turn=\"assistant\">\n<div class=\"text-base my-auto mx-auto pb-10 [--thread-content-margin:--spacing(4)] thread-sm:[--thread-content-margin:--spacing(6)] thread-lg:[--thread-content-margin:--spacing(16)] px-(--thread-content-margin)\">\n<div class=\"[--thread-content-max-width:40rem] thread-sm:[--thread-content-max-width:40rem] thread-lg:[--thread-content-max-width:48rem] mx-auto max-w-(--thread-content-max-width) flex-1 group\/turn-messages focus-visible:outline-hidden relative flex w-full min-w-0 flex-col agent-turn\" tabindex=\"-1\">\n<div class=\"flex max-w-full flex-col grow\">\n<div class=\"min-h-8 text-message relative flex w-full flex-col items-end gap-2 text-start break-words whitespace-normal [.text-message+&amp;]:mt-5\" dir=\"auto\" data-message-author-role=\"assistant\" data-message-id=\"67402c8e-3aea-4587-81cf-78bb1ffd08e7\" data-message-model-slug=\"gpt-5-mini\">\n<div class=\"flex w-full flex-col gap-1 empty:hidden first:pt-[3px]\">\n<div class=\"markdown prose dark:prose-invert w-full break-words light markdown-new-styling\">\n<p data-start=\"0\" data-end=\"293\" data-is-last-node=\"\" data-is-only-node=\"\">Napajanje za sigurnosne sisteme snage 96,6 W sa dva izlaza \u2013 27.6VDC 0\u20133.5A i 27.6VDC 0\u20131.25A. Stabilisan izlazni napon od 27.6VDC i \u0161irok ulazni opseg 90\u2013264VAC. Ku\u0107i\u0161te za DIN letvu i pasivno hla\u0111enje \u010dine ga pouzdanim re\u0161enjem za industrijske i sigurnosne aplikacije.<\/p>\n<\/div>\n<\/div>\n<\/div>\n<\/div>\n<\/div>\n<\/div>\n<\/article>","protected":false},"featured_media":34168,"template":"","meta":[],"product_brand":[156],"product_cat":[157,163],"product_tag":[],"class_list":{"0":"post-34167","1":"product","2":"type-product","3":"status-publish","4":"has-post-thumbnail","6":"product_brand-mean-well","7":"product_cat-mean-wall-napajanja","8":"product_cat-napajanja-za-sigurnosne-sisteme","10":"first","11":"instock","12":"taxable","13":"shipping-taxable","14":"purchasable","15":"product-type-simple"},"_links":{"self":[{"href":"https:\/\/gliki.at\/de\/wp-json\/wp\/v2\/product\/34167","targetHints":{"allow":["GET"]}}],"collection":[{"href":"https:\/\/gliki.at\/de\/wp-json\/wp\/v2\/product"}],"about":[{"href":"https:\/\/gliki.at\/de\/wp-json\/wp\/v2\/types\/product"}],"version-history":[{"count":1,"href":"https:\/\/gliki.at\/de\/wp-json\/wp\/v2\/product\/34167\/revisions"}],"predecessor-version":[{"id":34171,"href":"https:\/\/gliki.at\/de\/wp-json\/wp\/v2\/product\/34167\/revisions\/34171"}],"wp:featuredmedia":[{"embeddable":true,"href":"https:\/\/gliki.at\/de\/wp-json\/wp\/v2\/media\/34168"}],"wp:attachment":[{"href":"https:\/\/gliki.at\/de\/wp-json\/wp\/v2\/media?parent=34167"}],"wp:term":[{"taxonomy":"product_brand","embeddable":true,"href":"https:\/\/gliki.at\/de\/wp-json\/wp\/v2\/product_brand?post=34167"},{"taxonomy":"product_cat","embeddable":true,"href":"https:\/\/gliki.at\/de\/wp-json\/wp\/v2\/product_cat?post=34167"},{"taxonomy":"product_tag","embeddable":true,"href":"https:\/\/gliki.at\/de\/wp-json\/wp\/v2\/product_tag?post=34167"}],"curies":[{"name":"wp","href":"https:\/\/api.w.org\/{rel}","templated":true}]}}