{"id":34172,"date":"2025-09-08T13:20:59","date_gmt":"2025-09-08T11:20:59","guid":{"rendered":"https:\/\/gliki.at\/?post_type=product&#038;p=34172"},"modified":"2025-09-08T13:21:00","modified_gmt":"2025-09-08T11:21:00","slug":"mean-well-edr-75-12-napajanje-za-din-sinu","status":"publish","type":"product","link":"https:\/\/gliki.at\/de\/shop\/mean-wall-napajanja\/mean-well-edr-75-12-napajanje-za-din-sinu\/","title":{"rendered":"Mean Well EDR-75-12 napajanje za din \u0161inu"},"content":{"rendered":"<dl class=\"data-sheet\">\n<dt class=\"name\">Proizvod<\/dt>\n<dd class=\"value\">Napajanja za na DIN \u0161inu<\/dd>\n<dt class=\"name\">Snaga (W)<\/dt>\n<dd class=\"value\">75.6<\/dd>\n<dt class=\"name\">Broj izlaza<\/dt>\n<dd class=\"value\">1<\/dd>\n<dt class=\"name\">Izlaz1<\/dt>\n<dd class=\"value\">12VDC 0-6.3A<\/dd>\n<dt class=\"name\">Ku\u0107i\u0161te<\/dt>\n<dd class=\"value\">Za DIN letvu<\/dd>\n<dt class=\"name\">Hla\u0111enje<\/dt>\n<dd class=\"value\">Pasivno<\/dd>\n<dt class=\"name\">Ulazni napon<\/dt>\n<dd class=\"value\">90-264VAC<\/dd>\n<dt class=\"name\">Izlazni napon (VDC)<\/dt>\n<dd class=\"value\">Od 10 do 20<\/dd>\n<dt class=\"name\">Stabilisan izlazni napon (VDC)<\/dt>\n<dd class=\"value\">12<\/dd>\n<dt class=\"name\">Izlazna struja (A)<\/dt>\n<dd class=\"value\">Do 5<br \/>\nOd 5 do 10<\/dd>\n<dt class=\"name\">Ulazni napon (VAC)<\/dt>\n<dd class=\"value\">Do 130<br \/>\nNad 250<br \/>\nOd 130 do 250<\/dd>\n<\/dl>","protected":false},"excerpt":{"rendered":"<p>Napajanje za DIN \u0161inu snage 75,6 W sa jednim izlazom 12VDC \/ 6.3A. Stabilisan izlazni napon od 12VDC i \u0161irok ulazni opseg 90\u2013264VAC. Ku\u0107i\u0161te za DIN letvu i pasivno hla\u0111enje obezbe\u0111uju pouzdanu i efikasnu primenu u industrijskim i sigurnosnim sistemima.<\/p>","protected":false},"featured_media":34173,"template":"","meta":[],"product_brand":[156],"product_cat":[157,159],"product_tag":[],"class_list":{"0":"post-34172","1":"product","2":"type-product","3":"status-publish","4":"has-post-thumbnail","6":"product_brand-mean-well","7":"product_cat-mean-wall-napajanja","8":"product_cat-napajanja-za-din-sinu","10":"first","11":"instock","12":"taxable","13":"shipping-taxable","14":"purchasable","15":"product-type-simple"},"_links":{"self":[{"href":"https:\/\/gliki.at\/de\/wp-json\/wp\/v2\/product\/34172","targetHints":{"allow":["GET"]}}],"collection":[{"href":"https:\/\/gliki.at\/de\/wp-json\/wp\/v2\/product"}],"about":[{"href":"https:\/\/gliki.at\/de\/wp-json\/wp\/v2\/types\/product"}],"version-history":[{"count":1,"href":"https:\/\/gliki.at\/de\/wp-json\/wp\/v2\/product\/34172\/revisions"}],"predecessor-version":[{"id":34174,"href":"https:\/\/gliki.at\/de\/wp-json\/wp\/v2\/product\/34172\/revisions\/34174"}],"wp:featuredmedia":[{"embeddable":true,"href":"https:\/\/gliki.at\/de\/wp-json\/wp\/v2\/media\/34173"}],"wp:attachment":[{"href":"https:\/\/gliki.at\/de\/wp-json\/wp\/v2\/media?parent=34172"}],"wp:term":[{"taxonomy":"product_brand","embeddable":true,"href":"https:\/\/gliki.at\/de\/wp-json\/wp\/v2\/product_brand?post=34172"},{"taxonomy":"product_cat","embeddable":true,"href":"https:\/\/gliki.at\/de\/wp-json\/wp\/v2\/product_cat?post=34172"},{"taxonomy":"product_tag","embeddable":true,"href":"https:\/\/gliki.at\/de\/wp-json\/wp\/v2\/product_tag?post=34172"}],"curies":[{"name":"wp","href":"https:\/\/api.w.org\/{rel}","templated":true}]}}