{"id":34202,"date":"2025-09-09T15:36:59","date_gmt":"2025-09-09T13:36:59","guid":{"rendered":"https:\/\/gliki.at\/?post_type=product&#038;p=34202"},"modified":"2025-09-09T15:36:59","modified_gmt":"2025-09-09T13:36:59","slug":"mean-well-lrs-200-12-napajanje-u-kucistu","status":"publish","type":"product","link":"https:\/\/gliki.at\/de\/shop\/mean-wall-napajanja\/mean-well-lrs-200-12-napajanje-u-kucistu\/","title":{"rendered":"Mean Well LRS-200-12 napajanje u ku\u0107i\u0161tu"},"content":{"rendered":"<dl class=\"data-sheet\">\n<dt class=\"name\">Proizvod<\/dt>\n<dd class=\"value\">Napajanja u ku\u0107i\u0161tu<\/dd>\n<dt class=\"name\">Snaga (W)<\/dt>\n<dd class=\"value\">200<\/dd>\n<dt class=\"name\">Broj izlaza<\/dt>\n<dd class=\"value\">1<\/dd>\n<dt class=\"name\">Izlaz1<\/dt>\n<dd class=\"value\">12VDC 0-17A<\/dd>\n<dt class=\"name\">Ku\u0107i\u0161te<\/dt>\n<dd class=\"value\">Metalno<\/dd>\n<dt class=\"name\">Hla\u0111enje<\/dt>\n<dd class=\"value\">Pasivno<\/dd>\n<dt class=\"name\">Ulazni napon<\/dt>\n<dd class=\"value\">85-264VAC<\/dd>\n<dt class=\"name\">Izlazni napon (VDC)<\/dt>\n<dd class=\"value\">Od 10 do 20<\/dd>\n<dt class=\"name\">Stabilisan izlazni napon (VDC)<\/dt>\n<dd class=\"value\">12<\/dd>\n<dt class=\"name\">Izlazna struja (A)<\/dt>\n<dd class=\"value\">Do 5<br \/>\nOd 5 do 10<br \/>\nOd 10 do 20<\/dd>\n<dt class=\"name\">Ulazni napon (VAC)<\/dt>\n<dd class=\"value\">Do 130<br \/>\nNad 250<br \/>\nOd 130 do 250<\/dd>\n<\/dl>","protected":false},"excerpt":{"rendered":"<p>Napajanje u metalnom ku\u0107i\u0161tu snage 200 W sa jednim izlazom 12VDC \/ 17A. Stabilisan izlazni napon od 12VDC i \u0161irok ulazni opseg 85\u2013264VAC. Pasivno hla\u0111enje i izdr\u017eljivo metalno ku\u0107i\u0161te obezbe\u0111uju pouzdano i efikasno re\u0161enje za industrijske i sigurnosne sisteme.<\/p>","protected":false},"featured_media":34203,"template":"","meta":[],"product_brand":[156],"product_cat":[157,162],"product_tag":[],"class_list":{"0":"post-34202","1":"product","2":"type-product","3":"status-publish","4":"has-post-thumbnail","6":"product_brand-mean-well","7":"product_cat-mean-wall-napajanja","8":"product_cat-napajanja-u-kucistu","10":"first","11":"instock","12":"taxable","13":"shipping-taxable","14":"purchasable","15":"product-type-simple"},"_links":{"self":[{"href":"https:\/\/gliki.at\/de\/wp-json\/wp\/v2\/product\/34202","targetHints":{"allow":["GET"]}}],"collection":[{"href":"https:\/\/gliki.at\/de\/wp-json\/wp\/v2\/product"}],"about":[{"href":"https:\/\/gliki.at\/de\/wp-json\/wp\/v2\/types\/product"}],"version-history":[{"count":1,"href":"https:\/\/gliki.at\/de\/wp-json\/wp\/v2\/product\/34202\/revisions"}],"predecessor-version":[{"id":34206,"href":"https:\/\/gliki.at\/de\/wp-json\/wp\/v2\/product\/34202\/revisions\/34206"}],"wp:featuredmedia":[{"embeddable":true,"href":"https:\/\/gliki.at\/de\/wp-json\/wp\/v2\/media\/34203"}],"wp:attachment":[{"href":"https:\/\/gliki.at\/de\/wp-json\/wp\/v2\/media?parent=34202"}],"wp:term":[{"taxonomy":"product_brand","embeddable":true,"href":"https:\/\/gliki.at\/de\/wp-json\/wp\/v2\/product_brand?post=34202"},{"taxonomy":"product_cat","embeddable":true,"href":"https:\/\/gliki.at\/de\/wp-json\/wp\/v2\/product_cat?post=34202"},{"taxonomy":"product_tag","embeddable":true,"href":"https:\/\/gliki.at\/de\/wp-json\/wp\/v2\/product_tag?post=34202"}],"curies":[{"name":"wp","href":"https:\/\/api.w.org\/{rel}","templated":true}]}}