{"id":34261,"date":"2025-09-10T16:48:08","date_gmt":"2025-09-10T14:48:08","guid":{"rendered":"https:\/\/gliki.at\/?post_type=product&#038;p=34261"},"modified":"2025-09-10T16:53:42","modified_gmt":"2025-09-10T14:53:42","slug":"sonda-tsg-12-k-tip-fi22-l1500mm-tmax1200c","status":"publish","type":"product","link":"https:\/\/gliki.at\/de\/shop\/merni-instrumenti\/sonda-tsg-12-k-tip-fi22-l1500mm-tmax1200c\/","title":{"rendered":"Sonda TSG-12\/K-tip, Fi22, L1=500mm, Tmax=1200C"},"content":{"rendered":"<p>Tip Sonda sa termoparom tipa K za temperature do 1200\u00b0C<br \/>\nDu\u017eina cevi L1 300mm; 500mm; 710mm; 1000mm; 1400mm; 2000mm ili po zahtevu<br \/>\nre\u010dnik cevi \u00d822mm<br \/>\nTip senzora NiCr-NiAl (K) do 1200\u00b0C; 2 x NiCr-NiAl (K) do 1200\u00b0C<br \/>\nMaterijal X15CrNiSi2520 \/ 314 \/ 1.4841<br \/>\n(velika otpornost za sredine siroma\u0161ne kiseonikom);<br \/>\nX10CrAl24 \/ 446 \/ 1.4762<br \/>\n(velika otpornost na prisustvo sumpor dioksida)<\/p>","protected":false},"excerpt":{"rendered":"<p>Sonda sa termoparom tipa K za temperature do 1200\u00b0C, dostupna u du\u017einama od 300 mm do 2000 mm (ili po zahtevu) i pre\u010dnika cevi 22 mm. Opremljena senzorom NiCr-NiAl (K) ili 2 x NiCr-NiAl (K). Izra\u0111ena od materijala X15CrNiSi2520 \/ 1.4841 za otpornost u sredinama siroma\u0161nim kiseonikom ili X10CrAl24 \/ 1.4762 za otpornost na sumpor dioksid.<\/p>","protected":false},"featured_media":34262,"template":"","meta":[],"product_brand":[],"product_cat":[104],"product_tag":[],"class_list":{"0":"post-34261","1":"product","2":"type-product","3":"status-publish","4":"has-post-thumbnail","6":"product_cat-merni-instrumenti","8":"first","9":"instock","10":"taxable","11":"shipping-taxable","12":"purchasable","13":"product-type-simple"},"_links":{"self":[{"href":"https:\/\/gliki.at\/de\/wp-json\/wp\/v2\/product\/34261","targetHints":{"allow":["GET"]}}],"collection":[{"href":"https:\/\/gliki.at\/de\/wp-json\/wp\/v2\/product"}],"about":[{"href":"https:\/\/gliki.at\/de\/wp-json\/wp\/v2\/types\/product"}],"version-history":[{"count":3,"href":"https:\/\/gliki.at\/de\/wp-json\/wp\/v2\/product\/34261\/revisions"}],"predecessor-version":[{"id":34274,"href":"https:\/\/gliki.at\/de\/wp-json\/wp\/v2\/product\/34261\/revisions\/34274"}],"wp:featuredmedia":[{"embeddable":true,"href":"https:\/\/gliki.at\/de\/wp-json\/wp\/v2\/media\/34262"}],"wp:attachment":[{"href":"https:\/\/gliki.at\/de\/wp-json\/wp\/v2\/media?parent=34261"}],"wp:term":[{"taxonomy":"product_brand","embeddable":true,"href":"https:\/\/gliki.at\/de\/wp-json\/wp\/v2\/product_brand?post=34261"},{"taxonomy":"product_cat","embeddable":true,"href":"https:\/\/gliki.at\/de\/wp-json\/wp\/v2\/product_cat?post=34261"},{"taxonomy":"product_tag","embeddable":true,"href":"https:\/\/gliki.at\/de\/wp-json\/wp\/v2\/product_tag?post=34261"}],"curies":[{"name":"wp","href":"https:\/\/api.w.org\/{rel}","templated":true}]}}