{"id":34516,"date":"2025-10-15T11:43:27","date_gmt":"2025-10-15T09:43:27","guid":{"rendered":"https:\/\/gliki.at\/?post_type=product&#038;p=34516"},"modified":"2025-10-15T15:38:56","modified_gmt":"2025-10-15T13:38:56","slug":"datasensing-induktivni-senzor-am1-ap-3a86","status":"publish","type":"product","link":"https:\/\/gliki.at\/de\/shop\/industrijski-senzori\/induktivni\/datasensing-induktivni-senzor-am1-ap-3a86\/","title":{"rendered":"Datasensing Induktivni senzor AM1\/AP 3A86"},"content":{"rendered":"<p>Nominalno rastojanje detekcije: 4 mm<br \/>\nRadno rastojanje: 0\u20263,2 mm<br \/>\nStandardna meta: 12\u00d712 mm FE360<br \/>\nKorekcioni faktor: bakar 0,33 \/ aluminijum 0,4 \/ mesing 0,5 \/ ner\u0111aju\u0107i \u010delik 1,05<br \/>\nTermalni drift Sr: &lt; 10%<br \/>\nPonovljivost: &lt; 5% (UB 24V, Ta = 23\u00b0C \u00b15\u00b0C)<br \/>\nHistereza: 1 \u2026 20%<\/p>\n<p>Primena<\/p>\n<p>Opis: M12 standardno ugradno (flush mount) ku\u0107i\u0161te<br \/>\nFunkcija: Proximity senzor<\/p>\n<p>Izlazi<\/p>\n<p>Tip izlaza: PNP<br \/>\nFunkcija izlaza: NO (normalno otvoren)<br \/>\nFrekvencija preklapanja: 2 kHz<\/p>\n<p>Elektri\u010dne karakteristike<\/p>\n<p>Radni napon: 10&#8230;30 V DC<br \/>\nStruja bez optere\u0107enja: \u2264 10 mA<br \/>\nStruja optere\u0107enja: \u2264 200 mA<br \/>\nPropu\u0161taju\u0107a struja: \u2264 10 \u03bcA<br \/>\nPad napona na izlazu: \u2264 1,8 V @ 200 mA<br \/>\nMaksimalni nabor (ripple): \u2264 10%<br \/>\nLED indikacija: \u017duta LED \u2013 stanje izlaza<br \/>\nVreme do aktivacije: \u2264 50 ms<br \/>\nZa\u0161tita od kratkog spoja: Da<br \/>\nZa\u0161tita od obrnutog polariteta: Da<br \/>\nZa\u0161tita od prenapona: Da<br \/>\nZa\u0161tita od induktivnih optere\u0107enja: Da<\/p>\n<p>Mehani\u010dke karakteristike<\/p>\n<p>Monta\u017ea: Ugradna (Shielded)<br \/>\nKu\u0107i\u0161te: Niklovani mesing<br \/>\nKonekcija: 5 m PVC kabl<br \/>\nAktivna glava: PBT<br \/>\nMoment zatezanja: 10 Nm<br \/>\nMaterijal: Niklovani mesing<br \/>\nPre\u010dnik: M12<\/p>\n<p>Sertifikati i za\u0161tita<\/p>\n<p>Odobrenja: CE, UR<br \/>\nEMC kompatibilnost: IEC 60947-5-2<br \/>\nOtpornost na udarce i vibracije: IEC 60068-2-6 \/ IEC 60068-2-27<br \/>\nStepen za\u0161tite: IP67<\/p>\n<p>Pribor<\/p>\n<p>U kompletu: 2 matice M12x1<br \/>\nDimenzije: M12 x 1 \/ du\u017eina 49,8 mm<br \/>\nRadna temperatura: -25\u00b0C\u2026+70\u00b0C<\/p>","protected":false},"excerpt":{"rendered":"<p>M12 PNP NO proximity senzor sa 4 mm rastojanjem detekcije, IP67 za\u0161titom i niklovanim mesinganim ku\u0107i\u0161tem. Opremljen je 5 m PVC kablom, frekvencijom preklapanja 2 kHz i za\u0161titom od kratkog spoja, obrnutog polariteta i prenapona \u2014 pouzdan za industrijske aplikacije.<\/p>","protected":false},"featured_media":34510,"template":"","meta":[],"product_brand":[243],"product_cat":[90,30],"product_tag":[],"class_list":{"0":"post-34516","1":"product","2":"type-product","3":"status-publish","4":"has-post-thumbnail","6":"product_brand-datasensing","7":"product_cat-induktivni","8":"product_cat-industrijski-senzori","10":"first","11":"instock","12":"taxable","13":"shipping-taxable","14":"purchasable","15":"product-type-simple"},"_links":{"self":[{"href":"https:\/\/gliki.at\/de\/wp-json\/wp\/v2\/product\/34516","targetHints":{"allow":["GET"]}}],"collection":[{"href":"https:\/\/gliki.at\/de\/wp-json\/wp\/v2\/product"}],"about":[{"href":"https:\/\/gliki.at\/de\/wp-json\/wp\/v2\/types\/product"}],"version-history":[{"count":2,"href":"https:\/\/gliki.at\/de\/wp-json\/wp\/v2\/product\/34516\/revisions"}],"predecessor-version":[{"id":34518,"href":"https:\/\/gliki.at\/de\/wp-json\/wp\/v2\/product\/34516\/revisions\/34518"}],"wp:featuredmedia":[{"embeddable":true,"href":"https:\/\/gliki.at\/de\/wp-json\/wp\/v2\/media\/34510"}],"wp:attachment":[{"href":"https:\/\/gliki.at\/de\/wp-json\/wp\/v2\/media?parent=34516"}],"wp:term":[{"taxonomy":"product_brand","embeddable":true,"href":"https:\/\/gliki.at\/de\/wp-json\/wp\/v2\/product_brand?post=34516"},{"taxonomy":"product_cat","embeddable":true,"href":"https:\/\/gliki.at\/de\/wp-json\/wp\/v2\/product_cat?post=34516"},{"taxonomy":"product_tag","embeddable":true,"href":"https:\/\/gliki.at\/de\/wp-json\/wp\/v2\/product_tag?post=34516"}],"curies":[{"name":"wp","href":"https:\/\/api.w.org\/{rel}","templated":true}]}}