{"id":34538,"date":"2025-10-15T17:18:11","date_gmt":"2025-10-15T15:18:11","guid":{"rendered":"https:\/\/gliki.at\/?post_type=product&#038;p=34538"},"modified":"2025-10-15T17:18:11","modified_gmt":"2025-10-15T15:18:11","slug":"datasensing-induktivni-senzor-ae1-an-3a","status":"publish","type":"product","link":"https:\/\/gliki.at\/de\/shop\/industrijski-senzori\/datasensing-induktivni-senzor-ae1-an-3a\/","title":{"rendered":"Datasensing Induktivni senzor AE1\/AN 3A"},"content":{"rendered":"<p>Nazivna udaljenost detekcije: 15 mm<br \/>\nRadna udaljenost: 0\u202612,1 mm<br \/>\nStandardna meta: 45&#215;45 mm FE360<br \/>\nKorekcioni faktor: bakar 0,35 \/ aluminijum 0,45 \/ mesing 0,50 \/ prohrom 0,70<br \/>\nToplotno odstupanje Sr: &lt; 10%<br \/>\nPovratna ta\u010dnost: &lt; 5% (UB 24V Ta=23\u00b0C \u00b15\u00b0C)<br \/>\nHistereza: 1 \u2026 20%<\/p>\n<p>Primena<br \/>\nOpis: M30 standardni ugradni (flush mount)<br \/>\nFunkcije: Proximity senzor<\/p>\n<p>Izlazi<br \/>\nTip izlaza: PNP<br \/>\nFunkcija izlaza: NC<br \/>\nU\u010destanost preklapanja: 200 Hz<\/p>\n<p>Elektri\u010dni podaci<br \/>\nRadni napon: 10&#8230;30V DC<br \/>\nStruja bez optere\u0107enja: \u2264 20 mA<br \/>\nStruja optere\u0107enja: \u2264 400 mA<br \/>\nStruja curenja: \u2264 10 \u03bcA<br \/>\nPad napona na izlazu: \u2264 1 V @400 mA<br \/>\nMaksimalno naborenje napona: \u2264 10%<br \/>\nLED indikator: \u017duti LED \u2013 stanje izlaza<br \/>\nVreme do spremnosti za rad: \u2264 100 ms<br \/>\nZa\u0161tita od kratkog spoja: Da<br \/>\nZa\u0161tita od obrnutog polariteta: Da<br \/>\nZa\u0161tita od prenapona: Da<br \/>\nZa\u0161tita od induktivnog optere\u0107enja: Da<\/p>\n<p>Mehani\u010dki podaci<br \/>\nMonta\u017ea: Oklopljeni (Shielded)<br \/>\nDimenzije: M30 x 1,5 \/ L = 60 mm<br \/>\nTe\u017eina: 230 g<br \/>\nKu\u0107i\u0161te: Mesing niklovan<br \/>\nPovezivanje: 2 m PVC kabl<br \/>\nAktivna glava: PBT<br \/>\nMoment zatezanja: 50 Nm<br \/>\nTemperaturni radni opseg: -25\u00b0C\u2026+70\u00b0C<\/p>\n<p>Testovi \/ Sertifikati<br \/>\nOdobrenja: CE UR<br \/>\nEMC kompatibilnost: IEC 60947-5-2<br \/>\nOtpornost na udarce i vibracije: Vibracije IEC 60068-2-6 \/ Udarci IEC 60068-2-27<br \/>\nZa\u0161tita: IP67<\/p>\n<p>Dodaci u pakovanju: 2 matice M30x1.5<\/p>","protected":false},"excerpt":{"rendered":"<p>M30 induktivni proximity senzor sa 15 mm detekcijom, PNP NC izlazom, frekvencijom preklapanja 200 Hz, ku\u0107i\u0161tem od niklovanog mesinga, 2 m PVC kablom i IP67 za\u0161titom za industrijske primene.<\/p>","protected":false},"featured_media":34510,"template":"","meta":[],"product_brand":[243],"product_cat":[30,90],"product_tag":[],"class_list":{"0":"post-34538","1":"product","2":"type-product","3":"status-publish","4":"has-post-thumbnail","6":"product_brand-datasensing","7":"product_cat-industrijski-senzori","8":"product_cat-induktivni","10":"first","11":"instock","12":"taxable","13":"shipping-taxable","14":"purchasable","15":"product-type-simple"},"_links":{"self":[{"href":"https:\/\/gliki.at\/de\/wp-json\/wp\/v2\/product\/34538","targetHints":{"allow":["GET"]}}],"collection":[{"href":"https:\/\/gliki.at\/de\/wp-json\/wp\/v2\/product"}],"about":[{"href":"https:\/\/gliki.at\/de\/wp-json\/wp\/v2\/types\/product"}],"version-history":[{"count":1,"href":"https:\/\/gliki.at\/de\/wp-json\/wp\/v2\/product\/34538\/revisions"}],"predecessor-version":[{"id":34539,"href":"https:\/\/gliki.at\/de\/wp-json\/wp\/v2\/product\/34538\/revisions\/34539"}],"wp:featuredmedia":[{"embeddable":true,"href":"https:\/\/gliki.at\/de\/wp-json\/wp\/v2\/media\/34510"}],"wp:attachment":[{"href":"https:\/\/gliki.at\/de\/wp-json\/wp\/v2\/media?parent=34538"}],"wp:term":[{"taxonomy":"product_brand","embeddable":true,"href":"https:\/\/gliki.at\/de\/wp-json\/wp\/v2\/product_brand?post=34538"},{"taxonomy":"product_cat","embeddable":true,"href":"https:\/\/gliki.at\/de\/wp-json\/wp\/v2\/product_cat?post=34538"},{"taxonomy":"product_tag","embeddable":true,"href":"https:\/\/gliki.at\/de\/wp-json\/wp\/v2\/product_tag?post=34538"}],"curies":[{"name":"wp","href":"https:\/\/api.w.org\/{rel}","templated":true}]}}