{"id":34556,"date":"2025-10-15T17:48:15","date_gmt":"2025-10-15T15:48:15","guid":{"rendered":"https:\/\/gliki.at\/?post_type=product&#038;p=34556"},"modified":"2025-10-15T17:48:16","modified_gmt":"2025-10-15T15:48:16","slug":"datasensing-vt2-ao-1b","status":"publish","type":"product","link":"https:\/\/gliki.at\/de\/shop\/industrijski-senzori\/datasensing-vt2-ao-1b\/","title":{"rendered":"Datasensing VT2\/AO 1B"},"content":{"rendered":"<p>Nazivna udaljenost detekcije: 10 mm<br \/>\nRadna udaljenost: 0\u20268,1 mm<br \/>\nStandardna meta: 30&#215;30 mm FE360<br \/>\nKorekcioni faktor: bakar 0,40 \/ aluminijum 0,50 \/ mesing 0,55 \/ prohrom 0,75<br \/>\nToplotno odstupanje Sr: &lt; 10%<br \/>\nPovratna ta\u010dnost: &lt; 5% (UB 24V Ta=23\u00b0C \u00b15\u00b0C)<br \/>\nHistereza: 1 \u2026 20%<\/p>\n<p>Primena<br \/>\nOpis: M30 standardni ugradni (flush mount)<br \/>\nFunkcije: Proximity senzor<\/p>\n<p>Izlazi<br \/>\nTip izlaza: TRIAC<br \/>\nFunkcija izlaza: NO<br \/>\nU\u010destanost preklapanja: 25 Hz<\/p>\n<p>Elektri\u010dni podaci<br \/>\nRadni napon: 20&#8230;250 V AC \/ 50&#8230;60 Hz<br \/>\nStruja optere\u0107enja: 5&#8230;300 mA<br \/>\nStruja curenja: \u2264 1 mA RMS max<br \/>\nPad napona na izlazu: Pogledati krive<br \/>\nMaksimalno naborenje napona: \u2264 10%<br \/>\nLED indikator: \u017duti LED \u2013 stanje izlaza<br \/>\nVreme do spremnosti za rad: \u2264 200 ms<br \/>\nInrush struja: 7 A (Ton = 10 ms)<\/p>\n<p>Mehani\u010dki podaci<br \/>\nMonta\u017ea: Oklopljeni (Shielded)<br \/>\nDimenzije: M30 x 1,5 \/ L = 80 mm<br \/>\nTe\u017eina: 100 g<br \/>\nKu\u0107i\u0161te: Mesing niklovan<br \/>\nPovezivanje: 2 m PVC kabl sa terminalom<br \/>\nAktivna glava: PBT<br \/>\nMoment zatezanja: 50 Nm<br \/>\nTemperaturni radni opseg: -25\u00b0C\u2026+70\u00b0C<\/p>\n<p>Testovi \/ Sertifikati<br \/>\nOdobrenja: CE UR<br \/>\nEMC kompatibilnost: IEC 60947-5-2<br \/>\nOtpornost na udarce i vibracije: Vibracije IEC 60068-2-6 \/ Udarci IEC 60068-2-27<br \/>\nZa\u0161tita: IP67<\/p>\n<p>Dodaci u pakovanju: 2 matice M30x1.5<\/p>","protected":false},"excerpt":{"rendered":"<p>M30 induktivni proximity senzor sa 10 mm detekcijom, TRIAC NO izlazom, frekvencijom 25 Hz, niklovanim mesing ku\u0107i\u0161tem, 2 m PVC kablom i IP67 za\u0161titom za industrijske primene<\/p>","protected":false},"featured_media":34536,"template":"","meta":[],"product_brand":[243],"product_cat":[30,90],"product_tag":[],"class_list":{"0":"post-34556","1":"product","2":"type-product","3":"status-publish","4":"has-post-thumbnail","6":"product_brand-datasensing","7":"product_cat-industrijski-senzori","8":"product_cat-induktivni","10":"first","11":"instock","12":"taxable","13":"shipping-taxable","14":"purchasable","15":"product-type-simple"},"_links":{"self":[{"href":"https:\/\/gliki.at\/de\/wp-json\/wp\/v2\/product\/34556","targetHints":{"allow":["GET"]}}],"collection":[{"href":"https:\/\/gliki.at\/de\/wp-json\/wp\/v2\/product"}],"about":[{"href":"https:\/\/gliki.at\/de\/wp-json\/wp\/v2\/types\/product"}],"version-history":[{"count":1,"href":"https:\/\/gliki.at\/de\/wp-json\/wp\/v2\/product\/34556\/revisions"}],"predecessor-version":[{"id":34557,"href":"https:\/\/gliki.at\/de\/wp-json\/wp\/v2\/product\/34556\/revisions\/34557"}],"wp:featuredmedia":[{"embeddable":true,"href":"https:\/\/gliki.at\/de\/wp-json\/wp\/v2\/media\/34536"}],"wp:attachment":[{"href":"https:\/\/gliki.at\/de\/wp-json\/wp\/v2\/media?parent=34556"}],"wp:term":[{"taxonomy":"product_brand","embeddable":true,"href":"https:\/\/gliki.at\/de\/wp-json\/wp\/v2\/product_brand?post=34556"},{"taxonomy":"product_cat","embeddable":true,"href":"https:\/\/gliki.at\/de\/wp-json\/wp\/v2\/product_cat?post=34556"},{"taxonomy":"product_tag","embeddable":true,"href":"https:\/\/gliki.at\/de\/wp-json\/wp\/v2\/product_tag?post=34556"}],"curies":[{"name":"wp","href":"https:\/\/api.w.org\/{rel}","templated":true}]}}