{"id":34575,"date":"2025-10-15T18:19:32","date_gmt":"2025-10-15T16:19:32","guid":{"rendered":"https:\/\/gliki.at\/?post_type=product&#038;p=34575"},"modified":"2025-10-15T18:19:32","modified_gmt":"2025-10-15T16:19:32","slug":"datasensing-fotoelektricni-senzor-fai7-bp-0a","status":"publish","type":"product","link":"https:\/\/gliki.at\/de\/shop\/industrijski-senzori\/datasensing-fotoelektricni-senzor-fai7-bp-0a\/","title":{"rendered":"Datasensing Fotoelektri\u010dni senzor FAI7 \/BP 0A"},"content":{"rendered":"<p>Nazivna udaljenost detekcije: 400 mm<br \/>\nToplotno odstupanje Sr: \u226410%<br \/>\nPovratna ta\u010dnost: 5%<br \/>\nPode\u0161avanje osetljivosti: Trimer<\/p>\n<p>Primena<br \/>\nPrincip funkcije: Difuzno odbijanje (srednja udaljenost, \u2264600 mm)<br \/>\nNapomene: Bela meta Kodak 90% 200 x 200 mm<br \/>\nOpti\u010dki polo\u017eaj: Aksijalno<\/p>\n<p>Izlazi<br \/>\nTip izlaza: PNP NO + NC<br \/>\nFunkcija izlaza: NO + NC<br \/>\nFrekvencija preklapanja: 250 Hz<br \/>\nVreme odziva: 2 ms<\/p>\n<p>Elektri\u010dni podaci<br \/>\nRadni napon: 10\u202630 V DC<br \/>\nStruja bez optere\u0107enja: \u226430 mA<br \/>\nStruja optere\u0107enja: \u2264100 mA<br \/>\nCurenje struje: \u226410 \u03bcA<br \/>\nPad napona na izlazu: \u22642 V @ Iload = 100 mA<br \/>\nMaksimalno naborenje napona: \u226410%<br \/>\nLED indikatori: \u017duti (Lon) ili stanje izlaza Lo\/Do<br \/>\nVreme do spremnosti za rad: \u2264200 ms<br \/>\nZa\u0161tite: kratki spoj (autoreset), prenapon, obrnuta polaritet, impulsni napon<br \/>\nEmisija: LED infracrvena (880 nm)<br \/>\nOtpornost na spolja\u0161nje svetlo: 3000 lux (\u017earulja), 10000 lux (sun\u010deva svetlost)<\/p>\n<p>Mehani\u010dki podaci<br \/>\nDimenzije: M18 x 1 \/ L = 67,5 mm<br \/>\nTe\u017eina: 50 g<br \/>\nKu\u0107i\u0161te: PBT \/ izlaz kabla PC<br \/>\nPovezivanje: 2 m PVC kabl<br \/>\nAktivna glava: PC<br \/>\nMoment zatezanja: 1 Nm<br \/>\nTemperaturni radni opseg: -25\u00b0C\u2026+70\u00b0C (bez kondenzacije)<br \/>\nPre\u010dnik \/ dimenzije: M18<\/p>\n<p>Testovi \/ Sertifikati<br \/>\nOdobrenja: CE, cULus<br \/>\nEMC kompatibilnost: EN 60947-5-2<br \/>\nOtpornost na udarce i vibracije: Vibracije IEC 60068-2-6 \/ Udarci IEC 60068-2-27<br \/>\nZa\u0161tita: IP67<\/p>\n<p>Dodaci u pakovanju: matice M18 x 1, \u0161rafciger<\/p>","protected":false},"excerpt":{"rendered":"<p>M18 difuzni PNP senzor 400 mm sa NO+NC izlazima, pode\u0161avanjem trimerom, infracrvenom LED emisijom 880 nm, IP67 za\u0161titom i 2 m PVC kablom, idealan za precizno detektovanje na srednjim udaljenostima.<\/p>","protected":false},"featured_media":34576,"template":"","meta":[],"product_brand":[243],"product_cat":[30,91],"product_tag":[],"class_list":{"0":"post-34575","1":"product","2":"type-product","3":"status-publish","4":"has-post-thumbnail","6":"product_brand-datasensing","7":"product_cat-industrijski-senzori","8":"product_cat-fotoelektricni","10":"first","11":"instock","12":"taxable","13":"shipping-taxable","14":"purchasable","15":"product-type-simple"},"_links":{"self":[{"href":"https:\/\/gliki.at\/de\/wp-json\/wp\/v2\/product\/34575","targetHints":{"allow":["GET"]}}],"collection":[{"href":"https:\/\/gliki.at\/de\/wp-json\/wp\/v2\/product"}],"about":[{"href":"https:\/\/gliki.at\/de\/wp-json\/wp\/v2\/types\/product"}],"version-history":[{"count":1,"href":"https:\/\/gliki.at\/de\/wp-json\/wp\/v2\/product\/34575\/revisions"}],"predecessor-version":[{"id":34577,"href":"https:\/\/gliki.at\/de\/wp-json\/wp\/v2\/product\/34575\/revisions\/34577"}],"wp:featuredmedia":[{"embeddable":true,"href":"https:\/\/gliki.at\/de\/wp-json\/wp\/v2\/media\/34576"}],"wp:attachment":[{"href":"https:\/\/gliki.at\/de\/wp-json\/wp\/v2\/media?parent=34575"}],"wp:term":[{"taxonomy":"product_brand","embeddable":true,"href":"https:\/\/gliki.at\/de\/wp-json\/wp\/v2\/product_brand?post=34575"},{"taxonomy":"product_cat","embeddable":true,"href":"https:\/\/gliki.at\/de\/wp-json\/wp\/v2\/product_cat?post=34575"},{"taxonomy":"product_tag","embeddable":true,"href":"https:\/\/gliki.at\/de\/wp-json\/wp\/v2\/product_tag?post=34575"}],"curies":[{"name":"wp","href":"https:\/\/api.w.org\/{rel}","templated":true}]}}