{"id":28326,"date":"2025-03-21T11:52:10","date_gmt":"2025-03-21T10:52:10","guid":{"rendered":"https:\/\/gliki.at\/?post_type=product&#038;p=28326"},"modified":"2025-05-16T10:52:06","modified_gmt":"2025-05-16T08:52:06","slug":"ax09-30-10-80","status":"publish","type":"product","link":"https:\/\/gliki.at\/en\/shop\/kontaktori\/ax09-30-10-80\/","title":{"rendered":"AX09-30-10-80"},"content":{"rendered":"<p>AX09-30-10-80 je trofazni kontaktor proizvo\u0111a\u010da ABB, namenjen za upravljanje trofaznim motorima i naponskim krugovima do 690 V AC. Ovaj kontaktor ima blok dizajn sa tri glavne kontaktne grane i jednim ugra\u0111enim pomo\u0107nim kontaktom. Kontrolni krug je AC upravljan, a dostupni su i dodaci kao \u0161to su pomo\u0107ni kontakt blokovi za prednju ili bo\u010dnu monta\u017eu.<\/p>\n<p>Glavne karakteristike:<\/p>\n<p>Kontrolni napon: 220\u2013230 V pri 50 Hz ili 230\u2013240 V pri 60 Hz.<br \/>\nNazivna struja pri AC-3 kategoriji (za motore):<br \/>\n9 A pri 400 V.<br \/>\n7 A pri 690 V.<br \/>\nNazivna snaga pri AC-3 kategoriji:<br \/>\n4 kW pri 400 V.<br \/>\n5,5 kW pri 500 V.<br \/>\n5,5 kW pri 690 V.<br \/>\nBroj pomo\u0107nih kontakata: 1 NO (normalno otvoren).<br \/>\nTip veze za glavni krug: \u0160rafna veza.<\/p>","protected":false},"excerpt":{"rendered":"<p>AX09-30-10-80 je trofazni AC kontaktor sa 3 glavna i 1 pomo\u0107nim kontaktom, dizajniran za upravljanje motorima i naponskim krugovima do 690 V AC.<\/p>","protected":false},"featured_media":28339,"template":"","meta":[],"product_brand":[117],"product_cat":[81],"product_tag":[],"class_list":{"0":"post-28326","1":"product","2":"type-product","3":"status-publish","4":"has-post-thumbnail","6":"product_brand-abb","7":"product_cat-kontaktori","9":"first","10":"instock","11":"taxable","12":"shipping-taxable","13":"purchasable","14":"product-type-simple"},"_links":{"self":[{"href":"https:\/\/gliki.at\/en\/wp-json\/wp\/v2\/product\/28326","targetHints":{"allow":["GET"]}}],"collection":[{"href":"https:\/\/gliki.at\/en\/wp-json\/wp\/v2\/product"}],"about":[{"href":"https:\/\/gliki.at\/en\/wp-json\/wp\/v2\/types\/product"}],"version-history":[{"count":3,"href":"https:\/\/gliki.at\/en\/wp-json\/wp\/v2\/product\/28326\/revisions"}],"predecessor-version":[{"id":28973,"href":"https:\/\/gliki.at\/en\/wp-json\/wp\/v2\/product\/28326\/revisions\/28973"}],"wp:featuredmedia":[{"embeddable":true,"href":"https:\/\/gliki.at\/en\/wp-json\/wp\/v2\/media\/28339"}],"wp:attachment":[{"href":"https:\/\/gliki.at\/en\/wp-json\/wp\/v2\/media?parent=28326"}],"wp:term":[{"taxonomy":"product_brand","embeddable":true,"href":"https:\/\/gliki.at\/en\/wp-json\/wp\/v2\/product_brand?post=28326"},{"taxonomy":"product_cat","embeddable":true,"href":"https:\/\/gliki.at\/en\/wp-json\/wp\/v2\/product_cat?post=28326"},{"taxonomy":"product_tag","embeddable":true,"href":"https:\/\/gliki.at\/en\/wp-json\/wp\/v2\/product_tag?post=28326"}],"curies":[{"name":"wp","href":"https:\/\/api.w.org\/{rel}","templated":true}]}}