{"id":28371,"date":"2025-03-22T10:27:56","date_gmt":"2025-03-22T09:27:56","guid":{"rendered":"https:\/\/gliki.at\/?post_type=product&#038;p=28371"},"modified":"2025-05-16T10:51:05","modified_gmt":"2025-05-16T08:51:05","slug":"ms116-63-10a","status":"publish","type":"product","link":"https:\/\/gliki.at\/en\/shop\/motorni-zastitni-prekidaci\/ms116-63-10a\/","title":{"rendered":"MS116 (6,3-10)A"},"content":{"rendered":"<p>ABB MS116-10 je ru\u010dni motorni starter dizajniran za za\u0161titu motora od kratkih spojeva, preoptere\u0107enja i faznih kvarova, bez potrebe za dodatnim osigura\u010dima. Ovaj model ima podesivi raspon struje od 6,3 do 10 ampera.<\/p>\n<p>Klju\u010dne karakteristike:<br \/>\nTermi\u010dka i magnetska za\u0161tita od preoptere\u0107enja: Pru\u017ea pouzdanu za\u0161titu motora od prekomernih struja.<\/p>\n<p>Nazivni radni napon: Do 690 V AC.<\/p>\n<p>Nazivna struja: 10 A.<\/p>\n<p>Broj polova: 3.<\/p>\n<p>Stepen za\u0161tite: IP20 (IP10 na terminalima).<\/p>\n<p>Dimenzije (V x \u0160 x D): 90 mm x 45 mm x 85,6 mm.<\/p>\n<p>Te\u017eina: 0,265 kg.<\/p>\n<p>Ovaj ure\u0111aj pru\u017ea pouzdanu za\u0161titu motora u kompaktnom dizajnu, sa mogu\u0107no\u0161\u0107u dodatne opreme kao \u0161to su pomo\u0107ni kontakti, signalni kontakti, podnaponska i \u0161ant isklju\u010denja, kao i mogu\u0107nost monta\u017ee na DIN \u0161inu.<\/p>","protected":false},"excerpt":{"rendered":"<p>ABB MS116-10 je ru\u010dni motorni starter dizajniran za za\u0161titu motora od kratkih spojeva, preoptere\u0107enja i faznih kvarova, bez potrebe za dodatnim osigura\u010dima. Ovaj model ima podesivi raspon struje od 6,3 do 10 ampera.<\/p>","protected":false},"featured_media":28372,"template":"","meta":[],"product_brand":[117],"product_cat":[103],"product_tag":[],"class_list":{"0":"post-28371","1":"product","2":"type-product","3":"status-publish","4":"has-post-thumbnail","6":"product_brand-abb","7":"product_cat-motorni-zastitni-prekidaci","9":"first","10":"instock","11":"taxable","12":"shipping-taxable","13":"purchasable","14":"product-type-simple"},"_links":{"self":[{"href":"https:\/\/gliki.at\/en\/wp-json\/wp\/v2\/product\/28371","targetHints":{"allow":["GET"]}}],"collection":[{"href":"https:\/\/gliki.at\/en\/wp-json\/wp\/v2\/product"}],"about":[{"href":"https:\/\/gliki.at\/en\/wp-json\/wp\/v2\/types\/product"}],"version-history":[{"count":1,"href":"https:\/\/gliki.at\/en\/wp-json\/wp\/v2\/product\/28371\/revisions"}],"predecessor-version":[{"id":28373,"href":"https:\/\/gliki.at\/en\/wp-json\/wp\/v2\/product\/28371\/revisions\/28373"}],"wp:featuredmedia":[{"embeddable":true,"href":"https:\/\/gliki.at\/en\/wp-json\/wp\/v2\/media\/28372"}],"wp:attachment":[{"href":"https:\/\/gliki.at\/en\/wp-json\/wp\/v2\/media?parent=28371"}],"wp:term":[{"taxonomy":"product_brand","embeddable":true,"href":"https:\/\/gliki.at\/en\/wp-json\/wp\/v2\/product_brand?post=28371"},{"taxonomy":"product_cat","embeddable":true,"href":"https:\/\/gliki.at\/en\/wp-json\/wp\/v2\/product_cat?post=28371"},{"taxonomy":"product_tag","embeddable":true,"href":"https:\/\/gliki.at\/en\/wp-json\/wp\/v2\/product_tag?post=28371"}],"curies":[{"name":"wp","href":"https:\/\/api.w.org\/{rel}","templated":true}]}}