{"id":28391,"date":"2025-03-22T12:43:50","date_gmt":"2025-03-22T11:43:50","guid":{"rendered":"https:\/\/gliki.at\/?post_type=product&#038;p=28391"},"modified":"2025-07-29T11:42:49","modified_gmt":"2025-07-29T09:42:49","slug":"fatek-fbs-24mat2-ac","status":"publish","type":"product","link":"https:\/\/gliki.at\/en\/shop\/plc-kontroleri\/cpu\/fatek-fbs-24mat2-ac\/","title":{"rendered":"Fatek FBs-24MAT2-AC \u2013 PLC sa 14 digitalnih ulaza i 10 izlaza srednje brzine"},"content":{"rendered":"<p>Fatek PLC<\/p>\n<p>14 digitalnih ulaza 24VDC (8 ulaza srednje brzine do 20 kHz, 6 ulaza srednje brzine ukupno do 5 kHz);<br data-start=\"101\" data-end=\"104\" \/>10 izlaza (relejna ili tranzistorska \u2013 8 izlaza srednje brzine do 20 kHz);<br data-start=\"178\" data-end=\"181\" \/>1 RS232 ili USB port (mogu\u0107nost pro\u0161irenja do 3 porta).<\/p>","protected":false},"excerpt":{"rendered":"<p>Fatek FBs-24MAT2-AC PLC sa 14 digitalnih ulaza (do 20 kHz), 10 relejnih ili tranzistorskih izlaza (do 20 kHz) i RS232\/USB portom sa mogu\u0107no\u0161\u0107u pro\u0161irenja do 3 porta.<\/p>","protected":false},"featured_media":28392,"template":"","meta":[],"product_brand":[111],"product_cat":[43,94],"product_tag":[],"class_list":{"0":"post-28391","1":"product","2":"type-product","3":"status-publish","4":"has-post-thumbnail","6":"product_brand-fatek","7":"product_cat-plc-kontroleri","8":"product_cat-cpu","10":"first","11":"instock","12":"taxable","13":"shipping-taxable","14":"purchasable","15":"product-type-simple"},"_links":{"self":[{"href":"https:\/\/gliki.at\/en\/wp-json\/wp\/v2\/product\/28391","targetHints":{"allow":["GET"]}}],"collection":[{"href":"https:\/\/gliki.at\/en\/wp-json\/wp\/v2\/product"}],"about":[{"href":"https:\/\/gliki.at\/en\/wp-json\/wp\/v2\/types\/product"}],"version-history":[{"count":4,"href":"https:\/\/gliki.at\/en\/wp-json\/wp\/v2\/product\/28391\/revisions"}],"predecessor-version":[{"id":32977,"href":"https:\/\/gliki.at\/en\/wp-json\/wp\/v2\/product\/28391\/revisions\/32977"}],"wp:featuredmedia":[{"embeddable":true,"href":"https:\/\/gliki.at\/en\/wp-json\/wp\/v2\/media\/28392"}],"wp:attachment":[{"href":"https:\/\/gliki.at\/en\/wp-json\/wp\/v2\/media?parent=28391"}],"wp:term":[{"taxonomy":"product_brand","embeddable":true,"href":"https:\/\/gliki.at\/en\/wp-json\/wp\/v2\/product_brand?post=28391"},{"taxonomy":"product_cat","embeddable":true,"href":"https:\/\/gliki.at\/en\/wp-json\/wp\/v2\/product_cat?post=28391"},{"taxonomy":"product_tag","embeddable":true,"href":"https:\/\/gliki.at\/en\/wp-json\/wp\/v2\/product_tag?post=28391"}],"curies":[{"name":"wp","href":"https:\/\/api.w.org\/{rel}","templated":true}]}}