{"id":28406,"date":"2025-03-22T13:31:40","date_gmt":"2025-03-22T12:31:40","guid":{"rendered":"https:\/\/gliki.at\/?post_type=product&#038;p=28406"},"modified":"2025-05-14T11:25:02","modified_gmt":"2025-05-14T09:25:02","slug":"fatek-fbs-20mat2-ac","status":"publish","type":"product","link":"https:\/\/gliki.at\/en\/shop\/plc-kontroleri\/cpu\/fatek-fbs-20mat2-ac\/","title":{"rendered":"FATEK FBs-20MAT2-AC"},"content":{"rendered":"<p>FATEK FBs-20MAT2-AC je programabilni logi\u010dki kontroler (PLC) iz FBs serije, dizajniran za industrijsku automatizaciju. Ovaj ure\u0111aj pru\u017ea efikasan na\u010din za upravljanje razli\u010ditim industrijskim procesima.<\/p>\n<p>Klju\u010dne karakteristike:<br \/>\nDigitalni ulazi: 12 ta\u010daka 24V DC digitalnog ulaza, od kojih 4 mogu raditi na frekvenciji do 10 kHz.<\/p>\n<p>Digitalni izlazi: 8 ta\u010daka tranzistorskih izlaza tipa Sink (NPN), od kojih 4 podr\u017eavaju frekvenciju do 10 kHz.<\/p>\n<p>Komunikacioni port: 1 ugra\u0111eni RS-232 port, s mogu\u0107no\u0161\u0107u pro\u0161irenja na dodatna 3 porta.<\/p>\n<p>Napajanje: Podr\u017eava 100~240V AC napajanje.<\/p>\n<p>Real-time sat: Ugra\u0111eni real-time sat za precizno pra\u0107enje vremena.<\/p>\n<p>Pro\u0161irivost I\/O-a: Mogu\u0107nost pro\u0161irenja I\/O portova do 256 ta\u010daka.<\/p>\n<p>Ovaj PLC je idealan za aplikacije koje zahtevaju pouzdano i fleksibilno upravljanje, pru\u017eaju\u0107i \u0161irok spektar funkcionalnosti za razli\u010dite industrijske potrebe.<\/p>","protected":false},"excerpt":{"rendered":"<p>FATEK FBs-20MAT2-AC je programabilni logi\u010dki kontroler (PLC) iz FBs serije, dizajniran za industrijsku automatizaciju. Ovaj ure\u0111aj pru\u017ea efikasan na\u010din za upravljanje razli\u010ditim industrijskim procesima.<\/p>","protected":false},"featured_media":28407,"template":"","meta":[],"product_brand":[111],"product_cat":[43,94],"product_tag":[],"class_list":{"0":"post-28406","1":"product","2":"type-product","3":"status-publish","4":"has-post-thumbnail","6":"product_brand-fatek","7":"product_cat-plc-kontroleri","8":"product_cat-cpu","10":"first","11":"instock","12":"taxable","13":"shipping-taxable","14":"purchasable","15":"product-type-simple"},"_links":{"self":[{"href":"https:\/\/gliki.at\/en\/wp-json\/wp\/v2\/product\/28406","targetHints":{"allow":["GET"]}}],"collection":[{"href":"https:\/\/gliki.at\/en\/wp-json\/wp\/v2\/product"}],"about":[{"href":"https:\/\/gliki.at\/en\/wp-json\/wp\/v2\/types\/product"}],"version-history":[{"count":2,"href":"https:\/\/gliki.at\/en\/wp-json\/wp\/v2\/product\/28406\/revisions"}],"predecessor-version":[{"id":28739,"href":"https:\/\/gliki.at\/en\/wp-json\/wp\/v2\/product\/28406\/revisions\/28739"}],"wp:featuredmedia":[{"embeddable":true,"href":"https:\/\/gliki.at\/en\/wp-json\/wp\/v2\/media\/28407"}],"wp:attachment":[{"href":"https:\/\/gliki.at\/en\/wp-json\/wp\/v2\/media?parent=28406"}],"wp:term":[{"taxonomy":"product_brand","embeddable":true,"href":"https:\/\/gliki.at\/en\/wp-json\/wp\/v2\/product_brand?post=28406"},{"taxonomy":"product_cat","embeddable":true,"href":"https:\/\/gliki.at\/en\/wp-json\/wp\/v2\/product_cat?post=28406"},{"taxonomy":"product_tag","embeddable":true,"href":"https:\/\/gliki.at\/en\/wp-json\/wp\/v2\/product_tag?post=28406"}],"curies":[{"name":"wp","href":"https:\/\/api.w.org\/{rel}","templated":true}]}}