{"id":28409,"date":"2025-03-22T13:37:07","date_gmt":"2025-03-22T12:37:07","guid":{"rendered":"https:\/\/gliki.at\/?post_type=product&#038;p=28409"},"modified":"2025-05-14T11:26:44","modified_gmt":"2025-05-14T09:26:44","slug":"fatek-fbs-10mat2-d24","status":"publish","type":"product","link":"https:\/\/gliki.at\/en\/shop\/plc-kontroleri\/cpu\/fatek-fbs-10mat2-d24\/","title":{"rendered":"FATEK FBs-10MAT2-D24"},"content":{"rendered":"<p>\u200bFATEK FBs-10MAT2-D24 je kompaktni programabilni logi\u010dki kontroler (PLC) namenjen industrijskoj automatizaciji. Ovaj ure\u0111aj pru\u017ea efikasan na\u010din za upravljanje razli\u010ditim industrijskim procesima.\u200b<\/p>\n<p>Klju\u010dne karakteristike:<\/p>\n<p>Digitalni ulazi: 6 ta\u010daka 24V DC digitalnog ulaza.\u200b<\/p>\n<p>Digitalni izlazi: 4 ta\u010dke tranzistorskih izlaza tipa Sink (NPN).\u200b<\/p>\n<p>Komunikacioni port: 1 ugra\u0111eni RS-232 port.\u200b<\/p>\n<p>Napajanje: 24V DC napajanje.\u200b<\/p>\n<p>Real-time sat: Ugra\u0111eni real-time sat za precizno pra\u0107enje vremena.\u200b<\/p>\n<p>Ovaj PLC je idealan za aplikacije koje zahtevaju pouzdano i fleksibilno upravljanje, pru\u017eaju\u0107i \u0161irok spektar funkcionalnosti za razli\u010dite industrijske potrebe.<\/p>","protected":false},"excerpt":{"rendered":"<p>\u200bFATEK FBs-10MAT2-D24 je kompaktni programabilni logi\u010dki kontroler (PLC) namenjen industrijskoj automatizaciji. Ovaj ure\u0111aj pru\u017ea efikasan na\u010din za upravljanje razli\u010ditim industrijskim procesima.\u200b<\/p>","protected":false},"featured_media":28410,"template":"","meta":[],"product_brand":[111],"product_cat":[43,94],"product_tag":[],"class_list":{"0":"post-28409","1":"product","2":"type-product","3":"status-publish","4":"has-post-thumbnail","6":"product_brand-fatek","7":"product_cat-plc-kontroleri","8":"product_cat-cpu","10":"first","11":"instock","12":"taxable","13":"shipping-taxable","14":"purchasable","15":"product-type-simple"},"_links":{"self":[{"href":"https:\/\/gliki.at\/en\/wp-json\/wp\/v2\/product\/28409","targetHints":{"allow":["GET"]}}],"collection":[{"href":"https:\/\/gliki.at\/en\/wp-json\/wp\/v2\/product"}],"about":[{"href":"https:\/\/gliki.at\/en\/wp-json\/wp\/v2\/types\/product"}],"version-history":[{"count":3,"href":"https:\/\/gliki.at\/en\/wp-json\/wp\/v2\/product\/28409\/revisions"}],"predecessor-version":[{"id":28738,"href":"https:\/\/gliki.at\/en\/wp-json\/wp\/v2\/product\/28409\/revisions\/28738"}],"wp:featuredmedia":[{"embeddable":true,"href":"https:\/\/gliki.at\/en\/wp-json\/wp\/v2\/media\/28410"}],"wp:attachment":[{"href":"https:\/\/gliki.at\/en\/wp-json\/wp\/v2\/media?parent=28409"}],"wp:term":[{"taxonomy":"product_brand","embeddable":true,"href":"https:\/\/gliki.at\/en\/wp-json\/wp\/v2\/product_brand?post=28409"},{"taxonomy":"product_cat","embeddable":true,"href":"https:\/\/gliki.at\/en\/wp-json\/wp\/v2\/product_cat?post=28409"},{"taxonomy":"product_tag","embeddable":true,"href":"https:\/\/gliki.at\/en\/wp-json\/wp\/v2\/product_tag?post=28409"}],"curies":[{"name":"wp","href":"https:\/\/api.w.org\/{rel}","templated":true}]}}