{"id":28419,"date":"2025-03-22T13:54:09","date_gmt":"2025-03-22T12:54:09","guid":{"rendered":"https:\/\/gliki.at\/?post_type=product&#038;p=28419"},"modified":"2025-05-14T11:37:24","modified_gmt":"2025-05-14T09:37:24","slug":"fatek-fbs-40mct2-ac-2","status":"publish","type":"product","link":"https:\/\/gliki.at\/en\/shop\/plc-kontroleri\/cpu\/fatek-fbs-40mct2-ac-2\/","title":{"rendered":"FATEK FBs-40MCT2-AC"},"content":{"rendered":"<p>FATEK FBs-40MCT2-AC je programabilni logi\u010dki kontroler (PLC) iz FBs serije, namenjen industrijskoj automatizaciji. Ovaj ure\u0111aj pru\u017ea \u0161irok spektar funkcionalnosti za efikasno upravljanje razli\u010ditim industrijskim procesima.\u200b<\/p>\n<p>Klju\u010dne karakteristike:<\/p>\n<p>Digitalni ulazi: 24 ta\u010dke 24V DC digitalnog ulaza, od kojih 6 mo\u017ee raditi na visokoj frekvenciji do 200 kHz, 2 na 20 kHz i 8 na 5 kHz.\u200b<\/p>\n<p>Digitalni izlazi: 16 ta\u010daka tranzistorskih izlaza tipa Sink (NPN), od kojih 6 podr\u017eava visoke brzine (200 kHz), 2 srednje visoke (20 kHz) i 8 niske brzine.\u200b<\/p>\n<p>Komunikacioni port: 1 ugra\u0111eni RS-232 port, s mogu\u0107no\u0161\u0107u pro\u0161irenja na ukupno 5 portova (RS-232 ili USB).\u200b<\/p>\n<p>Napajanje: Podr\u017eava 100~240V AC napajanje.\u200b<\/p>\n<p>Real-time sat: Ugra\u0111eni real-time sat za precizno pra\u0107enje vremena.\u200b<\/p>\n<p>Ovaj PLC je opremljen sa vi\u0161e od 300 instrukcija, pru\u017eaju\u0107i korisnicima fleksibilnost u programiranju i implementaciji razli\u010ditih funkcionalnosti. Njegova sposobnost da istovremeno pove\u017ee razli\u010dite inteligentne periferije putem vi\u0161e komunikacionih portova \u010dini ga pogodnim za slo\u017eene industrijske aplikacije.<\/p>","protected":false},"excerpt":{"rendered":"<p>FATEK FBs-40MCT2-AC je programabilni logi\u010dki kontroler (PLC) iz FBs serije, namenjen industrijskoj automatizaciji. Ovaj ure\u0111aj pru\u017ea \u0161irok spektar funkcionalnosti za efikasno upravljanje razli\u010ditim industrijskim procesima.\u200b<\/p>","protected":false},"featured_media":28420,"template":"","meta":[],"product_brand":[111],"product_cat":[43,94],"product_tag":[],"class_list":{"0":"post-28419","1":"product","2":"type-product","3":"status-publish","4":"has-post-thumbnail","6":"product_brand-fatek","7":"product_cat-plc-kontroleri","8":"product_cat-cpu","10":"first","11":"instock","12":"taxable","13":"shipping-taxable","14":"purchasable","15":"product-type-simple"},"_links":{"self":[{"href":"https:\/\/gliki.at\/en\/wp-json\/wp\/v2\/product\/28419","targetHints":{"allow":["GET"]}}],"collection":[{"href":"https:\/\/gliki.at\/en\/wp-json\/wp\/v2\/product"}],"about":[{"href":"https:\/\/gliki.at\/en\/wp-json\/wp\/v2\/types\/product"}],"version-history":[{"count":2,"href":"https:\/\/gliki.at\/en\/wp-json\/wp\/v2\/product\/28419\/revisions"}],"predecessor-version":[{"id":28602,"href":"https:\/\/gliki.at\/en\/wp-json\/wp\/v2\/product\/28419\/revisions\/28602"}],"wp:featuredmedia":[{"embeddable":true,"href":"https:\/\/gliki.at\/en\/wp-json\/wp\/v2\/media\/28420"}],"wp:attachment":[{"href":"https:\/\/gliki.at\/en\/wp-json\/wp\/v2\/media?parent=28419"}],"wp:term":[{"taxonomy":"product_brand","embeddable":true,"href":"https:\/\/gliki.at\/en\/wp-json\/wp\/v2\/product_brand?post=28419"},{"taxonomy":"product_cat","embeddable":true,"href":"https:\/\/gliki.at\/en\/wp-json\/wp\/v2\/product_cat?post=28419"},{"taxonomy":"product_tag","embeddable":true,"href":"https:\/\/gliki.at\/en\/wp-json\/wp\/v2\/product_tag?post=28419"}],"curies":[{"name":"wp","href":"https:\/\/api.w.org\/{rel}","templated":true}]}}