{"id":28425,"date":"2025-03-22T14:01:56","date_gmt":"2025-03-22T13:01:56","guid":{"rendered":"https:\/\/gliki.at\/?post_type=product&#038;p=28425"},"modified":"2025-05-14T11:38:22","modified_gmt":"2025-05-14T09:38:22","slug":"fatek-fbs-14mct2-ac","status":"publish","type":"product","link":"https:\/\/gliki.at\/en\/shop\/plc-kontroleri\/cpu\/fatek-fbs-14mct2-ac\/","title":{"rendered":"FATEK FBs-14MCT2-AC"},"content":{"rendered":"<p>FATEK FBs-14MCT2-AC je kompaktni programabilni logi\u010dki kontroler (PLC) iz FBs serije, namenjen za industrijsku automatizaciju. Ovaj ure\u0111aj pru\u017ea pouzdano i efikasno upravljanje razli\u010ditim industrijskim procesima.<\/p>\n<p>Klju\u010dne karakteristike:<br \/>\nDigitalni ulazi: 8 ta\u010daka 24V DC digitalnog ulaza, od kojih 4 podr\u017eavaju frekvenciju do 10 kHz.<\/p>\n<p>Digitalni izlazi: 6 ta\u010daka tranzistorskih izlaza tipa Sink (NPN), od kojih 4 podr\u017eavaju frekvenciju do 10 kHz.<\/p>\n<p>Komunikacioni port: 1 ugra\u0111eni RS-232 port, s mogu\u0107no\u0161\u0107u pro\u0161irenja na ukupno 3 porta.<\/p>\n<p>Napajanje: Podr\u017eava 100~240V AC napajanje.<\/p>\n<p>Real-time sat: Ugra\u0111eni real-time sat za precizno pra\u0107enje vremena.<\/p>\n<p>Ovaj PLC je idealan za aplikacije koje zahtevaju pouzdano i fleksibilno upravljanje, pru\u017eaju\u0107i \u0161irok spektar funkcionalnosti za razli\u010dite industrijske potrebe.<\/p>","protected":false},"excerpt":{"rendered":"<p>FATEK FBs-14MCT2-AC je kompaktni programabilni logi\u010dki kontroler (PLC) iz FBs serije, namenjen za industrijsku automatizaciju. Ovaj ure\u0111aj pru\u017ea pouzdano i efikasno upravljanje razli\u010ditim industrijskim procesima.<\/p>","protected":false},"featured_media":28426,"template":"","meta":[],"product_brand":[111],"product_cat":[43,94],"product_tag":[],"class_list":{"0":"post-28425","1":"product","2":"type-product","3":"status-publish","4":"has-post-thumbnail","6":"product_brand-fatek","7":"product_cat-plc-kontroleri","8":"product_cat-cpu","10":"first","11":"instock","12":"taxable","13":"shipping-taxable","14":"purchasable","15":"product-type-simple"},"_links":{"self":[{"href":"https:\/\/gliki.at\/en\/wp-json\/wp\/v2\/product\/28425","targetHints":{"allow":["GET"]}}],"collection":[{"href":"https:\/\/gliki.at\/en\/wp-json\/wp\/v2\/product"}],"about":[{"href":"https:\/\/gliki.at\/en\/wp-json\/wp\/v2\/types\/product"}],"version-history":[{"count":1,"href":"https:\/\/gliki.at\/en\/wp-json\/wp\/v2\/product\/28425\/revisions"}],"predecessor-version":[{"id":28427,"href":"https:\/\/gliki.at\/en\/wp-json\/wp\/v2\/product\/28425\/revisions\/28427"}],"wp:featuredmedia":[{"embeddable":true,"href":"https:\/\/gliki.at\/en\/wp-json\/wp\/v2\/media\/28426"}],"wp:attachment":[{"href":"https:\/\/gliki.at\/en\/wp-json\/wp\/v2\/media?parent=28425"}],"wp:term":[{"taxonomy":"product_brand","embeddable":true,"href":"https:\/\/gliki.at\/en\/wp-json\/wp\/v2\/product_brand?post=28425"},{"taxonomy":"product_cat","embeddable":true,"href":"https:\/\/gliki.at\/en\/wp-json\/wp\/v2\/product_cat?post=28425"},{"taxonomy":"product_tag","embeddable":true,"href":"https:\/\/gliki.at\/en\/wp-json\/wp\/v2\/product_tag?post=28425"}],"curies":[{"name":"wp","href":"https:\/\/api.w.org\/{rel}","templated":true}]}}