{"id":28435,"date":"2025-03-22T14:12:47","date_gmt":"2025-03-22T13:12:47","guid":{"rendered":"https:\/\/gliki.at\/?post_type=product&#038;p=28435"},"modified":"2025-10-07T15:45:33","modified_gmt":"2025-10-07T13:45:33","slug":"fatek-fbs-40mat2-d24","status":"publish","type":"product","link":"https:\/\/gliki.at\/en\/shop\/plc-kontroleri\/cpu\/fatek-fbs-40mat2-d24\/","title":{"rendered":"FATEK FBs-40MAT2-D24"},"content":{"rendered":"<p>FATEK FBs-40MAT2-D24 je osnovni programabilni logi\u010dki kontroler (PLC) iz FBs serije, namenjen za industrijsku automatizaciju. Ovaj ure\u0111aj pru\u017ea pouzdano upravljanje za razli\u010dite industrijske procese.<\/p>\n<p>Klju\u010dne karakteristike:<br \/>\nDigitalni ulazi: 24 ta\u010dke 24V DC digitalnog ulaza.<\/p>\n<p>Digitalni izlazi: 16 ta\u010daka tranzistorskih izlaza tipa Sink (NPN).<\/p>\n<p>Komunikacioni port: 1 ugra\u0111eni RS-232 port.<\/p>\n<p>Napajanje: Podr\u017eava 24V DC napajanje.<\/p>\n<p>Real-time sat: Ugra\u0111eni real-time sat za precizno pra\u0107enje vremena.<\/p>\n<p>Ovaj PLC je idealan za aplikacije koje zahtevaju osnovne funkcije automatizacije, pru\u017eaju\u0107i jednostavno i efikasno re\u0161enje za razli\u010dite industrijske potrebe.<\/p>","protected":false},"excerpt":{"rendered":"<p>FATEK FBs-40MAT2-D24 je osnovni programabilni logi\u010dki kontroler (PLC) iz FBs serije, namenjen za industrijsku automatizaciju. Ovaj ure\u0111aj pru\u017ea pouzdano upravljanje za razli\u010dite industrijske procese.<\/p>","protected":false},"featured_media":29261,"template":"","meta":[],"product_brand":[],"product_cat":[43,94],"product_tag":[],"class_list":{"0":"post-28435","1":"product","2":"type-product","3":"status-publish","4":"has-post-thumbnail","6":"product_cat-plc-kontroleri","7":"product_cat-cpu","9":"first","10":"instock","11":"taxable","12":"shipping-taxable","13":"product-type-simple"},"_links":{"self":[{"href":"https:\/\/gliki.at\/en\/wp-json\/wp\/v2\/product\/28435","targetHints":{"allow":["GET"]}}],"collection":[{"href":"https:\/\/gliki.at\/en\/wp-json\/wp\/v2\/product"}],"about":[{"href":"https:\/\/gliki.at\/en\/wp-json\/wp\/v2\/types\/product"}],"version-history":[{"count":2,"href":"https:\/\/gliki.at\/en\/wp-json\/wp\/v2\/product\/28435\/revisions"}],"predecessor-version":[{"id":28594,"href":"https:\/\/gliki.at\/en\/wp-json\/wp\/v2\/product\/28435\/revisions\/28594"}],"wp:featuredmedia":[{"embeddable":true,"href":"https:\/\/gliki.at\/en\/wp-json\/wp\/v2\/media\/29261"}],"wp:attachment":[{"href":"https:\/\/gliki.at\/en\/wp-json\/wp\/v2\/media?parent=28435"}],"wp:term":[{"taxonomy":"product_brand","embeddable":true,"href":"https:\/\/gliki.at\/en\/wp-json\/wp\/v2\/product_brand?post=28435"},{"taxonomy":"product_cat","embeddable":true,"href":"https:\/\/gliki.at\/en\/wp-json\/wp\/v2\/product_cat?post=28435"},{"taxonomy":"product_tag","embeddable":true,"href":"https:\/\/gliki.at\/en\/wp-json\/wp\/v2\/product_tag?post=28435"}],"curies":[{"name":"wp","href":"https:\/\/api.w.org\/{rel}","templated":true}]}}