{"id":28440,"date":"2025-03-22T14:20:27","date_gmt":"2025-03-22T13:20:27","guid":{"rendered":"https:\/\/gliki.at\/?post_type=product&#038;p=28440"},"modified":"2025-05-14T11:41:45","modified_gmt":"2025-05-14T09:41:45","slug":"fatek-fbs-32mat2-d24","status":"publish","type":"product","link":"https:\/\/gliki.at\/en\/shop\/plc-kontroleri\/cpu\/fatek-fbs-32mat2-d24\/","title":{"rendered":"FATEK FBs-32MAT2-D24"},"content":{"rendered":"<p>\u200bFATEK FBs-32MAT2-D24 je osnovni programabilni logi\u010dki kontroler (PLC) iz FBs serije, namenjen za industrijsku automatizaciju. Ovaj ure\u0111aj pru\u017ea pouzdano upravljanje za razli\u010dite industrijske procese.\u200b<\/p>\n<p>Klju\u010dne karakteristike:<\/p>\n<p>Digitalni ulazi: 20 ta\u010daka 24V DC digitalnog ulaza.\u200b<\/p>\n<p>Digitalni izlazi: 12 ta\u010daka tranzistorskih izlaza tipa Sink (NPN).\u200b<\/p>\n<p>Komunikacioni port: 1 ugra\u0111eni RS-232 port, s mogu\u0107no\u0161\u0107u pro\u0161irenja na ukupno 3 porta.\u200b<\/p>\n<p>Napajanje: Podr\u017eava 24V DC napajanje.\u200b<\/p>\n<p>Real-time sat: Ugra\u0111eni real-time sat za precizno pra\u0107enje vremena.\u200b<\/p>\n<p>Ovaj PLC je idealan za aplikacije koje zahtevaju osnovne funkcije automatizacije, pru\u017eaju\u0107i jednostavno i efikasno re\u0161enje za razli\u010dite industrijske potrebe.<\/p>","protected":false},"excerpt":{"rendered":"<p>\u200bFATEK FBs-32MAT2-D24 je osnovni programabilni logi\u010dki kontroler (PLC) iz FBs serije, namenjen za industrijsku automatizaciju. Ovaj ure\u0111aj pru\u017ea pouzdano upravljanje za razli\u010dite industrijske procese.\u200b<\/p>","protected":false},"featured_media":28441,"template":"","meta":[],"product_brand":[111],"product_cat":[43,94],"product_tag":[],"class_list":{"0":"post-28440","1":"product","2":"type-product","3":"status-publish","4":"has-post-thumbnail","6":"product_brand-fatek","7":"product_cat-plc-kontroleri","8":"product_cat-cpu","10":"first","11":"instock","12":"taxable","13":"shipping-taxable","14":"purchasable","15":"product-type-simple"},"_links":{"self":[{"href":"https:\/\/gliki.at\/en\/wp-json\/wp\/v2\/product\/28440","targetHints":{"allow":["GET"]}}],"collection":[{"href":"https:\/\/gliki.at\/en\/wp-json\/wp\/v2\/product"}],"about":[{"href":"https:\/\/gliki.at\/en\/wp-json\/wp\/v2\/types\/product"}],"version-history":[{"count":2,"href":"https:\/\/gliki.at\/en\/wp-json\/wp\/v2\/product\/28440\/revisions"}],"predecessor-version":[{"id":28592,"href":"https:\/\/gliki.at\/en\/wp-json\/wp\/v2\/product\/28440\/revisions\/28592"}],"wp:featuredmedia":[{"embeddable":true,"href":"https:\/\/gliki.at\/en\/wp-json\/wp\/v2\/media\/28441"}],"wp:attachment":[{"href":"https:\/\/gliki.at\/en\/wp-json\/wp\/v2\/media?parent=28440"}],"wp:term":[{"taxonomy":"product_brand","embeddable":true,"href":"https:\/\/gliki.at\/en\/wp-json\/wp\/v2\/product_brand?post=28440"},{"taxonomy":"product_cat","embeddable":true,"href":"https:\/\/gliki.at\/en\/wp-json\/wp\/v2\/product_cat?post=28440"},{"taxonomy":"product_tag","embeddable":true,"href":"https:\/\/gliki.at\/en\/wp-json\/wp\/v2\/product_tag?post=28440"}],"curies":[{"name":"wp","href":"https:\/\/api.w.org\/{rel}","templated":true}]}}