{"id":28681,"date":"2025-03-26T14:26:55","date_gmt":"2025-03-26T13:26:55","guid":{"rendered":"https:\/\/gliki.at\/?post_type=product&#038;p=28681"},"modified":"2025-07-29T11:58:16","modified_gmt":"2025-07-29T09:58:16","slug":"fbs-cm25c","status":"publish","type":"product","link":"https:\/\/gliki.at\/en\/shop\/plc-kontroleri\/periferije\/fbs-cm25c\/","title":{"rendered":"FATEK FBs-CM25C modul"},"content":{"rendered":"<p>FBs-CM25C je dvosmerni konvertor signala iz RS-232 u RS-485 \/ RS-422. Ovaj modul mo\u017ee da radi ne samo sa FBs-PLC ure\u0111ajima ve\u0107 i sa kontrolerima drugih proizvo\u0111a\u010da. Funkcija izolacije izme\u0111u portova \u0161titi modul od o\u0161te\u0107enja kada postoji visoka razlika u naponu izme\u0111u podsistema. Tokom instalacije, modul se mo\u017ee montirati na DIN \u0161inu ili fiksirati pomo\u0107u \u0161rafova. Korisnik mo\u017ee odabrati re\u017eim rada RS485 ili RS422 pode\u0161avanjem DIP prekida\u010da na prednjem panelu. Modul ima integrisan zavr\u0161ni otpornik za RS-485 mre\u017eu, koji se tako\u0111e mo\u017ee uklju\u010diti ili isklju\u010diti putem DIP prekida\u010da na prednjoj strani.<\/p>\n<p>Karakteristike:<\/p>\n<p>Podr\u017eava pristup vi\u0161e klijenata<\/p>\n<p>Podr\u017eava klijentski ili serverski re\u017eim<\/p>\n<p>Podr\u017eava Modbus-TCP i proizvo\u0111a\u010dke protokole<\/p>\n<p>Kontrola pristupa zasnovana na IP adresi<\/p>\n<p>Velika brzina prenosa \u2013 230,4 Kbps za serijski interfejs<\/p>\n<p>Konfiguracija putem linije ili mre\u017ee<\/p>\n<p data-start=\"0\" data-end=\"27\"><strong data-start=\"0\" data-end=\"27\">Tehni\u010dke specifikacije:<\/strong><\/p>\n<ul data-start=\"29\" data-end=\"751\" data-is-last-node=\"\" data-is-only-node=\"\">\n<li data-start=\"29\" data-end=\"64\">\n<p data-start=\"31\" data-end=\"64\"><strong data-start=\"31\" data-end=\"53\">Maksimalna brzina:<\/strong> 230 Kbps<\/p>\n<\/li>\n<li data-start=\"65\" data-end=\"101\">\n<p data-start=\"67\" data-end=\"101\"><strong data-start=\"67\" data-end=\"88\">Kontrola protoka:<\/strong> Automatska<\/p>\n<\/li>\n<li data-start=\"102\" data-end=\"237\">\n<p data-start=\"104\" data-end=\"130\"><strong data-start=\"104\" data-end=\"128\">Signalni interfejsi:<\/strong><\/p>\n<ul data-start=\"133\" data-end=\"237\">\n<li data-start=\"133\" data-end=\"168\">\n<p data-start=\"135\" data-end=\"168\"><strong data-start=\"135\" data-end=\"145\">RS232:<\/strong> RX(3), TX(2), GND(5)<\/p>\n<\/li>\n<li data-start=\"171\" data-end=\"201\">\n<p data-start=\"173\" data-end=\"201\"><strong data-start=\"173\" data-end=\"183\">RS485:<\/strong> D(+), D(-), GND<\/p>\n<\/li>\n<li data-start=\"204\" data-end=\"237\">\n<p data-start=\"206\" data-end=\"237\"><strong data-start=\"206\" data-end=\"216\">RS422:<\/strong> TX+, TX-, RX+, RX-<\/p>\n<\/li>\n<\/ul>\n<\/li>\n<li data-start=\"238\" data-end=\"331\">\n<p data-start=\"240\" data-end=\"256\"><strong data-start=\"240\" data-end=\"254\">Konektori:<\/strong><\/p>\n<ul data-start=\"259\" data-end=\"331\">\n<li data-start=\"259\" data-end=\"279\">\n<p data-start=\"261\" data-end=\"279\"><strong data-start=\"261\" data-end=\"272\">RS-232:<\/strong> DB9F<\/p>\n<\/li>\n<li data-start=\"282\" data-end=\"331\">\n<p data-start=\"284\" data-end=\"331\"><strong data-start=\"284\" data-end=\"300\">RS422\/RS485:<\/strong> 8-pinski evropski priklju\u010dak<\/p>\n<\/li>\n<\/ul>\n<\/li>\n<li data-start=\"332\" data-end=\"378\">\n<p data-start=\"334\" data-end=\"378\"><strong data-start=\"334\" data-end=\"356\">Spoljno napajanje:<\/strong> 24V -15%\/+20%, 0.5W<\/p>\n<\/li>\n<li data-start=\"379\" data-end=\"415\">\n<p data-start=\"381\" data-end=\"415\"><strong data-start=\"381\" data-end=\"403\">Radna temperatura:<\/strong> 0 do 60\u00b0C<\/p>\n<\/li>\n<li data-start=\"416\" data-end=\"461\">\n<p data-start=\"418\" data-end=\"461\"><strong data-start=\"418\" data-end=\"447\">Temperatura skladi\u0161tenja:<\/strong> -20 do 80\u00b0C<\/p>\n<\/li>\n<li data-start=\"462\" data-end=\"556\">\n<p data-start=\"464\" data-end=\"482\"><strong data-start=\"464\" data-end=\"480\">TCP portovi:<\/strong><\/p>\n<ul data-start=\"485\" data-end=\"556\">\n<li data-start=\"485\" data-end=\"508\">\n<p data-start=\"487\" data-end=\"508\"><strong data-start=\"487\" data-end=\"502\">Modbus-TCP:<\/strong> 502<\/p>\n<\/li>\n<li data-start=\"511\" data-end=\"556\">\n<p data-start=\"513\" data-end=\"556\"><strong data-start=\"513\" data-end=\"523\">FATEK:<\/strong> 500 (ili korisni\u010dki definisan)<\/p>\n<\/li>\n<\/ul>\n<\/li>\n<li data-start=\"557\" data-end=\"616\">\n<p data-start=\"559\" data-end=\"616\"><strong data-start=\"559\" data-end=\"577\">Konfiguracija:<\/strong> Mre\u017ena konfiguracija putem interneta<\/p>\n<\/li>\n<li data-start=\"617\" data-end=\"668\">\n<p data-start=\"619\" data-end=\"668\"><strong data-start=\"619\" data-end=\"634\">Indikatori:<\/strong> LED indikatori za RX, TX i LINK<\/p>\n<\/li>\n<li data-start=\"669\" data-end=\"706\">\n<p data-start=\"671\" data-end=\"706\"><strong data-start=\"671\" data-end=\"694\">Potro\u0161nja energije:<\/strong> 5V, 200mA<\/p>\n<\/li>\n<li data-start=\"707\" data-end=\"751\" data-is-last-node=\"\">\n<p data-start=\"709\" data-end=\"751\" data-is-last-node=\"\"><strong data-start=\"709\" data-end=\"723\">Dimenzije:<\/strong> 25 (\u0160) x 90 (V) x 73 (D) mm<\/p>\n<\/li>\n<\/ul>","protected":false},"excerpt":{"rendered":"<p>FBs-CM25C modul za konverziju signala RS-232 u RS-485\/RS-422 sa izolacijom, automatskom kontrolom protoka, podr\u0161kom za Modbus-TCP i mre\u017enom konfiguracijom.<\/p>","protected":false},"featured_media":28682,"template":"","meta":[],"product_brand":[111],"product_cat":[43,95],"product_tag":[],"class_list":{"0":"post-28681","1":"product","2":"type-product","3":"status-publish","4":"has-post-thumbnail","6":"product_brand-fatek","7":"product_cat-plc-kontroleri","8":"product_cat-periferije","10":"first","11":"instock","12":"taxable","13":"shipping-taxable","14":"purchasable","15":"product-type-simple"},"_links":{"self":[{"href":"https:\/\/gliki.at\/en\/wp-json\/wp\/v2\/product\/28681","targetHints":{"allow":["GET"]}}],"collection":[{"href":"https:\/\/gliki.at\/en\/wp-json\/wp\/v2\/product"}],"about":[{"href":"https:\/\/gliki.at\/en\/wp-json\/wp\/v2\/types\/product"}],"version-history":[{"count":4,"href":"https:\/\/gliki.at\/en\/wp-json\/wp\/v2\/product\/28681\/revisions"}],"predecessor-version":[{"id":32983,"href":"https:\/\/gliki.at\/en\/wp-json\/wp\/v2\/product\/28681\/revisions\/32983"}],"wp:featuredmedia":[{"embeddable":true,"href":"https:\/\/gliki.at\/en\/wp-json\/wp\/v2\/media\/28682"}],"wp:attachment":[{"href":"https:\/\/gliki.at\/en\/wp-json\/wp\/v2\/media?parent=28681"}],"wp:term":[{"taxonomy":"product_brand","embeddable":true,"href":"https:\/\/gliki.at\/en\/wp-json\/wp\/v2\/product_brand?post=28681"},{"taxonomy":"product_cat","embeddable":true,"href":"https:\/\/gliki.at\/en\/wp-json\/wp\/v2\/product_cat?post=28681"},{"taxonomy":"product_tag","embeddable":true,"href":"https:\/\/gliki.at\/en\/wp-json\/wp\/v2\/product_tag?post=28681"}],"curies":[{"name":"wp","href":"https:\/\/api.w.org\/{rel}","templated":true}]}}