{"id":28693,"date":"2025-03-26T14:38:20","date_gmt":"2025-03-26T13:38:20","guid":{"rendered":"https:\/\/gliki.at\/?post_type=product&#038;p=28693"},"modified":"2025-07-29T16:23:43","modified_gmt":"2025-07-29T14:23:43","slug":"fbs-cmeh","status":"publish","type":"product","link":"https:\/\/gliki.at\/en\/shop\/plc-kontroleri\/periferije\/fbs-cmeh\/","title":{"rendered":"Fatek FBs-CMEH \u2013 Ethernet komunikacioni modul"},"content":{"rendered":"<p data-start=\"0\" data-end=\"271\">FBs-CMEH je Ethernet komunikacioni modul za FATEK FBs seriju PLC-a.<br data-start=\"67\" data-end=\"70\" \/>FBs-CMEH je jedan od komunikacionih modula FBs serije PLC ure\u0111aja. Sa ovim modulom, FBs-PLC mo\u017ee da radi kao klijent ili server preko Ethernet mre\u017ee i omogu\u0107ava daljinski nadzor i dijagnostiku PLC-a.<\/p>\n<p data-start=\"273\" data-end=\"525\">Tokom rada, koristi komunikacione portove CPU-a 3 i 4. Re\u017eim rada porta 3 je fiksiran kao Fatek slave i mo\u017ee se koristiti za programiranje ili otklanjanje gre\u0161aka, dok se port 4 mo\u017ee konfigurirati kao Modbus-TCP server ili klijent, ili Fatek klijent.<\/p>\n<p data-start=\"527\" data-end=\"761\" data-is-last-node=\"\" data-is-only-node=\"\">FBs-CMEH tako\u0111e poseduje ugra\u0111eni web server koji korisnicima omogu\u0107ava pode\u0161avanje konfiguracije preko web pregleda\u010da, kao i prilago\u0111avanje web prezentacije prema sopstvenim potrebama za nadzor ili upravljanje PLC-om putem interneta<\/p>\n<p data-start=\"0\" data-end=\"21\"><strong data-start=\"0\" data-end=\"19\">Karakteristike:<\/strong><\/p>\n<ul data-start=\"22\" data-end=\"619\" data-is-last-node=\"\" data-is-only-node=\"\">\n<li data-start=\"22\" data-end=\"66\">\n<p data-start=\"24\" data-end=\"66\">Podr\u0161ka za pristup vi\u0161estrukih klijenata<\/p>\n<\/li>\n<li data-start=\"67\" data-end=\"111\">\n<p data-start=\"69\" data-end=\"111\">Rad u re\u017eimu Modbus servera ili klijenta<\/p>\n<\/li>\n<li data-start=\"112\" data-end=\"155\">\n<p data-start=\"114\" data-end=\"155\">Rad u re\u017eimu Fatek servera i klijenta*1<\/p>\n<\/li>\n<li data-start=\"156\" data-end=\"200\">\n<p data-start=\"158\" data-end=\"200\">Kontrola pristupa zasnovana na IP adresi<\/p>\n<\/li>\n<li data-start=\"201\" data-end=\"224\">\n<p data-start=\"203\" data-end=\"224\">Ugra\u0111eni web server<\/p>\n<\/li>\n<li data-start=\"225\" data-end=\"275\">\n<p data-start=\"227\" data-end=\"275\">Pode\u0161avanje konfiguracije putem web pregleda\u010da<\/p>\n<\/li>\n<li data-start=\"276\" data-end=\"354\">\n<p data-start=\"278\" data-end=\"354\">Mogu\u0107nost kreiranja prilago\u0111enih web stranica pomo\u0107u alata EasyWebDesigner<\/p>\n<\/li>\n<li data-start=\"355\" data-end=\"443\">\n<p data-start=\"357\" data-end=\"443\">Funkcija poziva usluge (service call back) koja uklanja slo\u017eene mre\u017ene konfiguracije<\/p>\n<\/li>\n<li data-start=\"444\" data-end=\"524\">\n<p data-start=\"446\" data-end=\"524\">Mre\u017eni sat (SNTP) koji elimini\u0161e potrebu za periodi\u010dnim pode\u0161avanjem vremena<\/p>\n<\/li>\n<li data-start=\"525\" data-end=\"619\" data-is-last-node=\"\">\n<p data-start=\"527\" data-end=\"619\" data-is-last-node=\"\">Funkcija slanja email-a koja omogu\u0107ava slanje SMS poruka putem Email to SMS internet servisa<\/p>\n<\/li>\n<\/ul>","protected":false},"excerpt":{"rendered":"<p>Fatek FBs-CMEH omogu\u0107ava Ethernet komunikaciju za FBs PLC seriju, sa vi\u0161ekorisni\u010dkim pristupom, ugra\u0111enim web serverom, IP kontrolom pristupa i podr\u0161kom za Modbus i Fatek re\u017eime rada.<\/p>","protected":false},"featured_media":28694,"template":"","meta":[],"product_brand":[111],"product_cat":[43,95],"product_tag":[],"class_list":{"0":"post-28693","1":"product","2":"type-product","3":"status-publish","4":"has-post-thumbnail","6":"product_brand-fatek","7":"product_cat-plc-kontroleri","8":"product_cat-periferije","10":"first","11":"instock","12":"taxable","13":"shipping-taxable","14":"purchasable","15":"product-type-simple"},"_links":{"self":[{"href":"https:\/\/gliki.at\/en\/wp-json\/wp\/v2\/product\/28693","targetHints":{"allow":["GET"]}}],"collection":[{"href":"https:\/\/gliki.at\/en\/wp-json\/wp\/v2\/product"}],"about":[{"href":"https:\/\/gliki.at\/en\/wp-json\/wp\/v2\/types\/product"}],"version-history":[{"count":4,"href":"https:\/\/gliki.at\/en\/wp-json\/wp\/v2\/product\/28693\/revisions"}],"predecessor-version":[{"id":32990,"href":"https:\/\/gliki.at\/en\/wp-json\/wp\/v2\/product\/28693\/revisions\/32990"}],"wp:featuredmedia":[{"embeddable":true,"href":"https:\/\/gliki.at\/en\/wp-json\/wp\/v2\/media\/28694"}],"wp:attachment":[{"href":"https:\/\/gliki.at\/en\/wp-json\/wp\/v2\/media?parent=28693"}],"wp:term":[{"taxonomy":"product_brand","embeddable":true,"href":"https:\/\/gliki.at\/en\/wp-json\/wp\/v2\/product_brand?post=28693"},{"taxonomy":"product_cat","embeddable":true,"href":"https:\/\/gliki.at\/en\/wp-json\/wp\/v2\/product_cat?post=28693"},{"taxonomy":"product_tag","embeddable":true,"href":"https:\/\/gliki.at\/en\/wp-json\/wp\/v2\/product_tag?post=28693"}],"curies":[{"name":"wp","href":"https:\/\/api.w.org\/{rel}","templated":true}]}}