{"id":28702,"date":"2025-03-26T14:51:22","date_gmt":"2025-03-26T13:51:22","guid":{"rendered":"https:\/\/gliki.at\/?post_type=product&#038;p=28702"},"modified":"2025-07-29T16:32:33","modified_gmt":"2025-07-29T14:32:33","slug":"fatek-fbs-vom","status":"publish","type":"product","link":"https:\/\/gliki.at\/en\/shop\/plc-kontroleri\/periferije\/fatek-fbs-vom\/","title":{"rendered":"FATEK FBs-VOM- modul za glasovni izlaz"},"content":{"rendered":"<p>FBs-VOM je modul za glasovni izlaz za Fatek-PLC kontrolni sistem. Sa ovim modulom, korisnik mo\u017ee da kontroli\u0161e reprodukciju zvu\u010dnih zapisa koji su unapred snimljeni u modulu ili na SD kartici. Mo\u017ee se koristiti u aplikacijama koje koriste glasovne navigacione sisteme, kao \u0161to su mehani\u010dki parking sistemi ili lift sistemi. Po\u0161to modul koristi standardni Microsoft talasni format (.wav) za snimanje zvu\u010dnih zapisa, reprodukcija zvuka se lako mo\u017ee kreirati ili izmeniti na ra\u010dunaru.<\/p>\n<p>Specifikacije zvu\u010dnog modula:<\/p>\n<p>Reprodukcija zvu\u010dnih zapisa: 245 naslova<\/p>\n<p>Medij za skladi\u0161tenje zvuka: Ugra\u0111ena fle\u0161 memorija ili spolja\u0161nja SD kartica<\/p>\n<p>Kapacitet zvuka:<\/p>\n<p>Ugra\u0111eno: 1 MB, do 2 minuta reprodukcije<\/p>\n<p>SD kartica (FAT16\/FAT32): do 2 GB, do 4000 minuta reprodukcije<\/p>\n<p>Zauze\u0107e ulaza\/izlaza: 8 digitalnih ulaza i 8 digitalnih izlaza<\/p>\n<p>Format zvuka: Mono, 8-bit, uzorkovanje 8 kHz<\/p>\n<p>Izlazni signal: 8V p-p, 4\u03a9 2W<\/p>\n<p>Kontrola reprodukcije: preko PLC-a ili ru\u010dno (test reprodukcija)<\/p>\n<p>Kontrola nivoa zvuka: upravljanje PLC-om, do 10 nivoa<\/p>\n<p>Instalacija zvu\u010dnih zapisa: ure\u0111ivanje na ra\u010dunaru i preuzimanje preko SD kartice<\/p>\n<p>Konektor: Euro konektor<\/p>\n<p>Izolacija: Nema<\/p>\n<p>Indikatori: LED za napajanje 5V i tri LED diode za rad modula<\/p>\n<p>Potro\u0161nja energije: 5V, 500 mA pri izlaznoj snazi od 2W<\/p>\n<p>Radna temperatura: 0 do 60 \u00b0C<\/p>\n<p>Temperatura skladi\u0161tenja: -20 do 80 \u00b0C<\/p>\n<p>Dimenzije: 40 (\u0160) x 90 (V) x 80 (D) mm<\/p>","protected":false},"excerpt":{"rendered":"<p>FBs-VOM je modul za glasovni izlaz sa 245 zvu\u010dnih zapisa, ugra\u0111enom memorijom i podr\u0161kom za SD kartice.<\/p>","protected":false},"featured_media":28703,"template":"","meta":[],"product_brand":[111],"product_cat":[43,95],"product_tag":[],"class_list":{"0":"post-28702","1":"product","2":"type-product","3":"status-publish","4":"has-post-thumbnail","6":"product_brand-fatek","7":"product_cat-plc-kontroleri","8":"product_cat-periferije","10":"first","11":"instock","12":"taxable","13":"shipping-taxable","14":"purchasable","15":"product-type-simple"},"_links":{"self":[{"href":"https:\/\/gliki.at\/en\/wp-json\/wp\/v2\/product\/28702","targetHints":{"allow":["GET"]}}],"collection":[{"href":"https:\/\/gliki.at\/en\/wp-json\/wp\/v2\/product"}],"about":[{"href":"https:\/\/gliki.at\/en\/wp-json\/wp\/v2\/types\/product"}],"version-history":[{"count":5,"href":"https:\/\/gliki.at\/en\/wp-json\/wp\/v2\/product\/28702\/revisions"}],"predecessor-version":[{"id":32996,"href":"https:\/\/gliki.at\/en\/wp-json\/wp\/v2\/product\/28702\/revisions\/32996"}],"wp:featuredmedia":[{"embeddable":true,"href":"https:\/\/gliki.at\/en\/wp-json\/wp\/v2\/media\/28703"}],"wp:attachment":[{"href":"https:\/\/gliki.at\/en\/wp-json\/wp\/v2\/media?parent=28702"}],"wp:term":[{"taxonomy":"product_brand","embeddable":true,"href":"https:\/\/gliki.at\/en\/wp-json\/wp\/v2\/product_brand?post=28702"},{"taxonomy":"product_cat","embeddable":true,"href":"https:\/\/gliki.at\/en\/wp-json\/wp\/v2\/product_cat?post=28702"},{"taxonomy":"product_tag","embeddable":true,"href":"https:\/\/gliki.at\/en\/wp-json\/wp\/v2\/product_tag?post=28702"}],"curies":[{"name":"wp","href":"https:\/\/api.w.org\/{rel}","templated":true}]}}