{"id":28996,"date":"2025-03-28T02:26:35","date_gmt":"2025-03-28T01:26:35","guid":{"rendered":"https:\/\/gliki.at\/?post_type=product&#038;p=28996"},"modified":"2025-07-29T17:01:15","modified_gmt":"2025-07-29T15:01:15","slug":"b1z-10mt25-d24","status":"publish","type":"product","link":"https:\/\/gliki.at\/en\/shop\/plc-kontroleri\/cpu\/b1z-10mt25-d24\/","title":{"rendered":"FATEK B1z-10MT25-D24"},"content":{"rendered":"<p>Fatek PLC iz napredne serije<\/p>\n<p>6 ta\u010daka digitalnog ulaza 24VDC (4 ta\u010dke visokih frekvencija 50KHz, 2 ta\u010dke ukupno 5KHz)<br data-start=\"102\" data-end=\"105\" \/>4 ta\u010dke relejnog ili tranzistorskog izlaza (2 ta\u010dke visokih frekvencija 50KHz)<br data-start=\"183\" data-end=\"186\" \/>ugra\u0111eni 1 komunikacioni port<br data-start=\"215\" data-end=\"218\" \/>sa obe strane nije pro\u0161irivo<\/p>","protected":false},"excerpt":{"rendered":"<p>PLC FATEK B1z-10MT25-D24 sa 6 digitalnih ulaza 24VDC (4 ta\u010dke do 50KHz), 4 tranzistorska ili relejna izlaza (2 ta\u010dke 50KHz) i ugra\u0111enim komunikacionim portom.<\/p>","protected":false},"featured_media":28997,"template":"","meta":[],"product_brand":[111],"product_cat":[43,94],"product_tag":[],"class_list":{"0":"post-28996","1":"product","2":"type-product","3":"status-publish","4":"has-post-thumbnail","6":"product_brand-fatek","7":"product_cat-plc-kontroleri","8":"product_cat-cpu","10":"first","11":"instock","12":"taxable","13":"shipping-taxable","14":"purchasable","15":"product-type-simple"},"_links":{"self":[{"href":"https:\/\/gliki.at\/en\/wp-json\/wp\/v2\/product\/28996","targetHints":{"allow":["GET"]}}],"collection":[{"href":"https:\/\/gliki.at\/en\/wp-json\/wp\/v2\/product"}],"about":[{"href":"https:\/\/gliki.at\/en\/wp-json\/wp\/v2\/types\/product"}],"version-history":[{"count":4,"href":"https:\/\/gliki.at\/en\/wp-json\/wp\/v2\/product\/28996\/revisions"}],"predecessor-version":[{"id":33007,"href":"https:\/\/gliki.at\/en\/wp-json\/wp\/v2\/product\/28996\/revisions\/33007"}],"wp:featuredmedia":[{"embeddable":true,"href":"https:\/\/gliki.at\/en\/wp-json\/wp\/v2\/media\/28997"}],"wp:attachment":[{"href":"https:\/\/gliki.at\/en\/wp-json\/wp\/v2\/media?parent=28996"}],"wp:term":[{"taxonomy":"product_brand","embeddable":true,"href":"https:\/\/gliki.at\/en\/wp-json\/wp\/v2\/product_brand?post=28996"},{"taxonomy":"product_cat","embeddable":true,"href":"https:\/\/gliki.at\/en\/wp-json\/wp\/v2\/product_cat?post=28996"},{"taxonomy":"product_tag","embeddable":true,"href":"https:\/\/gliki.at\/en\/wp-json\/wp\/v2\/product_tag?post=28996"}],"curies":[{"name":"wp","href":"https:\/\/api.w.org\/{rel}","templated":true}]}}