{"id":29024,"date":"2025-03-29T00:50:12","date_gmt":"2025-03-28T23:50:12","guid":{"rendered":"https:\/\/gliki.at\/?post_type=product&#038;p=29024"},"modified":"2025-07-29T16:45:44","modified_gmt":"2025-07-29T14:45:44","slug":"b1z-20mt","status":"publish","type":"product","link":"https:\/\/gliki.at\/en\/shop\/plc-kontroleri\/cpu\/b1z-20mt\/","title":{"rendered":"FATEK B1z-20MT"},"content":{"rendered":"<p>Ovaj model nudi 12 digitalnih ulaza i 8 tranzistorskih izlaza, omogu\u0107avaju\u0107i fleksibilnost u industrijskoj automatizaciji. Zahvaljuju\u0107i RS-485 portu, lako se povezuje sa drugim ure\u0111ajima i sistemima.<\/p>\n<p>Klju\u010dne karakteristike:<br \/>\nDigitalni ulazi: 12 ulaza, 24V DC.<\/p>\n<p>Digitalni izlazi: 8 tranzistorskih izlaza (NPN).<\/p>\n<p>Komunikacija: 1 ugra\u0111eni RS-485 port.<\/p>\n<p>Napajanje: 24V DC.<\/p>\n<p>Brza i precizna kontrola, pogodna za automatizovane procese sa visokim zahtevima.<\/p>\n<p>B1z-20MT je pouzdan i efikasan PLC za industrijske aplikacije koje zahtevaju precizno i brzo upravljanje.<\/p>","protected":false},"excerpt":{"rendered":"<p>B1z-20MT je programabilni logi\u010dki kontroler (PLC) sa tranzistorskih izlazima, pogodan za brze industrijske aplikacije koje zahtevaju pouzdano i precizno upravljanje.<\/p>","protected":false},"featured_media":29025,"template":"","meta":[],"product_brand":[111],"product_cat":[43,94],"product_tag":[],"class_list":{"0":"post-29024","1":"product","2":"type-product","3":"status-publish","4":"has-post-thumbnail","6":"product_brand-fatek","7":"product_cat-plc-kontroleri","8":"product_cat-cpu","10":"first","11":"instock","12":"taxable","13":"shipping-taxable","14":"purchasable","15":"product-type-simple"},"_links":{"self":[{"href":"https:\/\/gliki.at\/en\/wp-json\/wp\/v2\/product\/29024","targetHints":{"allow":["GET"]}}],"collection":[{"href":"https:\/\/gliki.at\/en\/wp-json\/wp\/v2\/product"}],"about":[{"href":"https:\/\/gliki.at\/en\/wp-json\/wp\/v2\/types\/product"}],"version-history":[{"count":2,"href":"https:\/\/gliki.at\/en\/wp-json\/wp\/v2\/product\/29024\/revisions"}],"predecessor-version":[{"id":29116,"href":"https:\/\/gliki.at\/en\/wp-json\/wp\/v2\/product\/29024\/revisions\/29116"}],"wp:featuredmedia":[{"embeddable":true,"href":"https:\/\/gliki.at\/en\/wp-json\/wp\/v2\/media\/29025"}],"wp:attachment":[{"href":"https:\/\/gliki.at\/en\/wp-json\/wp\/v2\/media?parent=29024"}],"wp:term":[{"taxonomy":"product_brand","embeddable":true,"href":"https:\/\/gliki.at\/en\/wp-json\/wp\/v2\/product_brand?post=29024"},{"taxonomy":"product_cat","embeddable":true,"href":"https:\/\/gliki.at\/en\/wp-json\/wp\/v2\/product_cat?post=29024"},{"taxonomy":"product_tag","embeddable":true,"href":"https:\/\/gliki.at\/en\/wp-json\/wp\/v2\/product_tag?post=29024"}],"curies":[{"name":"wp","href":"https:\/\/api.w.org\/{rel}","templated":true}]}}