{"id":29038,"date":"2025-03-29T00:59:39","date_gmt":"2025-03-28T23:59:39","guid":{"rendered":"https:\/\/gliki.at\/?post_type=product&#038;p=29038"},"modified":"2025-07-29T16:42:55","modified_gmt":"2025-07-29T14:42:55","slug":"b1z-32mr25-d24","status":"publish","type":"product","link":"https:\/\/gliki.at\/en\/shop\/plc-kontroleri\/cpu\/b1z-32mr25-d24\/","title":{"rendered":"FATEK B1z-32MR25-D24"},"content":{"rendered":"<p>&nbsp;<\/p>\n<p>&nbsp;<\/p>\n<p>Ovaj model nudi 18 digitalnih ulaza i 14 relejnih izlaza, sa integrisanim RS-485 portom za povezivanje sa eksternim ure\u0111ajima.<\/p>\n<p>Klju\u010dne karakteristike:<br \/>\nDigitalni ulazi: 18 ulaza, 24V DC.<\/p>\n<p>Digitalni izlazi: 14 relejnih izlaza.<\/p>\n<p>Komunikacija: 1 ugra\u0111eni RS-485 port.<\/p>\n<p>Napajanje: 24V DC.<\/p>\n<p>Visoka pouzdanost za napredne industrijske primene.<\/p>\n<p>B1z-32MR25-D24 je savr\u0161en izbor za kompleksne automatizovane sisteme, pru\u017eaju\u0107i preciznu i stabilnu kontrolu procesa.<\/p>","protected":false},"excerpt":{"rendered":"<p>B1z-32MR25-D24 je napredni PLC sa ve\u0107im brojem ulazno-izlaznih ta\u010daka, idealan za slo\u017eenije automatizovane sisteme.<\/p>","protected":false},"featured_media":29039,"template":"","meta":[],"product_brand":[111],"product_cat":[43,94],"product_tag":[],"class_list":{"0":"post-29038","1":"product","2":"type-product","3":"status-publish","4":"has-post-thumbnail","6":"product_brand-fatek","7":"product_cat-plc-kontroleri","8":"product_cat-cpu","10":"first","11":"instock","12":"taxable","13":"shipping-taxable","14":"purchasable","15":"product-type-simple"},"_links":{"self":[{"href":"https:\/\/gliki.at\/en\/wp-json\/wp\/v2\/product\/29038","targetHints":{"allow":["GET"]}}],"collection":[{"href":"https:\/\/gliki.at\/en\/wp-json\/wp\/v2\/product"}],"about":[{"href":"https:\/\/gliki.at\/en\/wp-json\/wp\/v2\/types\/product"}],"version-history":[{"count":4,"href":"https:\/\/gliki.at\/en\/wp-json\/wp\/v2\/product\/29038\/revisions"}],"predecessor-version":[{"id":33000,"href":"https:\/\/gliki.at\/en\/wp-json\/wp\/v2\/product\/29038\/revisions\/33000"}],"wp:featuredmedia":[{"embeddable":true,"href":"https:\/\/gliki.at\/en\/wp-json\/wp\/v2\/media\/29039"}],"wp:attachment":[{"href":"https:\/\/gliki.at\/en\/wp-json\/wp\/v2\/media?parent=29038"}],"wp:term":[{"taxonomy":"product_brand","embeddable":true,"href":"https:\/\/gliki.at\/en\/wp-json\/wp\/v2\/product_brand?post=29038"},{"taxonomy":"product_cat","embeddable":true,"href":"https:\/\/gliki.at\/en\/wp-json\/wp\/v2\/product_cat?post=29038"},{"taxonomy":"product_tag","embeddable":true,"href":"https:\/\/gliki.at\/en\/wp-json\/wp\/v2\/product_tag?post=29038"}],"curies":[{"name":"wp","href":"https:\/\/api.w.org\/{rel}","templated":true}]}}