{"id":29044,"date":"2025-03-29T01:05:38","date_gmt":"2025-03-29T00:05:38","guid":{"rendered":"https:\/\/gliki.at\/?post_type=product&#038;p=29044"},"modified":"2025-07-30T11:47:25","modified_gmt":"2025-07-30T09:47:25","slug":"b1z-32mt25-d24","status":"publish","type":"product","link":"https:\/\/gliki.at\/en\/shop\/plc-kontroleri\/cpu\/b1z-32mt25-d24\/","title":{"rendered":"FATEK B1z-32MT25-D24"},"content":{"rendered":"<p>FATEK B1z-32MT2-AC<\/p>\n<p>PLC ure\u0111aj poseduje 20 digitalnih ulaza na 24VDC, od kojih je 8 ulaza visoke brzine do 50 kHz, 8 ulaza ukupno srednje brzine do 5 kHz, i 4 ulaza niske brzine. Ure\u0111aj ima 12 digitalnih izlaza tipa PNP tranzistor, pri \u010demu 6 izlaza podr\u017eava rad na visokoj brzini do 50 kHz. Ugra\u0111ena su 2 komunikaciona porta \u2013 jedan RS-232 i jedan RS-485 \u2013 pri \u010demu ure\u0111aj nije pro\u0161iriv u pogledu dodatnih komunikacionih portova. Sa leve strane mo\u017ee se pro\u0161iriti sa 0 do 2 modula, dok je sa desne strane omogu\u0107ena pro\u0161irivost do ukupno 80 ulazno\/izlaznih ta\u010daka. Napajanje ure\u0111aja je u opsegu od 100 do 240 VAC, a ku\u0107i\u0161te je standardne veli\u010dine.<\/p>","protected":false},"excerpt":{"rendered":"<p>B1z-32MT25-D24 je PLC sa pro\u0161irenim brojem tranzistorskih izlaza, idealan za preciznu kontrolu automatizovanih sistema.<\/p>","protected":false},"featured_media":29045,"template":"","meta":[],"product_brand":[111],"product_cat":[43,94],"product_tag":[],"class_list":{"0":"post-29044","1":"product","2":"type-product","3":"status-publish","4":"has-post-thumbnail","6":"product_brand-fatek","7":"product_cat-plc-kontroleri","8":"product_cat-cpu","10":"first","11":"instock","12":"taxable","13":"shipping-taxable","14":"purchasable","15":"product-type-simple"},"_links":{"self":[{"href":"https:\/\/gliki.at\/en\/wp-json\/wp\/v2\/product\/29044","targetHints":{"allow":["GET"]}}],"collection":[{"href":"https:\/\/gliki.at\/en\/wp-json\/wp\/v2\/product"}],"about":[{"href":"https:\/\/gliki.at\/en\/wp-json\/wp\/v2\/types\/product"}],"version-history":[{"count":4,"href":"https:\/\/gliki.at\/en\/wp-json\/wp\/v2\/product\/29044\/revisions"}],"predecessor-version":[{"id":33017,"href":"https:\/\/gliki.at\/en\/wp-json\/wp\/v2\/product\/29044\/revisions\/33017"}],"wp:featuredmedia":[{"embeddable":true,"href":"https:\/\/gliki.at\/en\/wp-json\/wp\/v2\/media\/29045"}],"wp:attachment":[{"href":"https:\/\/gliki.at\/en\/wp-json\/wp\/v2\/media?parent=29044"}],"wp:term":[{"taxonomy":"product_brand","embeddable":true,"href":"https:\/\/gliki.at\/en\/wp-json\/wp\/v2\/product_brand?post=29044"},{"taxonomy":"product_cat","embeddable":true,"href":"https:\/\/gliki.at\/en\/wp-json\/wp\/v2\/product_cat?post=29044"},{"taxonomy":"product_tag","embeddable":true,"href":"https:\/\/gliki.at\/en\/wp-json\/wp\/v2\/product_tag?post=29044"}],"curies":[{"name":"wp","href":"https:\/\/api.w.org\/{rel}","templated":true}]}}