{"id":29050,"date":"2025-03-29T01:10:27","date_gmt":"2025-03-29T00:10:27","guid":{"rendered":"https:\/\/gliki.at\/?post_type=product&#038;p=29050"},"modified":"2025-07-30T11:48:24","modified_gmt":"2025-07-30T09:48:24","slug":"b1z-40mr25-d24","status":"publish","type":"product","link":"https:\/\/gliki.at\/en\/shop\/plc-kontroleri\/cpu\/b1z-40mr25-d24\/","title":{"rendered":"FATEK B1z-40MR25-D24"},"content":{"rendered":"<p>&nbsp;<\/p>\n<p>Ovaj model nudi 24 digitalna ulaza i 16 relejnih izlaza, omogu\u0107avaju\u0107i preciznu kontrolu industrijskih procesa. RS-485 port omogu\u0107ava lako povezivanje sa drugim sistemima.<\/p>\n<p>Klju\u010dne karakteristike:<br \/>\nDigitalni ulazi: 24 ulaza, 24V DC.<\/p>\n<p>Digitalni izlazi: 16 relejnih izlaza.<\/p>\n<p>Komunikacija: 1 ugra\u0111eni RS-485 port.<\/p>\n<p>Napajanje: 24V DC.<\/p>\n<p>Pogodan za velike industrijske procese sa potrebom za stabilnim radom.<\/p>\n<p>B1z-40MR25-D24 je idealan izbor za industrijske aplikacije koje zahtevaju veliku fleksibilnost i pouzdanost.<\/p>","protected":false},"excerpt":{"rendered":"<p>B1z-40MR25-D24 je PLC sa velikim brojem ulaza i izlaza, dizajniran za napredne automatizovane sisteme sa DC napajanjem.<\/p>","protected":false},"featured_media":29051,"template":"","meta":[],"product_brand":[111],"product_cat":[43,94],"product_tag":[],"class_list":{"0":"post-29050","1":"product","2":"type-product","3":"status-publish","4":"has-post-thumbnail","6":"product_brand-fatek","7":"product_cat-plc-kontroleri","8":"product_cat-cpu","10":"first","11":"instock","12":"taxable","13":"shipping-taxable","14":"purchasable","15":"product-type-simple"},"_links":{"self":[{"href":"https:\/\/gliki.at\/en\/wp-json\/wp\/v2\/product\/29050","targetHints":{"allow":["GET"]}}],"collection":[{"href":"https:\/\/gliki.at\/en\/wp-json\/wp\/v2\/product"}],"about":[{"href":"https:\/\/gliki.at\/en\/wp-json\/wp\/v2\/types\/product"}],"version-history":[{"count":2,"href":"https:\/\/gliki.at\/en\/wp-json\/wp\/v2\/product\/29050\/revisions"}],"predecessor-version":[{"id":29108,"href":"https:\/\/gliki.at\/en\/wp-json\/wp\/v2\/product\/29050\/revisions\/29108"}],"wp:featuredmedia":[{"embeddable":true,"href":"https:\/\/gliki.at\/en\/wp-json\/wp\/v2\/media\/29051"}],"wp:attachment":[{"href":"https:\/\/gliki.at\/en\/wp-json\/wp\/v2\/media?parent=29050"}],"wp:term":[{"taxonomy":"product_brand","embeddable":true,"href":"https:\/\/gliki.at\/en\/wp-json\/wp\/v2\/product_brand?post=29050"},{"taxonomy":"product_cat","embeddable":true,"href":"https:\/\/gliki.at\/en\/wp-json\/wp\/v2\/product_cat?post=29050"},{"taxonomy":"product_tag","embeddable":true,"href":"https:\/\/gliki.at\/en\/wp-json\/wp\/v2\/product_tag?post=29050"}],"curies":[{"name":"wp","href":"https:\/\/api.w.org\/{rel}","templated":true}]}}