{"id":29056,"date":"2025-03-29T01:13:25","date_gmt":"2025-03-29T00:13:25","guid":{"rendered":"https:\/\/gliki.at\/?post_type=product&#038;p=29056"},"modified":"2025-07-30T11:49:51","modified_gmt":"2025-07-30T09:49:51","slug":"b1z-60mt25-d24","status":"publish","type":"product","link":"https:\/\/gliki.at\/en\/shop\/plc-kontroleri\/cpu\/b1z-60mt25-d24\/","title":{"rendered":"B1z-60MT25-D24"},"content":{"rendered":"<p>Ovaj model poseduje 36 digitalnih ulaza i 24 tranzistorska izlaza, omogu\u0107avaju\u0107i upravljanje kompleksnim sistemima. RS-485 port omogu\u0107ava povezivanje sa drugim ure\u0111ajima.<\/p>\n<p>Klju\u010dne karakteristike:<br \/>\nDigitalni ulazi: 36 ulaza, 24V DC.<\/p>\n<p>Digitalni izlazi: 24 tranzistorskih izlaza (NPN).<\/p>\n<p>Komunikacija: 1 ugra\u0111eni RS-485 port.<\/p>\n<p>Napajanje: 24V DC.<\/p>\n<p>Idealan za velike industrijske sisteme sa potrebom za velikim brojem I\/O ta\u010daka.<\/p>\n<p>B1z-60MT25-D24 je mo\u0107an PLC koji pru\u017ea precizno i stabilno upravljanje velikim industrijskim procesima.<\/p>","protected":false},"excerpt":{"rendered":"<p>B1z-60MT25-D24 je napredni PLC sa velikim brojem tranzistorskih izlaza, dizajniran za industrijske procese koji zahtevaju slo\u017eenu automatizaciju.<\/p>","protected":false},"featured_media":29057,"template":"","meta":[],"product_brand":[111],"product_cat":[43,94],"product_tag":[],"class_list":{"0":"post-29056","1":"product","2":"type-product","3":"status-publish","4":"has-post-thumbnail","6":"product_brand-fatek","7":"product_cat-plc-kontroleri","8":"product_cat-cpu","10":"first","11":"instock","12":"taxable","13":"shipping-taxable","14":"purchasable","15":"product-type-simple"},"_links":{"self":[{"href":"https:\/\/gliki.at\/en\/wp-json\/wp\/v2\/product\/29056","targetHints":{"allow":["GET"]}}],"collection":[{"href":"https:\/\/gliki.at\/en\/wp-json\/wp\/v2\/product"}],"about":[{"href":"https:\/\/gliki.at\/en\/wp-json\/wp\/v2\/types\/product"}],"version-history":[{"count":1,"href":"https:\/\/gliki.at\/en\/wp-json\/wp\/v2\/product\/29056\/revisions"}],"predecessor-version":[{"id":29058,"href":"https:\/\/gliki.at\/en\/wp-json\/wp\/v2\/product\/29056\/revisions\/29058"}],"wp:featuredmedia":[{"embeddable":true,"href":"https:\/\/gliki.at\/en\/wp-json\/wp\/v2\/media\/29057"}],"wp:attachment":[{"href":"https:\/\/gliki.at\/en\/wp-json\/wp\/v2\/media?parent=29056"}],"wp:term":[{"taxonomy":"product_brand","embeddable":true,"href":"https:\/\/gliki.at\/en\/wp-json\/wp\/v2\/product_brand?post=29056"},{"taxonomy":"product_cat","embeddable":true,"href":"https:\/\/gliki.at\/en\/wp-json\/wp\/v2\/product_cat?post=29056"},{"taxonomy":"product_tag","embeddable":true,"href":"https:\/\/gliki.at\/en\/wp-json\/wp\/v2\/product_tag?post=29056"}],"curies":[{"name":"wp","href":"https:\/\/api.w.org\/{rel}","templated":true}]}}