{"id":29059,"date":"2025-03-29T01:17:27","date_gmt":"2025-03-29T00:17:27","guid":{"rendered":"https:\/\/gliki.at\/?post_type=product&#038;p=29059"},"modified":"2025-07-30T11:53:10","modified_gmt":"2025-07-30T09:53:10","slug":"b1z-24mt-d24","status":"publish","type":"product","link":"https:\/\/gliki.at\/en\/shop\/plc-kontroleri\/cpu\/b1z-24mt-d24\/","title":{"rendered":"FATEK B1z-24MT-D24"},"content":{"rendered":"<p>&nbsp;<\/p>\n<p>Ovaj model raspola\u017ee sa 14 digitalnih ulaza i 10 tranzistorskih izlaza, omogu\u0107avaju\u0107i efikasnu kontrolu i brzu obradu signala. Ugra\u0111eni RS-485 port omogu\u0107ava jednostavnu integraciju sa drugim sistemima automatizacije.<\/p>\n<p>Klju\u010dne karakteristike:<br \/>\nDigitalni ulazi: 14 ulaza, 24V DC.<\/p>\n<p>Digitalni izlazi: 10 tranzistorskih izlaza (NPN).<\/p>\n<p>Komunikacija: 1 ugra\u0111eni RS-485 port.<\/p>\n<p>Napajanje: 24V DC.<\/p>\n<p>Brza i precizna kontrola pogodna za dinami\u010dne industrijske procese.<\/p>\n<p>B1z-24MT-D24 je odli\u010dno re\u0161enje za industrijske aplikacije koje zahtevaju brz i pouzdan PLC sa tranzistorskih izlazima.<\/p>","protected":false},"excerpt":{"rendered":"<p>B1z-24MT-D24 je kompaktni PLC sa tranzistorskih izlazima, idealan za industrijsku automatizaciju koja zahteva brzo i precizno upravljanje.<\/p>","protected":false},"featured_media":29060,"template":"","meta":[],"product_brand":[111],"product_cat":[43,94],"product_tag":[],"class_list":{"0":"post-29059","1":"product","2":"type-product","3":"status-publish","4":"has-post-thumbnail","6":"product_brand-fatek","7":"product_cat-plc-kontroleri","8":"product_cat-cpu","10":"first","11":"instock","12":"taxable","13":"shipping-taxable","14":"purchasable","15":"product-type-simple"},"_links":{"self":[{"href":"https:\/\/gliki.at\/en\/wp-json\/wp\/v2\/product\/29059","targetHints":{"allow":["GET"]}}],"collection":[{"href":"https:\/\/gliki.at\/en\/wp-json\/wp\/v2\/product"}],"about":[{"href":"https:\/\/gliki.at\/en\/wp-json\/wp\/v2\/types\/product"}],"version-history":[{"count":3,"href":"https:\/\/gliki.at\/en\/wp-json\/wp\/v2\/product\/29059\/revisions"}],"predecessor-version":[{"id":29147,"href":"https:\/\/gliki.at\/en\/wp-json\/wp\/v2\/product\/29059\/revisions\/29147"}],"wp:featuredmedia":[{"embeddable":true,"href":"https:\/\/gliki.at\/en\/wp-json\/wp\/v2\/media\/29060"}],"wp:attachment":[{"href":"https:\/\/gliki.at\/en\/wp-json\/wp\/v2\/media?parent=29059"}],"wp:term":[{"taxonomy":"product_brand","embeddable":true,"href":"https:\/\/gliki.at\/en\/wp-json\/wp\/v2\/product_brand?post=29059"},{"taxonomy":"product_cat","embeddable":true,"href":"https:\/\/gliki.at\/en\/wp-json\/wp\/v2\/product_cat?post=29059"},{"taxonomy":"product_tag","embeddable":true,"href":"https:\/\/gliki.at\/en\/wp-json\/wp\/v2\/product_tag?post=29059"}],"curies":[{"name":"wp","href":"https:\/\/api.w.org\/{rel}","templated":true}]}}