{"id":29063,"date":"2025-03-29T12:03:58","date_gmt":"2025-03-29T11:03:58","guid":{"rendered":"https:\/\/gliki.at\/?post_type=product&#038;p=29063"},"modified":"2025-07-30T11:54:09","modified_gmt":"2025-07-30T09:54:09","slug":"fbs-232p0-9f-150","status":"publish","type":"product","link":"https:\/\/gliki.at\/en\/shop\/kablovi-za-programiranje\/fbs-232p0-9f-150\/","title":{"rendered":"FBs-232P0-9F-150"},"content":{"rendered":"<p class=\"\" data-start=\"0\" data-end=\"174\">FATEK FBs-232P0-9F-150 je namenski komunikacioni kabl dizajniran za povezivanje Port 0 (RS232) glavne jedinice FATEK FBs serije PLC-a sa standardnim DB9 \u017eenskim konektorom.<\/p>\n<p class=\"\" data-start=\"176\" data-end=\"277\">Du\u017eina kabla je 150 cm (5 stopa), \u0161to omogu\u0107ava fleksibilnost u postavljanju i povezivanju ure\u0111aja.<\/p>\n<p class=\"\" data-start=\"279\" data-end=\"578\">Ovaj kabl omogu\u0107ava pouzdanu serijsku komunikaciju izme\u0111u PLC-a i drugih ure\u0111aja ili ra\u010dunara, \u0161to je klju\u010dno za programiranje i prenos podataka. Kabl ima Mini-DIN 4M konektor na jednoj strani i DB9 \u017eenski konektor na drugoj strani, prilago\u0111en za Port 0 RS232 konekciju glavne jedinice FBs serije.<\/p>\n<p class=\"\" data-start=\"580\" data-end=\"735\">FBs-232P0-9F-150 je kompatibilan sa FATEK FBs serijom PLC-ova i obezbe\u0111uje stabilnu i efikasnu komunikaciju neophodnu za razli\u010dite industrijske aplikacije.<\/p>","protected":false},"excerpt":{"rendered":"<p>FATEK FBs-232P0-9F-150 je namenski komunikacioni kabl dizajniran za povezivanje Port 0 (RS232) glavne jedinice FATEK FBs serije PLC-a sa standardnim DB9 \u017eenskim konektorom.<\/p>","protected":false},"featured_media":29064,"template":"","meta":[],"product_brand":[111],"product_cat":[108],"product_tag":[],"class_list":{"0":"post-29063","1":"product","2":"type-product","3":"status-publish","4":"has-post-thumbnail","6":"product_brand-fatek","7":"product_cat-kablovi-za-programiranje","9":"first","10":"instock","11":"taxable","12":"shipping-taxable","13":"purchasable","14":"product-type-simple"},"_links":{"self":[{"href":"https:\/\/gliki.at\/en\/wp-json\/wp\/v2\/product\/29063","targetHints":{"allow":["GET"]}}],"collection":[{"href":"https:\/\/gliki.at\/en\/wp-json\/wp\/v2\/product"}],"about":[{"href":"https:\/\/gliki.at\/en\/wp-json\/wp\/v2\/types\/product"}],"version-history":[{"count":1,"href":"https:\/\/gliki.at\/en\/wp-json\/wp\/v2\/product\/29063\/revisions"}],"predecessor-version":[{"id":29065,"href":"https:\/\/gliki.at\/en\/wp-json\/wp\/v2\/product\/29063\/revisions\/29065"}],"wp:featuredmedia":[{"embeddable":true,"href":"https:\/\/gliki.at\/en\/wp-json\/wp\/v2\/media\/29064"}],"wp:attachment":[{"href":"https:\/\/gliki.at\/en\/wp-json\/wp\/v2\/media?parent=29063"}],"wp:term":[{"taxonomy":"product_brand","embeddable":true,"href":"https:\/\/gliki.at\/en\/wp-json\/wp\/v2\/product_brand?post=29063"},{"taxonomy":"product_cat","embeddable":true,"href":"https:\/\/gliki.at\/en\/wp-json\/wp\/v2\/product_cat?post=29063"},{"taxonomy":"product_tag","embeddable":true,"href":"https:\/\/gliki.at\/en\/wp-json\/wp\/v2\/product_tag?post=29063"}],"curies":[{"name":"wp","href":"https:\/\/api.w.org\/{rel}","templated":true}]}}