{"id":29066,"date":"2025-03-29T12:06:04","date_gmt":"2025-03-29T11:06:04","guid":{"rendered":"https:\/\/gliki.at\/?post_type=product&#038;p=29066"},"modified":"2025-09-08T20:32:51","modified_gmt":"2025-09-08T18:32:51","slug":"fbs-232p0-9fr-200","status":"publish","type":"product","link":"https:\/\/gliki.at\/en\/shop\/kablovi-za-programiranje\/fbs-232p0-9fr-200\/","title":{"rendered":"FBs-232P0-9FR-200"},"content":{"rendered":"<p>\u200b<span class=\"relative -mx-px my-[-0.2rem] rounded px-px py-[0.2rem]\">FATEK FBs-232P0-9FR-200 je komunikacioni kabl dizajniran za povezivanje Port 0 (RS232) glavne jedinice FATEK FBs serije PLC-a sa standardnim DB9 mu\u0161kim konektorom.<\/span> <span class=\"relative -mx-px my-[-0.2rem] rounded px-px py-[0.2rem]\">Ovaj kabl omogu\u0107ava pouzdanu serijsku komunikaciju izme\u0111u PLC-a i drugih ure\u0111aja HMI ili ra\u010dunara, \u0161to je klju\u010dno za programiranje i prenos podataka.<\/span> <span class=\"relative -mx-px my-[-0.2rem] rounded px-px py-[0.2rem]\">Du\u017eina kabla je 200 cm, \u0161to pru\u017ea dodatnu fleksibilnost u postavljanju i povezivanju ure\u0111aja.<\/span><\/p>","protected":false},"excerpt":{"rendered":"<p>\u200b<span class=\"relative -mx-px my-[-0.2rem] rounded px-px py-[0.2rem]\">FATEK FBs-232P0-9FR-200 je komunikacioni kabl dizajniran za povezivanje Port 0 (RS232) glavne jedinice FATEK FBs serije PLC-a sa standardnim DB9 mu\u0161kim konektorom.<\/span><\/p>","protected":false},"featured_media":29067,"template":"","meta":[],"product_brand":[111],"product_cat":[108],"product_tag":[],"class_list":{"0":"post-29066","1":"product","2":"type-product","3":"status-publish","4":"has-post-thumbnail","6":"product_brand-fatek","7":"product_cat-kablovi-za-programiranje","9":"first","10":"instock","11":"taxable","12":"shipping-taxable","13":"purchasable","14":"product-type-simple"},"_links":{"self":[{"href":"https:\/\/gliki.at\/en\/wp-json\/wp\/v2\/product\/29066","targetHints":{"allow":["GET"]}}],"collection":[{"href":"https:\/\/gliki.at\/en\/wp-json\/wp\/v2\/product"}],"about":[{"href":"https:\/\/gliki.at\/en\/wp-json\/wp\/v2\/types\/product"}],"version-history":[{"count":2,"href":"https:\/\/gliki.at\/en\/wp-json\/wp\/v2\/product\/29066\/revisions"}],"predecessor-version":[{"id":34200,"href":"https:\/\/gliki.at\/en\/wp-json\/wp\/v2\/product\/29066\/revisions\/34200"}],"wp:featuredmedia":[{"embeddable":true,"href":"https:\/\/gliki.at\/en\/wp-json\/wp\/v2\/media\/29067"}],"wp:attachment":[{"href":"https:\/\/gliki.at\/en\/wp-json\/wp\/v2\/media?parent=29066"}],"wp:term":[{"taxonomy":"product_brand","embeddable":true,"href":"https:\/\/gliki.at\/en\/wp-json\/wp\/v2\/product_brand?post=29066"},{"taxonomy":"product_cat","embeddable":true,"href":"https:\/\/gliki.at\/en\/wp-json\/wp\/v2\/product_cat?post=29066"},{"taxonomy":"product_tag","embeddable":true,"href":"https:\/\/gliki.at\/en\/wp-json\/wp\/v2\/product_tag?post=29066"}],"curies":[{"name":"wp","href":"https:\/\/api.w.org\/{rel}","templated":true}]}}