{"id":29091,"date":"2025-03-29T13:09:01","date_gmt":"2025-03-29T12:09:01","guid":{"rendered":"https:\/\/gliki.at\/?post_type=product&#038;p=29091"},"modified":"2025-07-30T12:09:32","modified_gmt":"2025-07-30T10:09:32","slug":"fatek-fbs-8xyj","status":"publish","type":"product","link":"https:\/\/gliki.at\/en\/shop\/plc-kontroleri\/periferije\/fatek-fbs-8xyj\/","title":{"rendered":"FATEK FBs-8XYJ- modul za pro\u0161irenje"},"content":{"rendered":"<p>FATEK FBs-8XYJ je digitalni pro\u0161irivni modul za FBs seriju programabilnih logi\u010dkih kontrolera (PLC). Obezbe\u0111uje 4 digitalna ulaza i 4 digitalna izlaza tipa PNP tranzistor. Ovaj modul je namenjen za pro\u0161irenje glavne FBs PLC jedinice sa desne strane.<\/p>","protected":false},"excerpt":{"rendered":"<p>FATEK FBs-8XYJ je digitalni pro\u0161irivni modul za FBs PLC seriju, koji nudi 4 digitalna ulaza i 4 PNP tranzistorska izlaza. Namenjen je za pro\u0161irenje glavne jedinice sa desne strane.<\/p>","protected":false},"featured_media":29092,"template":"","meta":[],"product_brand":[111],"product_cat":[43,95],"product_tag":[],"class_list":{"0":"post-29091","1":"product","2":"type-product","3":"status-publish","4":"has-post-thumbnail","6":"product_brand-fatek","7":"product_cat-plc-kontroleri","8":"product_cat-periferije","10":"first","11":"instock","12":"taxable","13":"shipping-taxable","14":"purchasable","15":"product-type-simple"},"_links":{"self":[{"href":"https:\/\/gliki.at\/en\/wp-json\/wp\/v2\/product\/29091","targetHints":{"allow":["GET"]}}],"collection":[{"href":"https:\/\/gliki.at\/en\/wp-json\/wp\/v2\/product"}],"about":[{"href":"https:\/\/gliki.at\/en\/wp-json\/wp\/v2\/types\/product"}],"version-history":[{"count":3,"href":"https:\/\/gliki.at\/en\/wp-json\/wp\/v2\/product\/29091\/revisions"}],"predecessor-version":[{"id":33027,"href":"https:\/\/gliki.at\/en\/wp-json\/wp\/v2\/product\/29091\/revisions\/33027"}],"wp:featuredmedia":[{"embeddable":true,"href":"https:\/\/gliki.at\/en\/wp-json\/wp\/v2\/media\/29092"}],"wp:attachment":[{"href":"https:\/\/gliki.at\/en\/wp-json\/wp\/v2\/media?parent=29091"}],"wp:term":[{"taxonomy":"product_brand","embeddable":true,"href":"https:\/\/gliki.at\/en\/wp-json\/wp\/v2\/product_brand?post=29091"},{"taxonomy":"product_cat","embeddable":true,"href":"https:\/\/gliki.at\/en\/wp-json\/wp\/v2\/product_cat?post=29091"},{"taxonomy":"product_tag","embeddable":true,"href":"https:\/\/gliki.at\/en\/wp-json\/wp\/v2\/product_tag?post=29091"}],"curies":[{"name":"wp","href":"https:\/\/api.w.org\/{rel}","templated":true}]}}