{"id":29132,"date":"2025-03-29T14:10:56","date_gmt":"2025-03-29T13:10:56","guid":{"rendered":"https:\/\/gliki.at\/?post_type=product&#038;p=29132"},"modified":"2025-07-30T12:55:19","modified_gmt":"2025-07-30T10:55:19","slug":"fatek-fbs-40xyj","status":"publish","type":"product","link":"https:\/\/gliki.at\/en\/shop\/plc-kontroleri\/periferije\/fatek-fbs-40xyj\/","title":{"rendered":"FATEK FBs-40XYJ"},"content":{"rendered":"<p class=\"\" data-start=\"0\" data-end=\"126\"><span class=\"relative -mx-px my-[-0.2rem] rounded px-px py-[0.2rem]\"><strong data-start=\"0\" data-end=\"19\" data-is-only-node=\"\">FATEK FBs-40XYJ<\/strong> je ekspanzioni modul za programabilni logi\u010dki kontroler (PLC) iz FBs serije, koji omogu\u0107ava pro\u0161irenje broja digitalnih ulaza i izlaza u industrijskim automatizacionim sistemima.<\/span><\/p>\n<p data-start=\"0\" data-end=\"126\">FATEK FBs-40XYJ je digitalni pro\u0161irivni modul za PLC-ove iz FATEK FBs serije. Ima 24 digitalna ulaza (NPN\/PNP) i 16 PNP tranzistorskih izlaza. Modul je namenjen za pro\u0161irenje sa desne strane i napaja se na 24VDC. Karakteri\u0161e ga kompaktan dizajn sa dimenzijama 90 x 130 x 80 mm.<\/p>","protected":false},"excerpt":{"rendered":"<p><span class=\"relative -mx-px my-[-0.2rem] rounded px-px py-[0.2rem]\"><strong data-start=\"0\" data-end=\"19\" data-is-only-node=\"\">FATEK FBs-40XYJ<\/strong> je ekspanzioni modul za programabilni logi\u010dki kontroler (PLC) iz FBs serije, koji omogu\u0107ava pro\u0161irenje broja digitalnih ulaza i izlaza u industrijskim automatizacionim sistemima.<\/span> <span class=\"relative -mx-px my-[-0.2rem] rounded px-px py-[0.2rem]\">Ovaj modul pru\u017ea 24 digitalna ulaza i 16 digitalnih izlaza, \u010dime se pove\u0107ava fleksibilnost i kapacitet postoje\u0107eg PLC sistema.<\/span><\/p>","protected":false},"featured_media":29133,"template":"","meta":[],"product_brand":[111],"product_cat":[43,95],"product_tag":[],"class_list":{"0":"post-29132","1":"product","2":"type-product","3":"status-publish","4":"has-post-thumbnail","6":"product_brand-fatek","7":"product_cat-plc-kontroleri","8":"product_cat-periferije","10":"first","11":"instock","12":"taxable","13":"shipping-taxable","14":"purchasable","15":"product-type-simple"},"_links":{"self":[{"href":"https:\/\/gliki.at\/en\/wp-json\/wp\/v2\/product\/29132","targetHints":{"allow":["GET"]}}],"collection":[{"href":"https:\/\/gliki.at\/en\/wp-json\/wp\/v2\/product"}],"about":[{"href":"https:\/\/gliki.at\/en\/wp-json\/wp\/v2\/types\/product"}],"version-history":[{"count":3,"href":"https:\/\/gliki.at\/en\/wp-json\/wp\/v2\/product\/29132\/revisions"}],"predecessor-version":[{"id":33043,"href":"https:\/\/gliki.at\/en\/wp-json\/wp\/v2\/product\/29132\/revisions\/33043"}],"wp:featuredmedia":[{"embeddable":true,"href":"https:\/\/gliki.at\/en\/wp-json\/wp\/v2\/media\/29133"}],"wp:attachment":[{"href":"https:\/\/gliki.at\/en\/wp-json\/wp\/v2\/media?parent=29132"}],"wp:term":[{"taxonomy":"product_brand","embeddable":true,"href":"https:\/\/gliki.at\/en\/wp-json\/wp\/v2\/product_brand?post=29132"},{"taxonomy":"product_cat","embeddable":true,"href":"https:\/\/gliki.at\/en\/wp-json\/wp\/v2\/product_cat?post=29132"},{"taxonomy":"product_tag","embeddable":true,"href":"https:\/\/gliki.at\/en\/wp-json\/wp\/v2\/product_tag?post=29132"}],"curies":[{"name":"wp","href":"https:\/\/api.w.org\/{rel}","templated":true}]}}