{"id":29138,"date":"2025-03-29T14:20:53","date_gmt":"2025-03-29T13:20:53","guid":{"rendered":"https:\/\/gliki.at\/?post_type=product&#038;p=29138"},"modified":"2025-07-30T12:57:15","modified_gmt":"2025-07-30T10:57:15","slug":"fatek-fbs-32maj2-d24","status":"publish","type":"product","link":"https:\/\/gliki.at\/en\/shop\/plc-kontroleri\/cpu\/fatek-fbs-32maj2-d24\/","title":{"rendered":"FATEK FBs-32MAJ2-D24"},"content":{"rendered":"<p class=\"\" data-start=\"0\" data-end=\"126\">\u200b<span class=\"relative -mx-px my-[-0.2rem] rounded px-px py-[0.2rem]\"><strong data-start=\"0\" data-end=\"24\" data-is-only-node=\"\">FATEK FBs-32MAJ2-D24<\/strong> je programabilni logi\u010dki kontroler (PLC) iz FBs serije, namenjen za industrijsku automatizaciju koja zahteva ve\u0107i broj digitalnih ulaza i izlaza.<\/span> <span class=\"relative -mx-px my-[-0.2rem] rounded px-px py-[0.2rem]\">Ovaj model pru\u017ea 20 digitalnih ulaza i 12 digitalnih izlaza, omogu\u0107avaju\u0107i efikasno upravljanje slo\u017eenim procesima i ure\u0111ajima.<\/span>\u200b<\/p>\n<p class=\"\" data-start=\"1454\" data-end=\"1539\">Osnovni industrijski PLC sa 20 digitalnih ulaza, 12 PNP tranzistorskih izlaza i RS-232 komunikacionim portom. Napajanje 24VDC i integrisan real-time sat.<\/p>","protected":false},"excerpt":{"rendered":"<p>\u200b<span class=\"relative -mx-px my-[-0.2rem] rounded px-px py-[0.2rem]\"><strong data-start=\"0\" data-end=\"24\" data-is-only-node=\"\">FATEK FBs-32MAJ2-D24<\/strong> je programabilni logi\u010dki kontroler (PLC) iz FBs serije, namenjen za industrijsku automatizaciju koja zahteva ve\u0107i broj digitalnih ulaza i izlaza.<\/span> <span class=\"relative -mx-px my-[-0.2rem] rounded px-px py-[0.2rem]\">Ovaj model pru\u017ea 20 digitalnih ulaza i 12 digitalnih izlaza, omogu\u0107avaju\u0107i efikasno upravljanje slo\u017eenim procesima i ure\u0111ajima.<\/span><\/p>","protected":false},"featured_media":29139,"template":"","meta":[],"product_brand":[111],"product_cat":[43,94],"product_tag":[],"class_list":{"0":"post-29138","1":"product","2":"type-product","3":"status-publish","4":"has-post-thumbnail","6":"product_brand-fatek","7":"product_cat-plc-kontroleri","8":"product_cat-cpu","10":"first","11":"instock","12":"taxable","13":"shipping-taxable","14":"purchasable","15":"product-type-simple"},"_links":{"self":[{"href":"https:\/\/gliki.at\/en\/wp-json\/wp\/v2\/product\/29138","targetHints":{"allow":["GET"]}}],"collection":[{"href":"https:\/\/gliki.at\/en\/wp-json\/wp\/v2\/product"}],"about":[{"href":"https:\/\/gliki.at\/en\/wp-json\/wp\/v2\/types\/product"}],"version-history":[{"count":3,"href":"https:\/\/gliki.at\/en\/wp-json\/wp\/v2\/product\/29138\/revisions"}],"predecessor-version":[{"id":33045,"href":"https:\/\/gliki.at\/en\/wp-json\/wp\/v2\/product\/29138\/revisions\/33045"}],"wp:featuredmedia":[{"embeddable":true,"href":"https:\/\/gliki.at\/en\/wp-json\/wp\/v2\/media\/29139"}],"wp:attachment":[{"href":"https:\/\/gliki.at\/en\/wp-json\/wp\/v2\/media?parent=29138"}],"wp:term":[{"taxonomy":"product_brand","embeddable":true,"href":"https:\/\/gliki.at\/en\/wp-json\/wp\/v2\/product_brand?post=29138"},{"taxonomy":"product_cat","embeddable":true,"href":"https:\/\/gliki.at\/en\/wp-json\/wp\/v2\/product_cat?post=29138"},{"taxonomy":"product_tag","embeddable":true,"href":"https:\/\/gliki.at\/en\/wp-json\/wp\/v2\/product_tag?post=29138"}],"curies":[{"name":"wp","href":"https:\/\/api.w.org\/{rel}","templated":true}]}}