{"id":29187,"date":"2025-03-30T03:25:49","date_gmt":"2025-03-30T01:25:49","guid":{"rendered":"https:\/\/gliki.at\/?post_type=product&#038;p=29187"},"modified":"2025-05-16T09:31:58","modified_gmt":"2025-05-16T07:31:58","slug":"fatek-fbs-b4ad","status":"publish","type":"product","link":"https:\/\/gliki.at\/en\/shop\/plc-kontroleri\/periferije\/fatek-fbs-b4ad\/","title":{"rendered":"FATEK FBs-B4AD"},"content":{"rendered":"<p>&nbsp;<\/p>\n<p>FBs-B4AD omogu\u0107ava FATEK PLC-ovima da primaju i obra\u0111uju do 4 analogna ulaza, \u010dime se omogu\u0107ava precizno merenje naponskih i strujnih signala iz razli\u010ditih senzora i ure\u0111aja. Modul je idealan za aplikacije poput kontrole temperature, pritiska, protoka i drugih industrijskih parametara.<\/p>\n<p>Klju\u010dne karakteristike:<br \/>\nBroj analognih ulaza: 4.<\/p>\n<p>Podr\u017eani signali: 0-10V DC, 4-20mA.<\/p>\n<p>Kompatibilnost: Podr\u017eava FATEK FBs seriju PLC ure\u0111aja.<\/p>\n<p>Visoka rezolucija i ta\u010dnost u merenju.<\/p>\n<p>Pogodan za industrijske aplikacije koje zahtevaju preciznu akviziciju podataka.<\/p>\n<p>Zaklju\u010dak:<br \/>\nFBs-B4AD je pouzdan analogni ulazni modul koji omogu\u0107ava FATEK PLC sistemima da precizno obra\u0111uju analogne signale, \u010dine\u0107i ga idealnim za industrijske procese koji zahtevaju precizno merenje i kontrolu.<\/p>","protected":false},"excerpt":{"rendered":"<p>FBs-B4AD je analogni ulazni modul za FATEK FBs seriju PLC ure\u0111aja, dizajniran za precizno o\u010ditavanje analognih signala u industrijskim automatizovanim sistemima.<\/p>","protected":false},"featured_media":30375,"template":"","meta":[],"product_brand":[111],"product_cat":[43,95],"product_tag":[],"class_list":{"0":"post-29187","1":"product","2":"type-product","3":"status-publish","4":"has-post-thumbnail","6":"product_brand-fatek","7":"product_cat-plc-kontroleri","8":"product_cat-periferije","10":"first","11":"instock","12":"taxable","13":"shipping-taxable","14":"purchasable","15":"product-type-simple"},"_links":{"self":[{"href":"https:\/\/gliki.at\/en\/wp-json\/wp\/v2\/product\/29187","targetHints":{"allow":["GET"]}}],"collection":[{"href":"https:\/\/gliki.at\/en\/wp-json\/wp\/v2\/product"}],"about":[{"href":"https:\/\/gliki.at\/en\/wp-json\/wp\/v2\/types\/product"}],"version-history":[{"count":1,"href":"https:\/\/gliki.at\/en\/wp-json\/wp\/v2\/product\/29187\/revisions"}],"predecessor-version":[{"id":29191,"href":"https:\/\/gliki.at\/en\/wp-json\/wp\/v2\/product\/29187\/revisions\/29191"}],"wp:featuredmedia":[{"embeddable":true,"href":"https:\/\/gliki.at\/en\/wp-json\/wp\/v2\/media\/30375"}],"wp:attachment":[{"href":"https:\/\/gliki.at\/en\/wp-json\/wp\/v2\/media?parent=29187"}],"wp:term":[{"taxonomy":"product_brand","embeddable":true,"href":"https:\/\/gliki.at\/en\/wp-json\/wp\/v2\/product_brand?post=29187"},{"taxonomy":"product_cat","embeddable":true,"href":"https:\/\/gliki.at\/en\/wp-json\/wp\/v2\/product_cat?post=29187"},{"taxonomy":"product_tag","embeddable":true,"href":"https:\/\/gliki.at\/en\/wp-json\/wp\/v2\/product_tag?post=29187"}],"curies":[{"name":"wp","href":"https:\/\/api.w.org\/{rel}","templated":true}]}}