{"id":29214,"date":"2025-04-14T15:50:16","date_gmt":"2025-04-14T13:50:16","guid":{"rendered":"https:\/\/gliki.at\/?post_type=product&#038;p=29214"},"modified":"2025-07-30T14:10:47","modified_gmt":"2025-07-30T12:10:47","slug":"fbs-16xyr","status":"publish","type":"product","link":"https:\/\/gliki.at\/en\/shop\/plc-kontroleri\/periferije\/fbs-16xyr\/","title":{"rendered":"FATEK FBs-16XYR"},"content":{"rendered":"<p>&nbsp;<\/p>\n<p>FBs-16XYR omogu\u0107ava pro\u0161irenje FATEK PLC sistema sa dodatnih 8 digitalnih ulaza (24V DC) i 8 relejnih izlaza, koji su pogodni za kontrolu \u0161irokog spektra ure\u0111aja \u2013 od indikatora i ventila do motornih kontaktora. Relejni izlazi omogu\u0107avaju direktno upravljanje AC i DC potro\u0161a\u010dima, bez potrebe za dodatnim drajverima, \u0161to ga \u010dini izuzetno prakti\u010dnim za razli\u010dite vrste industrijskih postrojenja.<\/p>\n<p>Klju\u010dne karakteristike:<br \/>\nDigitalni ulazi: 8 ta\u010daka (24V DC).<\/p>\n<p>Digitalni izlazi: 8 relejnih ta\u010daka.<\/p>\n<p>Tip modula: Kombinovani I\/O ekspanzioni modul.<\/p>\n<p>Kompatibilnost: Podr\u017eava FATEK FBs seriju PLC ure\u0111aja.<\/p>\n<p>Fleksibilno upravljanje AC i DC ure\u0111ajima.<\/p>\n<p>Idealno re\u0161enje za razli\u010dite automatizovane sisteme.<\/p>\n<p>FBs-16XYR je svestran i pouzdan modul koji kombinuje digitalne ulaze i relejne izlaze, pru\u017eaju\u0107i FATEK PLC sistemima dodatnu fleksibilnost i funkcionalnost u upravljanju industrijskim procesima.<\/p>","protected":false},"excerpt":{"rendered":"<p>FBs-16XYR je kombinovani digitalni ulazno\/izlazni ekspanzioni modul za FATEK FBs seriju PLC ure\u0111aja, sa 8 digitalnih ulaza i 8 relejnih izlaza, namenjen za univerzalne aplikacije u industrijskoj automatizaciji.<\/p>","protected":false},"featured_media":29215,"template":"","meta":[],"product_brand":[111],"product_cat":[43,95],"product_tag":[],"class_list":{"0":"post-29214","1":"product","2":"type-product","3":"status-publish","4":"has-post-thumbnail","6":"product_brand-fatek","7":"product_cat-plc-kontroleri","8":"product_cat-periferije","10":"first","11":"instock","12":"taxable","13":"shipping-taxable","14":"purchasable","15":"product-type-simple"},"_links":{"self":[{"href":"https:\/\/gliki.at\/en\/wp-json\/wp\/v2\/product\/29214","targetHints":{"allow":["GET"]}}],"collection":[{"href":"https:\/\/gliki.at\/en\/wp-json\/wp\/v2\/product"}],"about":[{"href":"https:\/\/gliki.at\/en\/wp-json\/wp\/v2\/types\/product"}],"version-history":[{"count":4,"href":"https:\/\/gliki.at\/en\/wp-json\/wp\/v2\/product\/29214\/revisions"}],"predecessor-version":[{"id":33068,"href":"https:\/\/gliki.at\/en\/wp-json\/wp\/v2\/product\/29214\/revisions\/33068"}],"wp:featuredmedia":[{"embeddable":true,"href":"https:\/\/gliki.at\/en\/wp-json\/wp\/v2\/media\/29215"}],"wp:attachment":[{"href":"https:\/\/gliki.at\/en\/wp-json\/wp\/v2\/media?parent=29214"}],"wp:term":[{"taxonomy":"product_brand","embeddable":true,"href":"https:\/\/gliki.at\/en\/wp-json\/wp\/v2\/product_brand?post=29214"},{"taxonomy":"product_cat","embeddable":true,"href":"https:\/\/gliki.at\/en\/wp-json\/wp\/v2\/product_cat?post=29214"},{"taxonomy":"product_tag","embeddable":true,"href":"https:\/\/gliki.at\/en\/wp-json\/wp\/v2\/product_tag?post=29214"}],"curies":[{"name":"wp","href":"https:\/\/api.w.org\/{rel}","templated":true}]}}